{"id":816,"date":"2018-09-29T13:36:02","date_gmt":"2018-09-29T13:36:02","guid":{"rendered":"https:\/\/dev6.buchanan-solutions.com\/draft\/?page_id=816"},"modified":"2021-06-24T13:21:12","modified_gmt":"2021-06-24T13:21:12","slug":"raiteas-mhisean-an-disirt","status":"publish","type":"page","link":"https:\/\/diseart.ie\/ga\/raiteas-mhisean-an-disirt\/","title":{"rendered":"Raiteas Mhisean an D\u00edsirt"},"content":{"rendered":"\t\t<div data-elementor-type=\"wp-page\" data-elementor-id=\"816\" class=\"elementor elementor-816 elementor-8\" data-elementor-post-type=\"page\">\n\t\t\t\t\t\t<section class=\"elementor-section elementor-top-section elementor-element elementor-element-59da24b elementor-section-boxed elementor-section-height-default elementor-section-height-default\" data-id=\"59da24b\" data-element_type=\"section\">\n\t\t\t\t\t\t<div class=\"elementor-container elementor-column-gap-default\">\n\t\t\t\t\t<div class=\"elementor-column elementor-col-100 elementor-top-column elementor-element elementor-element-590d4514\" data-id=\"590d4514\" data-element_type=\"column\">\n\t\t\t<div class=\"elementor-widget-wrap elementor-element-populated\">\n\t\t\t\t\t\t<div class=\"elementor-element elementor-element-2a9d221e elementor-widget elementor-widget-text-editor\" data-id=\"2a9d221e\" data-element_type=\"widget\" data-widget_type=\"text-editor.default\">\n\t\t\t\t<div class=\"elementor-widget-container\">\n\t\t\t\t\t\t\t\t\t<p>Feidhm\u00edonn An D\u00edseart mar ionad do phobal br\u00edomhar a chuireann an Cult\u00far agus an Spiorad\u00e1ltacht Cheilteach chun cinn mar dhl\u00fathchuid d\u2019\u00e1r n-oidhreacht \u00e1iti\u00fail. T<span style=\"font-size: 14px; color: var( --e-global-color-text );\">\u00e1 s\u00e9 lonnaithe sa Daingean i sean Chlochar na Toirbhearta.\u00a0<\/span><\/p><p><span style=\"font-size: 14px; color: var( --e-global-color-text );\">\u00d3 cuireadh An D\u00edseart ar bun i 1996, d\u2019fhorbair s\u00e9 mar ionad taighde ar gach gn\u00e9 den Spiorad\u00e1ltacht \u00c9ireannach agus den Chult\u00far Ceilteach, ina measc an diagacht, teanga, litr\u00edocht, eala\u00edn, dlithe, b\u00e9aloideas, luachanna, spiorad\u00e1ltacht, stair, ceol, seand\u00e1la\u00edocht agus n\u00f3sanna. B\u2019\u00e9 Msgr. P\u00e1draig \u00d3 Fiannachta, tr\u00f3caire air, a bh\u00ed ina cheann air agus t\u00e1 ceangal ag An nD\u00edseart lena chnuasach luachmhar l\u00e1mhscr\u00edbhinn\u00ed agus leabhar at\u00e1 i dtaisce i Leabharlann an Daingin.\u00a0<\/span><\/p><p><span style=\"font-size: 14px; color: var( --e-global-color-text );\">Le taca\u00edocht Shi\u00faracha na Toirbhearta t\u00e1 An D\u00edseart \u00e1 sti\u00faradh ag bord deonach a thugann aire don fhoirgneamh agus d\u00e1 thailte is a dhe\u00e1nann iad a chothabh\u00e1il. T\u00e1 an t-ionad ar f\u00e1il don phobal le haghaidh gn\u00edomhachta\u00ed spiorad\u00e1lta, eala\u00edonta, cult\u00fartha agus Gaelacha agus is \u00e1it \u00e9 gur feidir le daoine a mbuanna a thabhairt i l\u00e1r an aonaigh agus iad a roinnt. Eagra\u00edonn An D\u00edseart f\u00e9in imeachta\u00ed cult\u00fartha, spiorad\u00e1lta agus oidhreachta i rith na bliana agus t\u00e1 na gaird\u00edn\u00ed ar f\u00e1il le haghaidh picnic\u00ed, teacht le ch\u00e9ile cult\u00fartha n\u00f3 paidreoireacht phr\u00edobh\u00e1ideach agus machnamh.<\/span><\/p>\t\t\t\t\t\t\t\t<\/div>\n\t\t\t\t<\/div>\n\t\t\t\t\t<\/div>\n\t\t<\/div>\n\t\t\t\t\t<\/div>\n\t\t<\/section>\n\t\t\t\t<section class=\"elementor-section elementor-top-section elementor-element elementor-element-3526c7c elementor-section-boxed elementor-section-height-default elementor-section-height-default\" data-id=\"3526c7c\" data-element_type=\"section\">\n\t\t\t\t\t\t<div class=\"elementor-container elementor-column-gap-default\">\n\t\t\t\t\t<div class=\"elementor-column elementor-col-33 elementor-top-column elementor-element elementor-element-82e32ba\" data-id=\"82e32ba\" data-element_type=\"column\">\n\t\t\t<div class=\"elementor-widget-wrap elementor-element-populated\">\n\t\t\t\t\t\t<div class=\"elementor-element elementor-element-4341052 elementor-widget elementor-widget-image\" data-id=\"4341052\" data-element_type=\"widget\" data-widget_type=\"image.default\">\n\t\t\t\t<div class=\"elementor-widget-container\">\n\t\t\t\t\t\t\t\t\t\t\t\t\t\t\t<img fetchpriority=\"high\" decoding=\"async\" width=\"1024\" height=\"683\" src=\"https:\/\/diseart.ie\/wp-content\/uploads\/2021\/06\/Feile-na-Bealtaine.Photos-Fiona-Morgan.210-1024x683.jpg\" class=\"attachment-large size-large wp-image-1522\" alt=\"Cormac Begley agus Diarmuid Lyng sa ghairdin\" srcset=\"https:\/\/diseart.ie\/wp-content\/uploads\/2021\/06\/Feile-na-Bealtaine.Photos-Fiona-Morgan.210-1024x683.jpg 1024w, https:\/\/diseart.ie\/wp-content\/uploads\/2021\/06\/Feile-na-Bealtaine.Photos-Fiona-Morgan.210-300x200.jpg 300w, https:\/\/diseart.ie\/wp-content\/uploads\/2021\/06\/Feile-na-Bealtaine.Photos-Fiona-Morgan.210-768x512.jpg 768w, https:\/\/diseart.ie\/wp-content\/uploads\/2021\/06\/Feile-na-Bealtaine.Photos-Fiona-Morgan.210.jpg 1080w\" sizes=\"(max-width: 1024px) 100vw, 1024px\" \/>\t\t\t\t\t\t\t\t\t\t\t\t\t\t\t<\/div>\n\t\t\t\t<\/div>\n\t\t\t\t\t<\/div>\n\t\t<\/div>\n\t\t\t\t<div class=\"elementor-column elementor-col-33 elementor-top-column elementor-element elementor-element-f88d5c9\" data-id=\"f88d5c9\" data-element_type=\"column\">\n\t\t\t<div class=\"elementor-widget-wrap elementor-element-populated\">\n\t\t\t\t\t\t<div class=\"elementor-element elementor-element-2b7132f elementor-widget elementor-widget-image\" data-id=\"2b7132f\" data-element_type=\"widget\" data-widget_type=\"image.default\">\n\t\t\t\t<div class=\"elementor-widget-container\">\n\t\t\t\t\t\t\t\t\t\t\t\t\t\t\t<img decoding=\"async\" width=\"1024\" height=\"683\" src=\"https:\/\/diseart.ie\/wp-content\/uploads\/2021\/06\/eduignan2-1024x683.jpg\" class=\"attachment-large size-large wp-image-1488\" alt=\"Clann sa ghaird\u00edn\" srcset=\"https:\/\/diseart.ie\/wp-content\/uploads\/2021\/06\/eduignan2-1024x683.jpg 1024w, https:\/\/diseart.ie\/wp-content\/uploads\/2021\/06\/eduignan2-300x200.jpg 300w, https:\/\/diseart.ie\/wp-content\/uploads\/2021\/06\/eduignan2-768x512.jpg 768w, https:\/\/diseart.ie\/wp-content\/uploads\/2021\/06\/eduignan2.jpg 1080w\" sizes=\"(max-width: 1024px) 100vw, 1024px\" \/>\t\t\t\t\t\t\t\t\t\t\t\t\t\t\t<\/div>\n\t\t\t\t<\/div>\n\t\t\t\t\t<\/div>\n\t\t<\/div>\n\t\t\t\t<div class=\"elementor-column elementor-col-33 elementor-top-column elementor-element elementor-element-2c90f8a\" data-id=\"2c90f8a\" data-element_type=\"column\">\n\t\t\t<div class=\"elementor-widget-wrap elementor-element-populated\">\n\t\t\t\t\t\t<div class=\"elementor-element elementor-element-ffbf65f elementor-widget elementor-widget-image\" data-id=\"ffbf65f\" data-element_type=\"widget\" data-widget_type=\"image.default\">\n\t\t\t\t<div class=\"elementor-widget-container\">\n\t\t\t\t\t\t\t\t\t\t\t\t\t\t\t<img decoding=\"async\" width=\"1024\" height=\"683\" src=\"https:\/\/diseart.ie\/wp-content\/uploads\/2021\/06\/flags1-1024x683.jpg\" class=\"attachment-large size-large wp-image-1526\" alt=\"Braiteacha sa D\u00edseart\" srcset=\"https:\/\/diseart.ie\/wp-content\/uploads\/2021\/06\/flags1-1024x683.jpg 1024w, https:\/\/diseart.ie\/wp-content\/uploads\/2021\/06\/flags1-300x200.jpg 300w, https:\/\/diseart.ie\/wp-content\/uploads\/2021\/06\/flags1-768x512.jpg 768w, https:\/\/diseart.ie\/wp-content\/uploads\/2021\/06\/flags1.jpg 1080w\" sizes=\"(max-width: 1024px) 100vw, 1024px\" \/>\t\t\t\t\t\t\t\t\t\t\t\t\t\t\t<\/div>\n\t\t\t\t<\/div>\n\t\t\t\t\t<\/div>\n\t\t<\/div>\n\t\t\t\t\t<\/div>\n\t\t<\/section>\n\t\t\t\t<\/div>\n\t\t","protected":false},"excerpt":{"rendered":"<p>Feidhm\u00edonn An D\u00edseart mar ionad do phobal br\u00edomhar a chuireann an Cult\u00far agus an Spiorad\u00e1ltacht Cheilteach chun cinn mar dhl\u00fathchuid d\u2019\u00e1r n-oidhreacht \u00e1iti\u00fail. T\u00e1 s\u00e9 lonnaithe sa Daingean i sean Chlochar na Toirbhearta.\u00a0 \u00d3 cuireadh An D\u00edseart ar bun i 1996, d\u2019fhorbair s\u00e9 mar ionad taighde ar gach gn\u00e9 den Spiorad\u00e1ltacht \u00c9ireannach agus den Chult\u00far [&hellip;]<\/p>\n","protected":false},"author":4,"featured_media":0,"parent":0,"menu_order":0,"comment_status":"closed","ping_status":"closed","template":"","meta":{"om_disable_all_campaigns":false,"_monsterinsights_skip_tracking":false,"_monsterinsights_sitenote_active":false,"_monsterinsights_sitenote_note":"","_monsterinsights_sitenote_category":0,"_uf_show_specific_survey":0,"_uf_disable_surveys":false,"ocean_post_layout":"","ocean_both_sidebars_style":"","ocean_both_sidebars_content_width":0,"ocean_both_sidebars_sidebars_width":0,"ocean_sidebar":"0","ocean_second_sidebar":"0","ocean_disable_margins":"enable","ocean_add_body_class":"","ocean_shortcode_before_top_bar":"","ocean_shortcode_after_top_bar":"","ocean_shortcode_before_header":"","ocean_shortcode_after_header":"","ocean_has_shortcode":"","ocean_shortcode_after_title":"","ocean_shortcode_before_footer_widgets":"","ocean_shortcode_after_footer_widgets":"","ocean_shortcode_before_footer_bottom":"","ocean_shortcode_after_footer_bottom":"","ocean_display_top_bar":"default","ocean_display_header":"default","ocean_header_style":"","ocean_center_header_left_menu":"0","ocean_custom_header_template":"0","ocean_custom_logo":0,"ocean_custom_retina_logo":0,"ocean_custom_logo_max_width":0,"ocean_custom_logo_tablet_max_width":0,"ocean_custom_logo_mobile_max_width":0,"ocean_custom_logo_max_height":0,"ocean_custom_logo_tablet_max_height":0,"ocean_custom_logo_mobile_max_height":0,"ocean_header_custom_menu":"0","ocean_menu_typo_font_family":"0","ocean_menu_typo_font_subset":"","ocean_menu_typo_font_size":0,"ocean_menu_typo_font_size_tablet":0,"ocean_menu_typo_font_size_mobile":0,"ocean_menu_typo_font_size_unit":"px","ocean_menu_typo_font_weight":"","ocean_menu_typo_font_weight_tablet":"","ocean_menu_typo_font_weight_mobile":"","ocean_menu_typo_transform":"","ocean_menu_typo_transform_tablet":"","ocean_menu_typo_transform_mobile":"","ocean_menu_typo_line_height":0,"ocean_menu_typo_line_height_tablet":0,"ocean_menu_typo_line_height_mobile":0,"ocean_menu_typo_line_height_unit":"","ocean_menu_typo_spacing":0,"ocean_menu_typo_spacing_tablet":0,"ocean_menu_typo_spacing_mobile":0,"ocean_menu_typo_spacing_unit":"","ocean_menu_link_color":"","ocean_menu_link_color_hover":"","ocean_menu_link_color_active":"","ocean_menu_link_background":"","ocean_menu_link_hover_background":"","ocean_menu_link_active_background":"","ocean_menu_social_links_bg":"","ocean_menu_social_hover_links_bg":"","ocean_menu_social_links_color":"","ocean_menu_social_hover_links_color":"","ocean_disable_title":"default","ocean_disable_heading":"default","ocean_post_title":"","ocean_post_subheading":"","ocean_post_title_style":"","ocean_post_title_background_color":"","ocean_post_title_background":0,"ocean_post_title_bg_image_position":"","ocean_post_title_bg_image_attachment":"","ocean_post_title_bg_image_repeat":"","ocean_post_title_bg_image_size":"","ocean_post_title_height":0,"ocean_post_title_bg_overlay":0.5,"ocean_post_title_bg_overlay_color":"","ocean_disable_breadcrumbs":"default","ocean_breadcrumbs_color":"","ocean_breadcrumbs_separator_color":"","ocean_breadcrumbs_links_color":"","ocean_breadcrumbs_links_hover_color":"","ocean_display_footer_widgets":"default","ocean_display_footer_bottom":"default","ocean_custom_footer_template":"0","footnotes":""},"class_list":["post-816","page","type-page","status-publish","hentry","entry","owp-thumbs-layout-horizontal","owp-btn-normal","owp-tabs-layout-horizontal","has-no-thumbnails","has-product-nav"],"aioseo_notices":[],"yoast_head":"<!-- This site is optimized with the Yoast SEO plugin v26.4 - https:\/\/yoast.com\/wordpress\/plugins\/seo\/ -->\n<title>Raiteas Mhisean an D\u00edsirt - D\u00edseart Institute of Irish Spirituality and Culture in Dingle<\/title>\n<meta name=\"robots\" content=\"index, follow, max-snippet:-1, max-image-preview:large, max-video-preview:-1\" \/>\n<link rel=\"canonical\" href=\"https:\/\/diseart.ie\/ga\/raiteas-mhisean-an-disirt\/\" \/>\n<meta property=\"og:locale\" content=\"ga_IE\" \/>\n<meta property=\"og:type\" content=\"article\" \/>\n<meta property=\"og:title\" content=\"Raiteas Mhisean an D\u00edsirt - D\u00edseart Institute of Irish Spirituality and Culture in Dingle\" \/>\n<meta property=\"og:description\" content=\"Feidhm\u00edonn An D\u00edseart mar ionad do phobal br\u00edomhar a chuireann an Cult\u00far agus an Spiorad\u00e1ltacht Cheilteach chun cinn mar dhl\u00fathchuid d\u2019\u00e1r n-oidhreacht \u00e1iti\u00fail. T\u00e1 s\u00e9 lonnaithe sa Daingean i sean Chlochar na Toirbhearta.\u00a0 \u00d3 cuireadh An D\u00edseart ar bun i 1996, d\u2019fhorbair s\u00e9 mar ionad taighde ar gach gn\u00e9 den Spiorad\u00e1ltacht \u00c9ireannach agus den Chult\u00far [&hellip;]\" \/>\n<meta property=\"og:url\" content=\"https:\/\/diseart.ie\/ga\/raiteas-mhisean-an-disirt\/\" \/>\n<meta property=\"og:site_name\" content=\"D\u00edseart Institute of Irish Spirituality and Culture in Dingle\" \/>\n<meta property=\"article:publisher\" content=\"https:\/\/www.facebook.com\/An-D%c3%adseart-262189877130385\/?ref=br_rs\" \/>\n<meta property=\"article:modified_time\" content=\"2021-06-24T13:21:12+00:00\" \/>\n<meta property=\"og:image\" content=\"https:\/\/diseart.ie\/wp-content\/uploads\/2021\/06\/Feile-na-Bealtaine.Photos-Fiona-Morgan.210-1024x683.jpg\" \/>\n<meta name=\"twitter:card\" content=\"summary_large_image\" \/>\n<meta name=\"twitter:label1\" content=\"Est. reading time\" \/>\n\t<meta name=\"twitter:data1\" content=\"2 minutes\" \/>\n<script type=\"application\/ld+json\" class=\"yoast-schema-graph\">{\"@context\":\"https:\/\/schema.org\",\"@graph\":[{\"@type\":\"WebPage\",\"@id\":\"https:\/\/diseart.ie\/ga\/raiteas-mhisean-an-disirt\/\",\"url\":\"https:\/\/diseart.ie\/ga\/raiteas-mhisean-an-disirt\/\",\"name\":\"Raiteas Mhisean an D\u00edsirt - D\u00edseart Institute of Irish Spirituality and Culture in Dingle\",\"isPartOf\":{\"@id\":\"https:\/\/diseart.ie\/#website\"},\"primaryImageOfPage\":{\"@id\":\"https:\/\/diseart.ie\/ga\/raiteas-mhisean-an-disirt\/#primaryimage\"},\"image\":{\"@id\":\"https:\/\/diseart.ie\/ga\/raiteas-mhisean-an-disirt\/#primaryimage\"},\"thumbnailUrl\":\"https:\/\/diseart.ie\/wp-content\/uploads\/2021\/06\/Feile-na-Bealtaine.Photos-Fiona-Morgan.210-1024x683.jpg\",\"datePublished\":\"2018-09-29T13:36:02+00:00\",\"dateModified\":\"2021-06-24T13:21:12+00:00\",\"breadcrumb\":{\"@id\":\"https:\/\/diseart.ie\/ga\/raiteas-mhisean-an-disirt\/#breadcrumb\"},\"inLanguage\":\"ga-IE\",\"potentialAction\":[{\"@type\":\"ReadAction\",\"target\":[\"https:\/\/diseart.ie\/ga\/raiteas-mhisean-an-disirt\/\"]}]},{\"@type\":\"ImageObject\",\"inLanguage\":\"ga-IE\",\"@id\":\"https:\/\/diseart.ie\/ga\/raiteas-mhisean-an-disirt\/#primaryimage\",\"url\":\"https:\/\/diseart.ie\/wp-content\/uploads\/2021\/06\/Feile-na-Bealtaine.Photos-Fiona-Morgan.210-1024x683.jpg\",\"contentUrl\":\"https:\/\/diseart.ie\/wp-content\/uploads\/2021\/06\/Feile-na-Bealtaine.Photos-Fiona-Morgan.210-1024x683.jpg\"},{\"@type\":\"BreadcrumbList\",\"@id\":\"https:\/\/diseart.ie\/ga\/raiteas-mhisean-an-disirt\/#breadcrumb\",\"itemListElement\":[{\"@type\":\"ListItem\",\"position\":1,\"name\":\"Home\",\"item\":\"https:\/\/diseart.ie\/ga\/\"},{\"@type\":\"ListItem\",\"position\":2,\"name\":\"Raiteas Mhisean an D\u00edsirt\"}]},{\"@type\":\"WebSite\",\"@id\":\"https:\/\/diseart.ie\/#website\",\"url\":\"https:\/\/diseart.ie\/\",\"name\":\"D\u00edseart Institute of Irish Spirituality and Culture in Dingle\",\"description\":\"Dingle, Kerry, Ireland\",\"publisher\":{\"@id\":\"https:\/\/diseart.ie\/#organization\"},\"potentialAction\":[{\"@type\":\"SearchAction\",\"target\":{\"@type\":\"EntryPoint\",\"urlTemplate\":\"https:\/\/diseart.ie\/?s={search_term_string}\"},\"query-input\":{\"@type\":\"PropertyValueSpecification\",\"valueRequired\":true,\"valueName\":\"search_term_string\"}}],\"inLanguage\":\"ga-IE\"},{\"@type\":\"Organization\",\"@id\":\"https:\/\/diseart.ie\/#organization\",\"name\":\"D\u00edseart Centre of Irish Spirituality and Culture\",\"url\":\"https:\/\/diseart.ie\/\",\"logo\":{\"@type\":\"ImageObject\",\"inLanguage\":\"ga-IE\",\"@id\":\"https:\/\/diseart.ie\/#\/schema\/logo\/image\/\",\"url\":\"http:\/\/diseart.ie\/wp-content\/uploads\/2018\/06\/diseart-logo-v2.png\",\"contentUrl\":\"http:\/\/diseart.ie\/wp-content\/uploads\/2018\/06\/diseart-logo-v2.png\",\"width\":400,\"height\":150,\"caption\":\"D\u00edseart Centre of Irish Spirituality and Culture\"},\"image\":{\"@id\":\"https:\/\/diseart.ie\/#\/schema\/logo\/image\/\"},\"sameAs\":[\"https:\/\/www.facebook.com\/An-D\u00edseart-262189877130385\/?ref=br_rs\"]}]}<\/script>\n<!-- \/ Yoast SEO plugin. -->","yoast_head_json":{"title":"Raiteas Mhisean an D\u00edsirt - D\u00edseart Institute of Irish Spirituality and Culture in Dingle","robots":{"index":"index","follow":"follow","max-snippet":"max-snippet:-1","max-image-preview":"max-image-preview:large","max-video-preview":"max-video-preview:-1"},"canonical":"https:\/\/diseart.ie\/ga\/raiteas-mhisean-an-disirt\/","og_locale":"ga_IE","og_type":"article","og_title":"Raiteas Mhisean an D\u00edsirt - D\u00edseart Institute of Irish Spirituality and Culture in Dingle","og_description":"Feidhm\u00edonn An D\u00edseart mar ionad do phobal br\u00edomhar a chuireann an Cult\u00far agus an Spiorad\u00e1ltacht Cheilteach chun cinn mar dhl\u00fathchuid d\u2019\u00e1r n-oidhreacht \u00e1iti\u00fail. T\u00e1 s\u00e9 lonnaithe sa Daingean i sean Chlochar na Toirbhearta.\u00a0 \u00d3 cuireadh An D\u00edseart ar bun i 1996, d\u2019fhorbair s\u00e9 mar ionad taighde ar gach gn\u00e9 den Spiorad\u00e1ltacht \u00c9ireannach agus den Chult\u00far [&hellip;]","og_url":"https:\/\/diseart.ie\/ga\/raiteas-mhisean-an-disirt\/","og_site_name":"D\u00edseart Institute of Irish Spirituality and Culture in Dingle","article_publisher":"https:\/\/www.facebook.com\/An-D%c3%adseart-262189877130385\/?ref=br_rs","article_modified_time":"2021-06-24T13:21:12+00:00","og_image":[{"url":"https:\/\/diseart.ie\/wp-content\/uploads\/2021\/06\/Feile-na-Bealtaine.Photos-Fiona-Morgan.210-1024x683.jpg","type":"","width":"","height":""}],"twitter_card":"summary_large_image","twitter_misc":{"Est. reading time":"2 minutes"},"schema":{"@context":"https:\/\/schema.org","@graph":[{"@type":"WebPage","@id":"https:\/\/diseart.ie\/ga\/raiteas-mhisean-an-disirt\/","url":"https:\/\/diseart.ie\/ga\/raiteas-mhisean-an-disirt\/","name":"Raiteas Mhisean an D\u00edsirt - D\u00edseart Institute of Irish Spirituality and Culture in Dingle","isPartOf":{"@id":"https:\/\/diseart.ie\/#website"},"primaryImageOfPage":{"@id":"https:\/\/diseart.ie\/ga\/raiteas-mhisean-an-disirt\/#primaryimage"},"image":{"@id":"https:\/\/diseart.ie\/ga\/raiteas-mhisean-an-disirt\/#primaryimage"},"thumbnailUrl":"https:\/\/diseart.ie\/wp-content\/uploads\/2021\/06\/Feile-na-Bealtaine.Photos-Fiona-Morgan.210-1024x683.jpg","datePublished":"2018-09-29T13:36:02+00:00","dateModified":"2021-06-24T13:21:12+00:00","breadcrumb":{"@id":"https:\/\/diseart.ie\/ga\/raiteas-mhisean-an-disirt\/#breadcrumb"},"inLanguage":"ga-IE","potentialAction":[{"@type":"ReadAction","target":["https:\/\/diseart.ie\/ga\/raiteas-mhisean-an-disirt\/"]}]},{"@type":"ImageObject","inLanguage":"ga-IE","@id":"https:\/\/diseart.ie\/ga\/raiteas-mhisean-an-disirt\/#primaryimage","url":"https:\/\/diseart.ie\/wp-content\/uploads\/2021\/06\/Feile-na-Bealtaine.Photos-Fiona-Morgan.210-1024x683.jpg","contentUrl":"https:\/\/diseart.ie\/wp-content\/uploads\/2021\/06\/Feile-na-Bealtaine.Photos-Fiona-Morgan.210-1024x683.jpg"},{"@type":"BreadcrumbList","@id":"https:\/\/diseart.ie\/ga\/raiteas-mhisean-an-disirt\/#breadcrumb","itemListElement":[{"@type":"ListItem","position":1,"name":"Home","item":"https:\/\/diseart.ie\/ga\/"},{"@type":"ListItem","position":2,"name":"Raiteas Mhisean an D\u00edsirt"}]},{"@type":"WebSite","@id":"https:\/\/diseart.ie\/#website","url":"https:\/\/diseart.ie\/","name":"D\u00edseart Institute of Irish Spirituality and Culture in Dingle","description":"Dingle, Kerry, Ireland","publisher":{"@id":"https:\/\/diseart.ie\/#organization"},"potentialAction":[{"@type":"SearchAction","target":{"@type":"EntryPoint","urlTemplate":"https:\/\/diseart.ie\/?s={search_term_string}"},"query-input":{"@type":"PropertyValueSpecification","valueRequired":true,"valueName":"search_term_string"}}],"inLanguage":"ga-IE"},{"@type":"Organization","@id":"https:\/\/diseart.ie\/#organization","name":"D\u00edseart Centre of Irish Spirituality and Culture","url":"https:\/\/diseart.ie\/","logo":{"@type":"ImageObject","inLanguage":"ga-IE","@id":"https:\/\/diseart.ie\/#\/schema\/logo\/image\/","url":"http:\/\/diseart.ie\/wp-content\/uploads\/2018\/06\/diseart-logo-v2.png","contentUrl":"http:\/\/diseart.ie\/wp-content\/uploads\/2018\/06\/diseart-logo-v2.png","width":400,"height":150,"caption":"D\u00edseart Centre of Irish Spirituality and Culture"},"image":{"@id":"https:\/\/diseart.ie\/#\/schema\/logo\/image\/"},"sameAs":["https:\/\/www.facebook.com\/An-D\u00edseart-262189877130385\/?ref=br_rs"]}]}},"_links":{"self":[{"href":"https:\/\/diseart.ie\/ga\/wp-json\/wp\/v2\/pages\/816","targetHints":{"allow":["GET"]}}],"collection":[{"href":"https:\/\/diseart.ie\/ga\/wp-json\/wp\/v2\/pages"}],"about":[{"href":"https:\/\/diseart.ie\/ga\/wp-json\/wp\/v2\/types\/page"}],"author":[{"embeddable":true,"href":"https:\/\/diseart.ie\/ga\/wp-json\/wp\/v2\/users\/4"}],"replies":[{"embeddable":true,"href":"https:\/\/diseart.ie\/ga\/wp-json\/wp\/v2\/comments?post=816"}],"version-history":[{"count":7,"href":"https:\/\/diseart.ie\/ga\/wp-json\/wp\/v2\/pages\/816\/revisions"}],"predecessor-version":[{"id":1673,"href":"https:\/\/diseart.ie\/ga\/wp-json\/wp\/v2\/pages\/816\/revisions\/1673"}],"wp:attachment":[{"href":"https:\/\/diseart.ie\/ga\/wp-json\/wp\/v2\/media?parent=816"}],"curies":[{"name":"wp","href":"https:\/\/api.w.org\/{rel}","templated":true}]}}