{"id":728,"date":"2018-06-29T07:14:21","date_gmt":"2018-06-29T07:14:21","guid":{"rendered":"https:\/\/dev6.buchanan-solutions.com\/draft\/?page_id=728"},"modified":"2018-06-29T07:14:21","modified_gmt":"2018-06-29T07:14:21","slug":"abhair-taighde-agus-teagaisc","status":"publish","type":"page","link":"https:\/\/diseart.ie\/ga\/abhair-taighde-agus-teagaisc\/","title":{"rendered":"\u00c1bhair Taighde agus Teagaisc"},"content":{"rendered":"<p>T\u00e1 an oidhreacht sa\u00edochta uile mar \u00e1bhar arbh fh\u00e9idir taighdeadh agus teagasc a choth\u00fa ann. N\u00edl sa ghraim\u00e9ar agus sa teanga ach na huirlis\u00ed riachtanacha. T\u00e1 an traidisi\u00fan liteartha is \u00e1rsa in Iarthar na hEorpa againn i scr\u00edbhinn\u00ed na Moch-Ghaeilge, agus go deimhin sa Laidin chomh maith. N\u00ed baol go nd\u00e9anfar faill\u00ed i l\u00e9ann na l\u00e1mhscr\u00edbhinn\u00ed d\u00e9anacha. Beidh an staid\u00e9ar ar an tsa\u00edocht \u00f3 nua-litr\u00edocht an lae inniu n\u00f3 b\u00e9aloideas na haoise seo caite go seoda na Sean-Ghaeilge idirdhisipl\u00edneach. T\u00e1 na h\u00e1iseanna is nua-aimsire i dteicneola\u00edocht an eolais ar f\u00e1il sa D\u00edseart agus leabharlann l\u00e9inn Cheiltigh leis an Ollamh \u00d3 Fiannachta sa chomharsanacht, agus Leabhair Spiorad\u00e1ltachta an Athar S\u00e9amas Mac S\u00edthigh i gc\u00f3ngar a oifige.<\/p>\n<h2>Foilseach\u00e1in An Sagart<\/h2>\n<p>T\u00e1 Catal\u00f3g de Fhoilseach\u00e1in An Sagart 1967-2008 i gcl\u00f3, ISBN 1 903896, agus eolas faoi na leabhair a foils\u00edodh \u00f3 shin ar \u00e1r su\u00edomh www.ansagart.ie. Chomh maith leis na c\u00e9adta leabhar eile t\u00e1 sraitheanna c\u00e1ili\u00fala mar L\u00e9achta\u00ed Cholm Cille I-XLI, Irisleabhar Mh\u00e1 Nuad \u00f3 1975 go lean\u00fanach; Maynooth Monographs 1-8 (ar stad); Iris na hOidhreachta 1-11 (ar stad). D\u00e1n agus Tallann 1-18 go lean\u00fanach. T\u00e1 roinnt mhaith fil\u00edochta le Nuala N\u00ed Dhomhnaill foilsithe aige \u2013 F\u00e9ar Suaithinseach, Feis, Cead Aighnis; le baill Cheardlann na M\u00e1irte:- Duilleoga Dra\u00edochta, Mil na Ceardlainne, Criathar Meala agus Mil ina Slaoda. T\u00e1 aird ar leith d\u00edrithe ar an mb\u00e9aloideas le d\u00e9ana\u00ed agus foils\u00edodh tr\u00ed imleabhair mh\u00f3ra sa tsraith D\u00e1n agus Tallann ag pl\u00e9 leis: Leabhar Mhaidhc Dh\u00e1ith, \u00c1r Sl\u00e1naitheoir ag Si\u00fal ar an dTalamh seo, Mioscais na gCumar.<br \/>\nD&#8217;fhoilsigh An Sagart An B\u00edobla Naofa i dtr\u00ed cheangal (\u20ac15, \u20ac30, \u20ac90) i 1981. Athchl\u00f3 ar sin; An Tiomna Nua 1992. CD-Rom 2001. Mar Bh\u00edobla P\u00f3ca 2000. Ar an idirl\u00edon 2010. An Leicsean\u00e1ir 1978. An Leabhar Aifrinn 1978. Leabhar Aifrinn an Domhnaigh 2006.<\/p>\n","protected":false},"excerpt":{"rendered":"<p>T\u00e1 an oidhreacht sa\u00edochta uile mar \u00e1bhar arbh fh\u00e9idir taighdeadh agus teagasc a choth\u00fa ann. N\u00edl sa ghraim\u00e9ar agus sa teanga ach na huirlis\u00ed riachtanacha. T\u00e1 an traidisi\u00fan liteartha is \u00e1rsa in Iarthar na hEorpa againn i scr\u00edbhinn\u00ed na Moch-Ghaeilge, agus go deimhin sa Laidin chomh maith. N\u00ed baol go nd\u00e9anfar faill\u00ed i l\u00e9ann na [&hellip;]<\/p>\n","protected":false},"author":2,"featured_media":0,"parent":0,"menu_order":0,"comment_status":"closed","ping_status":"closed","template":"","meta":{"om_disable_all_campaigns":false,"_monsterinsights_skip_tracking":false,"_monsterinsights_sitenote_active":false,"_monsterinsights_sitenote_note":"","_monsterinsights_sitenote_category":0,"_uf_show_specific_survey":0,"_uf_disable_surveys":false,"ocean_post_layout":"","ocean_both_sidebars_style":"","ocean_both_sidebars_content_width":0,"ocean_both_sidebars_sidebars_width":0,"ocean_sidebar":"0","ocean_second_sidebar":"0","ocean_disable_margins":"enable","ocean_add_body_class":"","ocean_shortcode_before_top_bar":"","ocean_shortcode_after_top_bar":"","ocean_shortcode_before_header":"","ocean_shortcode_after_header":"","ocean_has_shortcode":"","ocean_shortcode_after_title":"","ocean_shortcode_before_footer_widgets":"","ocean_shortcode_after_footer_widgets":"","ocean_shortcode_before_footer_bottom":"","ocean_shortcode_after_footer_bottom":"","ocean_display_top_bar":"default","ocean_display_header":"default","ocean_header_style":"","ocean_center_header_left_menu":"0","ocean_custom_header_template":"0","ocean_custom_logo":0,"ocean_custom_retina_logo":0,"ocean_custom_logo_max_width":0,"ocean_custom_logo_tablet_max_width":0,"ocean_custom_logo_mobile_max_width":0,"ocean_custom_logo_max_height":0,"ocean_custom_logo_tablet_max_height":0,"ocean_custom_logo_mobile_max_height":0,"ocean_header_custom_menu":"0","ocean_menu_typo_font_family":"","ocean_menu_typo_font_subset":"","ocean_menu_typo_font_size":0,"ocean_menu_typo_font_size_tablet":0,"ocean_menu_typo_font_size_mobile":0,"ocean_menu_typo_font_size_unit":"px","ocean_menu_typo_font_weight":"","ocean_menu_typo_font_weight_tablet":"","ocean_menu_typo_font_weight_mobile":"","ocean_menu_typo_transform":"","ocean_menu_typo_transform_tablet":"","ocean_menu_typo_transform_mobile":"","ocean_menu_typo_line_height":0,"ocean_menu_typo_line_height_tablet":0,"ocean_menu_typo_line_height_mobile":0,"ocean_menu_typo_line_height_unit":"","ocean_menu_typo_spacing":0,"ocean_menu_typo_spacing_tablet":0,"ocean_menu_typo_spacing_mobile":0,"ocean_menu_typo_spacing_unit":"","ocean_menu_link_color":"","ocean_menu_link_color_hover":"","ocean_menu_link_color_active":"","ocean_menu_link_background":"","ocean_menu_link_hover_background":"","ocean_menu_link_active_background":"","ocean_menu_social_links_bg":"","ocean_menu_social_hover_links_bg":"","ocean_menu_social_links_color":"","ocean_menu_social_hover_links_color":"","ocean_disable_title":"default","ocean_disable_heading":"default","ocean_post_title":"","ocean_post_subheading":"","ocean_post_title_style":"","ocean_post_title_background_color":"","ocean_post_title_background":0,"ocean_post_title_bg_image_position":"","ocean_post_title_bg_image_attachment":"","ocean_post_title_bg_image_repeat":"","ocean_post_title_bg_image_size":"","ocean_post_title_height":0,"ocean_post_title_bg_overlay":0.5,"ocean_post_title_bg_overlay_color":"","ocean_disable_breadcrumbs":"default","ocean_breadcrumbs_color":"","ocean_breadcrumbs_separator_color":"","ocean_breadcrumbs_links_color":"","ocean_breadcrumbs_links_hover_color":"","ocean_display_footer_widgets":"default","ocean_display_footer_bottom":"default","ocean_custom_footer_template":"","footnotes":""},"class_list":["post-728","page","type-page","status-publish","hentry","entry","owp-thumbs-layout-horizontal","owp-btn-normal","owp-tabs-layout-horizontal","has-no-thumbnails","has-product-nav"],"aioseo_notices":[],"yoast_head":"<!-- This site is optimized with the Yoast SEO plugin v26.4 - https:\/\/yoast.com\/wordpress\/plugins\/seo\/ -->\n<title>\u00c1bhair Taighde agus Teagaisc - D\u00edseart Institute of Irish Spirituality and Culture in Dingle<\/title>\n<meta name=\"robots\" content=\"index, follow, max-snippet:-1, max-image-preview:large, max-video-preview:-1\" \/>\n<link rel=\"canonical\" href=\"https:\/\/diseart.ie\/ga\/abhair-taighde-agus-teagaisc\/\" \/>\n<meta property=\"og:locale\" content=\"ga_IE\" \/>\n<meta property=\"og:type\" content=\"article\" \/>\n<meta property=\"og:title\" content=\"\u00c1bhair Taighde agus Teagaisc - D\u00edseart Institute of Irish Spirituality and Culture in Dingle\" \/>\n<meta property=\"og:description\" content=\"T\u00e1 an oidhreacht sa\u00edochta uile mar \u00e1bhar arbh fh\u00e9idir taighdeadh agus teagasc a choth\u00fa ann. N\u00edl sa ghraim\u00e9ar agus sa teanga ach na huirlis\u00ed riachtanacha. T\u00e1 an traidisi\u00fan liteartha is \u00e1rsa in Iarthar na hEorpa againn i scr\u00edbhinn\u00ed na Moch-Ghaeilge, agus go deimhin sa Laidin chomh maith. N\u00ed baol go nd\u00e9anfar faill\u00ed i l\u00e9ann na [&hellip;]\" \/>\n<meta property=\"og:url\" content=\"https:\/\/diseart.ie\/ga\/abhair-taighde-agus-teagaisc\/\" \/>\n<meta property=\"og:site_name\" content=\"D\u00edseart Institute of Irish Spirituality and Culture in Dingle\" \/>\n<meta property=\"article:publisher\" content=\"https:\/\/www.facebook.com\/An-D%c3%adseart-262189877130385\/?ref=br_rs\" \/>\n<meta name=\"twitter:card\" content=\"summary_large_image\" \/>\n<meta name=\"twitter:label1\" content=\"Est. reading time\" \/>\n\t<meta name=\"twitter:data1\" content=\"2 minutes\" \/>\n<script type=\"application\/ld+json\" class=\"yoast-schema-graph\">{\"@context\":\"https:\/\/schema.org\",\"@graph\":[{\"@type\":\"WebPage\",\"@id\":\"https:\/\/diseart.ie\/ga\/abhair-taighde-agus-teagaisc\/\",\"url\":\"https:\/\/diseart.ie\/ga\/abhair-taighde-agus-teagaisc\/\",\"name\":\"\u00c1bhair Taighde agus Teagaisc - D\u00edseart Institute of Irish Spirituality and Culture in Dingle\",\"isPartOf\":{\"@id\":\"https:\/\/diseart.ie\/#website\"},\"datePublished\":\"2018-06-29T07:14:21+00:00\",\"breadcrumb\":{\"@id\":\"https:\/\/diseart.ie\/ga\/abhair-taighde-agus-teagaisc\/#breadcrumb\"},\"inLanguage\":\"ga-IE\",\"potentialAction\":[{\"@type\":\"ReadAction\",\"target\":[\"https:\/\/diseart.ie\/ga\/abhair-taighde-agus-teagaisc\/\"]}]},{\"@type\":\"BreadcrumbList\",\"@id\":\"https:\/\/diseart.ie\/ga\/abhair-taighde-agus-teagaisc\/#breadcrumb\",\"itemListElement\":[{\"@type\":\"ListItem\",\"position\":1,\"name\":\"Home\",\"item\":\"https:\/\/diseart.ie\/ga\/\"},{\"@type\":\"ListItem\",\"position\":2,\"name\":\"\u00c1bhair Taighde agus Teagaisc\"}]},{\"@type\":\"WebSite\",\"@id\":\"https:\/\/diseart.ie\/#website\",\"url\":\"https:\/\/diseart.ie\/\",\"name\":\"D\u00edseart Institute of Irish Spirituality and Culture in Dingle\",\"description\":\"Dingle, Kerry, Ireland\",\"publisher\":{\"@id\":\"https:\/\/diseart.ie\/#organization\"},\"potentialAction\":[{\"@type\":\"SearchAction\",\"target\":{\"@type\":\"EntryPoint\",\"urlTemplate\":\"https:\/\/diseart.ie\/?s={search_term_string}\"},\"query-input\":{\"@type\":\"PropertyValueSpecification\",\"valueRequired\":true,\"valueName\":\"search_term_string\"}}],\"inLanguage\":\"ga-IE\"},{\"@type\":\"Organization\",\"@id\":\"https:\/\/diseart.ie\/#organization\",\"name\":\"D\u00edseart Centre of Irish Spirituality and Culture\",\"url\":\"https:\/\/diseart.ie\/\",\"logo\":{\"@type\":\"ImageObject\",\"inLanguage\":\"ga-IE\",\"@id\":\"https:\/\/diseart.ie\/#\/schema\/logo\/image\/\",\"url\":\"http:\/\/diseart.ie\/wp-content\/uploads\/2018\/06\/diseart-logo-v2.png\",\"contentUrl\":\"http:\/\/diseart.ie\/wp-content\/uploads\/2018\/06\/diseart-logo-v2.png\",\"width\":400,\"height\":150,\"caption\":\"D\u00edseart Centre of Irish Spirituality and Culture\"},\"image\":{\"@id\":\"https:\/\/diseart.ie\/#\/schema\/logo\/image\/\"},\"sameAs\":[\"https:\/\/www.facebook.com\/An-D\u00edseart-262189877130385\/?ref=br_rs\"]}]}<\/script>\n<!-- \/ Yoast SEO plugin. -->","yoast_head_json":{"title":"\u00c1bhair Taighde agus Teagaisc - D\u00edseart Institute of Irish Spirituality and Culture in Dingle","robots":{"index":"index","follow":"follow","max-snippet":"max-snippet:-1","max-image-preview":"max-image-preview:large","max-video-preview":"max-video-preview:-1"},"canonical":"https:\/\/diseart.ie\/ga\/abhair-taighde-agus-teagaisc\/","og_locale":"ga_IE","og_type":"article","og_title":"\u00c1bhair Taighde agus Teagaisc - D\u00edseart Institute of Irish Spirituality and Culture in Dingle","og_description":"T\u00e1 an oidhreacht sa\u00edochta uile mar \u00e1bhar arbh fh\u00e9idir taighdeadh agus teagasc a choth\u00fa ann. N\u00edl sa ghraim\u00e9ar agus sa teanga ach na huirlis\u00ed riachtanacha. T\u00e1 an traidisi\u00fan liteartha is \u00e1rsa in Iarthar na hEorpa againn i scr\u00edbhinn\u00ed na Moch-Ghaeilge, agus go deimhin sa Laidin chomh maith. N\u00ed baol go nd\u00e9anfar faill\u00ed i l\u00e9ann na [&hellip;]","og_url":"https:\/\/diseart.ie\/ga\/abhair-taighde-agus-teagaisc\/","og_site_name":"D\u00edseart Institute of Irish Spirituality and Culture in Dingle","article_publisher":"https:\/\/www.facebook.com\/An-D%c3%adseart-262189877130385\/?ref=br_rs","twitter_card":"summary_large_image","twitter_misc":{"Est. reading time":"2 minutes"},"schema":{"@context":"https:\/\/schema.org","@graph":[{"@type":"WebPage","@id":"https:\/\/diseart.ie\/ga\/abhair-taighde-agus-teagaisc\/","url":"https:\/\/diseart.ie\/ga\/abhair-taighde-agus-teagaisc\/","name":"\u00c1bhair Taighde agus Teagaisc - D\u00edseart Institute of Irish Spirituality and Culture in Dingle","isPartOf":{"@id":"https:\/\/diseart.ie\/#website"},"datePublished":"2018-06-29T07:14:21+00:00","breadcrumb":{"@id":"https:\/\/diseart.ie\/ga\/abhair-taighde-agus-teagaisc\/#breadcrumb"},"inLanguage":"ga-IE","potentialAction":[{"@type":"ReadAction","target":["https:\/\/diseart.ie\/ga\/abhair-taighde-agus-teagaisc\/"]}]},{"@type":"BreadcrumbList","@id":"https:\/\/diseart.ie\/ga\/abhair-taighde-agus-teagaisc\/#breadcrumb","itemListElement":[{"@type":"ListItem","position":1,"name":"Home","item":"https:\/\/diseart.ie\/ga\/"},{"@type":"ListItem","position":2,"name":"\u00c1bhair Taighde agus Teagaisc"}]},{"@type":"WebSite","@id":"https:\/\/diseart.ie\/#website","url":"https:\/\/diseart.ie\/","name":"D\u00edseart Institute of Irish Spirituality and Culture in Dingle","description":"Dingle, Kerry, Ireland","publisher":{"@id":"https:\/\/diseart.ie\/#organization"},"potentialAction":[{"@type":"SearchAction","target":{"@type":"EntryPoint","urlTemplate":"https:\/\/diseart.ie\/?s={search_term_string}"},"query-input":{"@type":"PropertyValueSpecification","valueRequired":true,"valueName":"search_term_string"}}],"inLanguage":"ga-IE"},{"@type":"Organization","@id":"https:\/\/diseart.ie\/#organization","name":"D\u00edseart Centre of Irish Spirituality and Culture","url":"https:\/\/diseart.ie\/","logo":{"@type":"ImageObject","inLanguage":"ga-IE","@id":"https:\/\/diseart.ie\/#\/schema\/logo\/image\/","url":"http:\/\/diseart.ie\/wp-content\/uploads\/2018\/06\/diseart-logo-v2.png","contentUrl":"http:\/\/diseart.ie\/wp-content\/uploads\/2018\/06\/diseart-logo-v2.png","width":400,"height":150,"caption":"D\u00edseart Centre of Irish Spirituality and Culture"},"image":{"@id":"https:\/\/diseart.ie\/#\/schema\/logo\/image\/"},"sameAs":["https:\/\/www.facebook.com\/An-D\u00edseart-262189877130385\/?ref=br_rs"]}]}},"_links":{"self":[{"href":"https:\/\/diseart.ie\/ga\/wp-json\/wp\/v2\/pages\/728","targetHints":{"allow":["GET"]}}],"collection":[{"href":"https:\/\/diseart.ie\/ga\/wp-json\/wp\/v2\/pages"}],"about":[{"href":"https:\/\/diseart.ie\/ga\/wp-json\/wp\/v2\/types\/page"}],"author":[{"embeddable":true,"href":"https:\/\/diseart.ie\/ga\/wp-json\/wp\/v2\/users\/2"}],"replies":[{"embeddable":true,"href":"https:\/\/diseart.ie\/ga\/wp-json\/wp\/v2\/comments?post=728"}],"version-history":[{"count":1,"href":"https:\/\/diseart.ie\/ga\/wp-json\/wp\/v2\/pages\/728\/revisions"}],"predecessor-version":[{"id":729,"href":"https:\/\/diseart.ie\/ga\/wp-json\/wp\/v2\/pages\/728\/revisions\/729"}],"wp:attachment":[{"href":"https:\/\/diseart.ie\/ga\/wp-json\/wp\/v2\/media?parent=728"}],"curies":[{"name":"wp","href":"https:\/\/api.w.org\/{rel}","templated":true}]}}