{"id":709,"date":"2018-06-29T06:56:26","date_gmt":"2018-06-29T06:56:26","guid":{"rendered":"https:\/\/dev6.buchanan-solutions.com\/draft\/?page_id=709"},"modified":"2021-07-20T13:38:21","modified_gmt":"2021-07-20T13:38:21","slug":"nano-nagle-room-an-mhurealain","status":"publish","type":"page","link":"https:\/\/diseart.ie\/ga\/nano-nagle-room-an-mhurealain\/","title":{"rendered":"Nano Nagle Room &#8211; An Mh\u00fareala\u00edn"},"content":{"rendered":"\t\t<div data-elementor-type=\"wp-post\" data-elementor-id=\"709\" class=\"elementor elementor-709 elementor-60\" data-elementor-post-type=\"page\">\n\t\t\t\t\t\t<section class=\"elementor-section elementor-top-section elementor-element elementor-element-4212422 elementor-section-boxed elementor-section-height-default elementor-section-height-default\" data-id=\"4212422\" data-element_type=\"section\">\n\t\t\t\t\t\t<div class=\"elementor-container elementor-column-gap-default\">\n\t\t\t\t\t<div class=\"elementor-column elementor-col-100 elementor-top-column elementor-element elementor-element-252b009\" data-id=\"252b009\" data-element_type=\"column\">\n\t\t\t<div class=\"elementor-widget-wrap elementor-element-populated\">\n\t\t\t\t\t\t<div class=\"elementor-element elementor-element-ea23231 elementor-widget elementor-widget-text-editor\" data-id=\"ea23231\" data-element_type=\"widget\" data-widget_type=\"text-editor.default\">\n\t\t\t\t<div class=\"elementor-widget-container\">\n\t\t\t\t\t\t\t\t\t<p><strong>An Mh\u00fareala\u00edn<\/strong><br \/>T\u00e1 seomra na cuallachta a bh\u00ed, mar a gcaitheadh na mn\u00e1 rialta tamallacha saoire \u00f3na ndualgais agus a saothar, ina sheomra i gcuimhne bunaitheora a n-oird, Nan\u00f3 Nagle, anois. T\u00e1 sc\u00e9al a beatha agus a saothair inste i m\u00farph\u00e9int\u00e9ireacht ar na falla\u00ed. Saothar \u00e9 sin a rinne Eleanor Yates ar choimisi\u00fan \u00f3n Moinsigneor P\u00e1draig \u00d3 Fiannachta tar \u00e9is d\u00f3 cuid d\u00e1 saothar a fheiscint sa Daingean agus i Greeley, California mar ar oileadh \u00ed, agus an sc\u00e9al a phl\u00e9 leis na Si\u00faracha.<\/p>\t\t\t\t\t\t\t\t<\/div>\n\t\t\t\t<\/div>\n\t\t\t\t\t<\/div>\n\t\t<\/div>\n\t\t\t\t\t<\/div>\n\t\t<\/section>\n\t\t\t\t<section class=\"elementor-section elementor-top-section elementor-element elementor-element-f9c6506 elementor-section-boxed elementor-section-height-default elementor-section-height-default\" data-id=\"f9c6506\" data-element_type=\"section\">\n\t\t\t\t\t\t<div class=\"elementor-container elementor-column-gap-default\">\n\t\t\t\t\t<div class=\"elementor-column elementor-col-50 elementor-top-column elementor-element elementor-element-13f0980\" data-id=\"13f0980\" data-element_type=\"column\">\n\t\t\t<div class=\"elementor-widget-wrap elementor-element-populated\">\n\t\t\t\t\t\t<div class=\"elementor-element elementor-element-554b221 elementor-widget elementor-widget-image\" data-id=\"554b221\" data-element_type=\"widget\" data-widget_type=\"image.default\">\n\t\t\t\t<div class=\"elementor-widget-container\">\n\t\t\t\t\t\t\t\t\t\t\t\t\t\t\t<img fetchpriority=\"high\" decoding=\"async\" width=\"300\" height=\"277\" src=\"https:\/\/diseart.ie\/wp-content\/uploads\/2021\/07\/nano_clip_image002-Copy-300x277.jpg\" class=\"attachment-medium size-medium wp-image-1704\" alt=\"\" srcset=\"https:\/\/diseart.ie\/wp-content\/uploads\/2021\/07\/nano_clip_image002-Copy-300x277.jpg 300w, https:\/\/diseart.ie\/wp-content\/uploads\/2021\/07\/nano_clip_image002-Copy-768x710.jpg 768w, https:\/\/diseart.ie\/wp-content\/uploads\/2021\/07\/nano_clip_image002-Copy.jpg 973w\" sizes=\"(max-width: 300px) 100vw, 300px\" \/>\t\t\t\t\t\t\t\t\t\t\t\t\t\t\t<\/div>\n\t\t\t\t<\/div>\n\t\t\t\t\t<\/div>\n\t\t<\/div>\n\t\t\t\t<div class=\"elementor-column elementor-col-50 elementor-top-column elementor-element elementor-element-5b76c50\" data-id=\"5b76c50\" data-element_type=\"column\">\n\t\t\t<div class=\"elementor-widget-wrap elementor-element-populated\">\n\t\t\t\t\t\t<div class=\"elementor-element elementor-element-b4b5398 elementor-widget elementor-widget-text-editor\" data-id=\"b4b5398\" data-element_type=\"widget\" data-widget_type=\"text-editor.default\">\n\t\t\t\t<div class=\"elementor-widget-container\">\n\t\t\t\t\t\t\t\t\t<p>Sa ch\u00fainne os cionn an dorais isteach sa seomra t\u00e1 t\u00fartheach de N\u00f3gla, teach na muintire i mBaile U\u00ed Ghr\u00edf\u00edn, mar a rugadh Nan\u00f3. T\u00e1 aingeal beag ans\u00fad agus lampa aige ag caitheamh solais \u00f3 neamh ar an \u00e1it. Sa chuid eile den fhalla t\u00e1 Nan\u00f3 ag f\u00e9achaint siar \u00f3na c\u00f3iste gal\u00e1nta maidean Earraigh ar radharcanna Pharis agus na bochta ar a sl\u00ed chun Aifrinn i measc na radharc sin. \u00a0Seo pointe cinni\u00fanach i saol Nan\u00f3 mar gur chuir a bhfaca s\u00ed \u00ed ag machnamh ar bhaois a saoil. Neartaigh sampla a deirf\u00e9ar, Ann, at\u00e1 le feiscint sall uaithi, \u00ed chun tabhairt faoi fh\u00f3irithint ar bhoicht.<\/p>\t\t\t\t\t\t\t\t<\/div>\n\t\t\t\t<\/div>\n\t\t\t\t\t<\/div>\n\t\t<\/div>\n\t\t\t\t\t<\/div>\n\t\t<\/section>\n\t\t\t\t<section class=\"elementor-section elementor-top-section elementor-element elementor-element-767af0a elementor-section-boxed elementor-section-height-default elementor-section-height-default\" data-id=\"767af0a\" data-element_type=\"section\">\n\t\t\t\t\t\t<div class=\"elementor-container elementor-column-gap-default\">\n\t\t\t\t\t<div class=\"elementor-column elementor-col-100 elementor-top-column elementor-element elementor-element-2dad05d\" data-id=\"2dad05d\" data-element_type=\"column\">\n\t\t\t<div class=\"elementor-widget-wrap elementor-element-populated\">\n\t\t\t\t\t\t<div class=\"elementor-element elementor-element-4ce2742 elementor-widget elementor-widget-text-editor\" data-id=\"4ce2742\" data-element_type=\"widget\" data-widget_type=\"text-editor.default\">\n\t\t\t\t<div class=\"elementor-widget-container\">\n\t\t\t\t\t\t\t\t\t<p>Chreid Nan\u00f3 gur m\u00f3r an ch\u00e9im ar aghaidh an t-oideachas do ch\u00e1ch sa tsocha\u00ed. Sa bhfalla os cionn an teallaigh t\u00e1 s\u00ed ag m\u00faineadh gasra leana\u00ed as gach aird den chruinne, rud a chuireann ar \u00e1r s\u00faile d\u00fainn gur mar sin at\u00e1 ag Ord na Toirbhirte inniu.<\/p><p>T\u00e1 an t-easpag \u00d3 Maol\u00e1in (a bh\u00ed ina easpag i gCiarra\u00ed sular aistr\u00edodh go Corcaigh \u00e9) a chabhraigh l\u00e9i ar dheis an phicti\u00fair sin agus a hathair f\u00e9in ar chl\u00e9. Ar phicti\u00fair\u00edn at\u00e1 ar a bhosca snaoise at\u00e1 taobh le seanleabhair ar imeall an phicti\u00fair mh\u00f3ir at\u00e1 s\u00e9 seo bunaithe. Maireann meon Nan\u00f3 i measc na mban a leanann a rian inniu. T\u00e1 s\u00e9 le l\u00e9amh ina r\u00e1iteas misin: \u2018D\u00e9anaimid sinn f\u00e9in a th\u00edolacadh do: oideachas ar son leasaithe na socha\u00ed; tabhairt faoi ch\u00faiseanna bunaidh na bochtaine; saothr\u00fa d\u2019fhonn na c\u00f3rais a chotha\u00edonn \u00e9ag\u00f3ir a athr\u00fa; comhar a dh\u00e9anamh le gr\u00fapa\u00ed agus le daoine aonair a bhfuil an d\u00edcheall c\u00e9anna \u00e1 ngriogadh.\u2019 T\u00e1, idir na fuinneoga, portr\u00e1id de Nan\u00f3, b\u2019fh\u00e9idir,leis an eala\u00edont\u00f3ir aitheanta John Barry \u00f3n Linn Dubh, Corcaigh, agus grianghrafanna de bhaill n\u00edos d\u00e9ana\u00ed de chuallacht an Daingin, ar chuaigh id\u00e9alachas agus sampla Nan\u00f3 i bhfeidhm orthu i dtreo gur chaitheadar a saol i seirbh\u00eds na hEaglaise agus ar mhaithe leis an gcine daonna sa bhaile agus i gc\u00e9in.<\/p>\t\t\t\t\t\t\t\t<\/div>\n\t\t\t\t<\/div>\n\t\t\t\t\t<\/div>\n\t\t<\/div>\n\t\t\t\t\t<\/div>\n\t\t<\/section>\n\t\t\t\t<section class=\"elementor-section elementor-top-section elementor-element elementor-element-99209ff elementor-section-boxed elementor-section-height-default elementor-section-height-default\" data-id=\"99209ff\" data-element_type=\"section\">\n\t\t\t\t\t\t<div class=\"elementor-container elementor-column-gap-default\">\n\t\t\t\t\t<div class=\"elementor-column elementor-col-50 elementor-top-column elementor-element elementor-element-958fe68\" data-id=\"958fe68\" data-element_type=\"column\">\n\t\t\t<div class=\"elementor-widget-wrap elementor-element-populated\">\n\t\t\t\t\t\t<div class=\"elementor-element elementor-element-95e27eb elementor-widget elementor-widget-text-editor\" data-id=\"95e27eb\" data-element_type=\"widget\" data-widget_type=\"text-editor.default\">\n\t\t\t\t<div class=\"elementor-widget-container\">\n\t\t\t\t\t\t\t\t\t<p>Ar an bhfalla deiridh t\u00e1 \u2018Bean an Lampa\u2019, mar a thugta\u00ed ar Nan\u00f3, ag caitheamh sholas D\u00e9 ar an domhan, ag cur scaipeadh ar \u00e9ad\u00f3chas agus ar aineolas. Thugadh Nan\u00f3 a lampa l\u00e9i fi\u00fa i nd\u00faluachair na bliana agus \u00ed ag p\u00f3irse\u00e1il tr\u00ed ch\u00falshr\u00e1ideanna dorcha Chorca\u00ed ar th\u00f3ir na mbocht, a raibh bia n\u00f3 \u00e9adach n\u00f3 c\u00faram sl\u00e1inte n\u00f3 focal beag cneasta misnigh de dh\u00edth orthu. T\u00e1 Ord na Toirbhirte i l\u00e1thair ina shiombal, an crann daire, agus an domhan is a bhfuil ann cuachta ina brat ag Nan\u00f3. B\u00edonn an seomra seo in \u00fas\u00e1id acad\u00fail ar uairibh.<\/p>\t\t\t\t\t\t\t\t<\/div>\n\t\t\t\t<\/div>\n\t\t\t\t\t<\/div>\n\t\t<\/div>\n\t\t\t\t<div class=\"elementor-column elementor-col-50 elementor-top-column elementor-element elementor-element-202cba5\" data-id=\"202cba5\" data-element_type=\"column\">\n\t\t\t<div class=\"elementor-widget-wrap elementor-element-populated\">\n\t\t\t\t\t\t<div class=\"elementor-element elementor-element-73c8b38 elementor-widget elementor-widget-image\" data-id=\"73c8b38\" data-element_type=\"widget\" data-widget_type=\"image.default\">\n\t\t\t\t<div class=\"elementor-widget-container\">\n\t\t\t\t\t\t\t\t\t\t\t\t\t\t\t<img decoding=\"async\" width=\"640\" height=\"428\" src=\"https:\/\/diseart.ie\/wp-content\/uploads\/2018\/09\/nano-nagle-room.jpg\" class=\"attachment-large size-large wp-image-929\" alt=\"\" srcset=\"https:\/\/diseart.ie\/wp-content\/uploads\/2018\/09\/nano-nagle-room.jpg 640w, https:\/\/diseart.ie\/wp-content\/uploads\/2018\/09\/nano-nagle-room-300x201.jpg 300w, https:\/\/diseart.ie\/wp-content\/uploads\/2018\/09\/nano-nagle-room-600x401.jpg 600w\" sizes=\"(max-width: 640px) 100vw, 640px\" \/>\t\t\t\t\t\t\t\t\t\t\t\t\t\t\t<\/div>\n\t\t\t\t<\/div>\n\t\t\t\t\t<\/div>\n\t\t<\/div>\n\t\t\t\t\t<\/div>\n\t\t<\/section>\n\t\t\t\t<\/div>\n\t\t","protected":false},"excerpt":{"rendered":"<p>An Mh\u00fareala\u00ednT\u00e1 seomra na cuallachta a bh\u00ed, mar a gcaitheadh na mn\u00e1 rialta tamallacha saoire \u00f3na ndualgais agus a saothar, ina sheomra i gcuimhne bunaitheora a n-oird, Nan\u00f3 Nagle, anois. T\u00e1 sc\u00e9al a beatha agus a saothair inste i m\u00farph\u00e9int\u00e9ireacht ar na falla\u00ed. Saothar \u00e9 sin a rinne Eleanor Yates ar choimisi\u00fan \u00f3n Moinsigneor P\u00e1draig [&hellip;]<\/p>\n","protected":false},"author":2,"featured_media":0,"parent":0,"menu_order":0,"comment_status":"closed","ping_status":"closed","template":"","meta":{"om_disable_all_campaigns":false,"_monsterinsights_skip_tracking":false,"_monsterinsights_sitenote_active":false,"_monsterinsights_sitenote_note":"","_monsterinsights_sitenote_category":0,"_uf_show_specific_survey":0,"_uf_disable_surveys":false,"ocean_post_layout":"","ocean_both_sidebars_style":"","ocean_both_sidebars_content_width":0,"ocean_both_sidebars_sidebars_width":0,"ocean_sidebar":"0","ocean_second_sidebar":"0","ocean_disable_margins":"enable","ocean_add_body_class":"","ocean_shortcode_before_top_bar":"","ocean_shortcode_after_top_bar":"","ocean_shortcode_before_header":"","ocean_shortcode_after_header":"","ocean_has_shortcode":"","ocean_shortcode_after_title":"","ocean_shortcode_before_footer_widgets":"","ocean_shortcode_after_footer_widgets":"","ocean_shortcode_before_footer_bottom":"","ocean_shortcode_after_footer_bottom":"","ocean_display_top_bar":"default","ocean_display_header":"default","ocean_header_style":"","ocean_center_header_left_menu":"0","ocean_custom_header_template":"0","ocean_custom_logo":0,"ocean_custom_retina_logo":0,"ocean_custom_logo_max_width":0,"ocean_custom_logo_tablet_max_width":0,"ocean_custom_logo_mobile_max_width":0,"ocean_custom_logo_max_height":0,"ocean_custom_logo_tablet_max_height":0,"ocean_custom_logo_mobile_max_height":0,"ocean_header_custom_menu":"0","ocean_menu_typo_font_family":"0","ocean_menu_typo_font_subset":"","ocean_menu_typo_font_size":0,"ocean_menu_typo_font_size_tablet":0,"ocean_menu_typo_font_size_mobile":0,"ocean_menu_typo_font_size_unit":"px","ocean_menu_typo_font_weight":"","ocean_menu_typo_font_weight_tablet":"","ocean_menu_typo_font_weight_mobile":"","ocean_menu_typo_transform":"","ocean_menu_typo_transform_tablet":"","ocean_menu_typo_transform_mobile":"","ocean_menu_typo_line_height":0,"ocean_menu_typo_line_height_tablet":0,"ocean_menu_typo_line_height_mobile":0,"ocean_menu_typo_line_height_unit":"","ocean_menu_typo_spacing":0,"ocean_menu_typo_spacing_tablet":0,"ocean_menu_typo_spacing_mobile":0,"ocean_menu_typo_spacing_unit":"","ocean_menu_link_color":"","ocean_menu_link_color_hover":"","ocean_menu_link_color_active":"","ocean_menu_link_background":"","ocean_menu_link_hover_background":"","ocean_menu_link_active_background":"","ocean_menu_social_links_bg":"","ocean_menu_social_hover_links_bg":"","ocean_menu_social_links_color":"","ocean_menu_social_hover_links_color":"","ocean_disable_title":"default","ocean_disable_heading":"default","ocean_post_title":"","ocean_post_subheading":"","ocean_post_title_style":"","ocean_post_title_background_color":"","ocean_post_title_background":0,"ocean_post_title_bg_image_position":"","ocean_post_title_bg_image_attachment":"","ocean_post_title_bg_image_repeat":"","ocean_post_title_bg_image_size":"","ocean_post_title_height":0,"ocean_post_title_bg_overlay":0.5,"ocean_post_title_bg_overlay_color":"","ocean_disable_breadcrumbs":"default","ocean_breadcrumbs_color":"","ocean_breadcrumbs_separator_color":"","ocean_breadcrumbs_links_color":"","ocean_breadcrumbs_links_hover_color":"","ocean_display_footer_widgets":"default","ocean_display_footer_bottom":"default","ocean_custom_footer_template":"0","footnotes":""},"class_list":["post-709","page","type-page","status-publish","hentry","entry","owp-thumbs-layout-horizontal","owp-btn-normal","owp-tabs-layout-horizontal","has-no-thumbnails","has-product-nav"],"aioseo_notices":[],"yoast_head":"<!-- This site is optimized with the Yoast SEO plugin v26.4 - https:\/\/yoast.com\/wordpress\/plugins\/seo\/ -->\n<title>Nano Nagle Room - An Mh\u00fareala\u00edn - D\u00edseart Institute of Irish Spirituality and Culture in Dingle<\/title>\n<meta name=\"robots\" content=\"index, follow, max-snippet:-1, max-image-preview:large, max-video-preview:-1\" \/>\n<link rel=\"canonical\" href=\"https:\/\/diseart.ie\/ga\/nano-nagle-room-an-mhurealain\/\" \/>\n<meta property=\"og:locale\" content=\"ga_IE\" \/>\n<meta property=\"og:type\" content=\"article\" \/>\n<meta property=\"og:title\" content=\"Nano Nagle Room - An Mh\u00fareala\u00edn - D\u00edseart Institute of Irish Spirituality and Culture in Dingle\" \/>\n<meta property=\"og:description\" content=\"An Mh\u00fareala\u00ednT\u00e1 seomra na cuallachta a bh\u00ed, mar a gcaitheadh na mn\u00e1 rialta tamallacha saoire \u00f3na ndualgais agus a saothar, ina sheomra i gcuimhne bunaitheora a n-oird, Nan\u00f3 Nagle, anois. T\u00e1 sc\u00e9al a beatha agus a saothair inste i m\u00farph\u00e9int\u00e9ireacht ar na falla\u00ed. Saothar \u00e9 sin a rinne Eleanor Yates ar choimisi\u00fan \u00f3n Moinsigneor P\u00e1draig [&hellip;]\" \/>\n<meta property=\"og:url\" content=\"https:\/\/diseart.ie\/ga\/nano-nagle-room-an-mhurealain\/\" \/>\n<meta property=\"og:site_name\" content=\"D\u00edseart Institute of Irish Spirituality and Culture in Dingle\" \/>\n<meta property=\"article:publisher\" content=\"https:\/\/www.facebook.com\/An-D%c3%adseart-262189877130385\/?ref=br_rs\" \/>\n<meta property=\"article:modified_time\" content=\"2021-07-20T13:38:21+00:00\" \/>\n<meta property=\"og:image\" content=\"https:\/\/diseart.ie\/wp-content\/uploads\/2021\/07\/nano_clip_image002-Copy-300x277.jpg\" \/>\n<meta name=\"twitter:card\" content=\"summary_large_image\" \/>\n<meta name=\"twitter:label1\" content=\"Est. reading time\" \/>\n\t<meta name=\"twitter:data1\" content=\"3 minutes\" \/>\n<script type=\"application\/ld+json\" class=\"yoast-schema-graph\">{\"@context\":\"https:\/\/schema.org\",\"@graph\":[{\"@type\":\"WebPage\",\"@id\":\"https:\/\/diseart.ie\/ga\/nano-nagle-room-an-mhurealain\/\",\"url\":\"https:\/\/diseart.ie\/ga\/nano-nagle-room-an-mhurealain\/\",\"name\":\"Nano Nagle Room - An Mh\u00fareala\u00edn - D\u00edseart Institute of Irish Spirituality and Culture in Dingle\",\"isPartOf\":{\"@id\":\"https:\/\/diseart.ie\/#website\"},\"primaryImageOfPage\":{\"@id\":\"https:\/\/diseart.ie\/ga\/nano-nagle-room-an-mhurealain\/#primaryimage\"},\"image\":{\"@id\":\"https:\/\/diseart.ie\/ga\/nano-nagle-room-an-mhurealain\/#primaryimage\"},\"thumbnailUrl\":\"https:\/\/diseart.ie\/wp-content\/uploads\/2021\/07\/nano_clip_image002-Copy-300x277.jpg\",\"datePublished\":\"2018-06-29T06:56:26+00:00\",\"dateModified\":\"2021-07-20T13:38:21+00:00\",\"breadcrumb\":{\"@id\":\"https:\/\/diseart.ie\/ga\/nano-nagle-room-an-mhurealain\/#breadcrumb\"},\"inLanguage\":\"ga-IE\",\"potentialAction\":[{\"@type\":\"ReadAction\",\"target\":[\"https:\/\/diseart.ie\/ga\/nano-nagle-room-an-mhurealain\/\"]}]},{\"@type\":\"ImageObject\",\"inLanguage\":\"ga-IE\",\"@id\":\"https:\/\/diseart.ie\/ga\/nano-nagle-room-an-mhurealain\/#primaryimage\",\"url\":\"https:\/\/diseart.ie\/wp-content\/uploads\/2021\/07\/nano_clip_image002-Copy-300x277.jpg\",\"contentUrl\":\"https:\/\/diseart.ie\/wp-content\/uploads\/2021\/07\/nano_clip_image002-Copy-300x277.jpg\"},{\"@type\":\"BreadcrumbList\",\"@id\":\"https:\/\/diseart.ie\/ga\/nano-nagle-room-an-mhurealain\/#breadcrumb\",\"itemListElement\":[{\"@type\":\"ListItem\",\"position\":1,\"name\":\"Home\",\"item\":\"https:\/\/diseart.ie\/ga\/\"},{\"@type\":\"ListItem\",\"position\":2,\"name\":\"Nano Nagle Room &#8211; An Mh\u00fareala\u00edn\"}]},{\"@type\":\"WebSite\",\"@id\":\"https:\/\/diseart.ie\/#website\",\"url\":\"https:\/\/diseart.ie\/\",\"name\":\"D\u00edseart Institute of Irish Spirituality and Culture in Dingle\",\"description\":\"Dingle, Kerry, Ireland\",\"publisher\":{\"@id\":\"https:\/\/diseart.ie\/#organization\"},\"potentialAction\":[{\"@type\":\"SearchAction\",\"target\":{\"@type\":\"EntryPoint\",\"urlTemplate\":\"https:\/\/diseart.ie\/?s={search_term_string}\"},\"query-input\":{\"@type\":\"PropertyValueSpecification\",\"valueRequired\":true,\"valueName\":\"search_term_string\"}}],\"inLanguage\":\"ga-IE\"},{\"@type\":\"Organization\",\"@id\":\"https:\/\/diseart.ie\/#organization\",\"name\":\"D\u00edseart Centre of Irish Spirituality and Culture\",\"url\":\"https:\/\/diseart.ie\/\",\"logo\":{\"@type\":\"ImageObject\",\"inLanguage\":\"ga-IE\",\"@id\":\"https:\/\/diseart.ie\/#\/schema\/logo\/image\/\",\"url\":\"http:\/\/diseart.ie\/wp-content\/uploads\/2018\/06\/diseart-logo-v2.png\",\"contentUrl\":\"http:\/\/diseart.ie\/wp-content\/uploads\/2018\/06\/diseart-logo-v2.png\",\"width\":400,\"height\":150,\"caption\":\"D\u00edseart Centre of Irish Spirituality and Culture\"},\"image\":{\"@id\":\"https:\/\/diseart.ie\/#\/schema\/logo\/image\/\"},\"sameAs\":[\"https:\/\/www.facebook.com\/An-D\u00edseart-262189877130385\/?ref=br_rs\"]}]}<\/script>\n<!-- \/ Yoast SEO plugin. -->","yoast_head_json":{"title":"Nano Nagle Room - An Mh\u00fareala\u00edn - D\u00edseart Institute of Irish Spirituality and Culture in Dingle","robots":{"index":"index","follow":"follow","max-snippet":"max-snippet:-1","max-image-preview":"max-image-preview:large","max-video-preview":"max-video-preview:-1"},"canonical":"https:\/\/diseart.ie\/ga\/nano-nagle-room-an-mhurealain\/","og_locale":"ga_IE","og_type":"article","og_title":"Nano Nagle Room - An Mh\u00fareala\u00edn - D\u00edseart Institute of Irish Spirituality and Culture in Dingle","og_description":"An Mh\u00fareala\u00ednT\u00e1 seomra na cuallachta a bh\u00ed, mar a gcaitheadh na mn\u00e1 rialta tamallacha saoire \u00f3na ndualgais agus a saothar, ina sheomra i gcuimhne bunaitheora a n-oird, Nan\u00f3 Nagle, anois. T\u00e1 sc\u00e9al a beatha agus a saothair inste i m\u00farph\u00e9int\u00e9ireacht ar na falla\u00ed. Saothar \u00e9 sin a rinne Eleanor Yates ar choimisi\u00fan \u00f3n Moinsigneor P\u00e1draig [&hellip;]","og_url":"https:\/\/diseart.ie\/ga\/nano-nagle-room-an-mhurealain\/","og_site_name":"D\u00edseart Institute of Irish Spirituality and Culture in Dingle","article_publisher":"https:\/\/www.facebook.com\/An-D%c3%adseart-262189877130385\/?ref=br_rs","article_modified_time":"2021-07-20T13:38:21+00:00","og_image":[{"url":"https:\/\/diseart.ie\/wp-content\/uploads\/2021\/07\/nano_clip_image002-Copy-300x277.jpg","type":"","width":"","height":""}],"twitter_card":"summary_large_image","twitter_misc":{"Est. reading time":"3 minutes"},"schema":{"@context":"https:\/\/schema.org","@graph":[{"@type":"WebPage","@id":"https:\/\/diseart.ie\/ga\/nano-nagle-room-an-mhurealain\/","url":"https:\/\/diseart.ie\/ga\/nano-nagle-room-an-mhurealain\/","name":"Nano Nagle Room - An Mh\u00fareala\u00edn - D\u00edseart Institute of Irish Spirituality and Culture in Dingle","isPartOf":{"@id":"https:\/\/diseart.ie\/#website"},"primaryImageOfPage":{"@id":"https:\/\/diseart.ie\/ga\/nano-nagle-room-an-mhurealain\/#primaryimage"},"image":{"@id":"https:\/\/diseart.ie\/ga\/nano-nagle-room-an-mhurealain\/#primaryimage"},"thumbnailUrl":"https:\/\/diseart.ie\/wp-content\/uploads\/2021\/07\/nano_clip_image002-Copy-300x277.jpg","datePublished":"2018-06-29T06:56:26+00:00","dateModified":"2021-07-20T13:38:21+00:00","breadcrumb":{"@id":"https:\/\/diseart.ie\/ga\/nano-nagle-room-an-mhurealain\/#breadcrumb"},"inLanguage":"ga-IE","potentialAction":[{"@type":"ReadAction","target":["https:\/\/diseart.ie\/ga\/nano-nagle-room-an-mhurealain\/"]}]},{"@type":"ImageObject","inLanguage":"ga-IE","@id":"https:\/\/diseart.ie\/ga\/nano-nagle-room-an-mhurealain\/#primaryimage","url":"https:\/\/diseart.ie\/wp-content\/uploads\/2021\/07\/nano_clip_image002-Copy-300x277.jpg","contentUrl":"https:\/\/diseart.ie\/wp-content\/uploads\/2021\/07\/nano_clip_image002-Copy-300x277.jpg"},{"@type":"BreadcrumbList","@id":"https:\/\/diseart.ie\/ga\/nano-nagle-room-an-mhurealain\/#breadcrumb","itemListElement":[{"@type":"ListItem","position":1,"name":"Home","item":"https:\/\/diseart.ie\/ga\/"},{"@type":"ListItem","position":2,"name":"Nano Nagle Room &#8211; An Mh\u00fareala\u00edn"}]},{"@type":"WebSite","@id":"https:\/\/diseart.ie\/#website","url":"https:\/\/diseart.ie\/","name":"D\u00edseart Institute of Irish Spirituality and Culture in Dingle","description":"Dingle, Kerry, Ireland","publisher":{"@id":"https:\/\/diseart.ie\/#organization"},"potentialAction":[{"@type":"SearchAction","target":{"@type":"EntryPoint","urlTemplate":"https:\/\/diseart.ie\/?s={search_term_string}"},"query-input":{"@type":"PropertyValueSpecification","valueRequired":true,"valueName":"search_term_string"}}],"inLanguage":"ga-IE"},{"@type":"Organization","@id":"https:\/\/diseart.ie\/#organization","name":"D\u00edseart Centre of Irish Spirituality and Culture","url":"https:\/\/diseart.ie\/","logo":{"@type":"ImageObject","inLanguage":"ga-IE","@id":"https:\/\/diseart.ie\/#\/schema\/logo\/image\/","url":"http:\/\/diseart.ie\/wp-content\/uploads\/2018\/06\/diseart-logo-v2.png","contentUrl":"http:\/\/diseart.ie\/wp-content\/uploads\/2018\/06\/diseart-logo-v2.png","width":400,"height":150,"caption":"D\u00edseart Centre of Irish Spirituality and Culture"},"image":{"@id":"https:\/\/diseart.ie\/#\/schema\/logo\/image\/"},"sameAs":["https:\/\/www.facebook.com\/An-D\u00edseart-262189877130385\/?ref=br_rs"]}]}},"_links":{"self":[{"href":"https:\/\/diseart.ie\/ga\/wp-json\/wp\/v2\/pages\/709","targetHints":{"allow":["GET"]}}],"collection":[{"href":"https:\/\/diseart.ie\/ga\/wp-json\/wp\/v2\/pages"}],"about":[{"href":"https:\/\/diseart.ie\/ga\/wp-json\/wp\/v2\/types\/page"}],"author":[{"embeddable":true,"href":"https:\/\/diseart.ie\/ga\/wp-json\/wp\/v2\/users\/2"}],"replies":[{"embeddable":true,"href":"https:\/\/diseart.ie\/ga\/wp-json\/wp\/v2\/comments?post=709"}],"version-history":[{"count":6,"href":"https:\/\/diseart.ie\/ga\/wp-json\/wp\/v2\/pages\/709\/revisions"}],"predecessor-version":[{"id":1708,"href":"https:\/\/diseart.ie\/ga\/wp-json\/wp\/v2\/pages\/709\/revisions\/1708"}],"wp:attachment":[{"href":"https:\/\/diseart.ie\/ga\/wp-json\/wp\/v2\/media?parent=709"}],"curies":[{"name":"wp","href":"https:\/\/api.w.org\/{rel}","templated":true}]}}