{"id":705,"date":"2018-06-29T06:54:40","date_gmt":"2018-06-29T06:54:40","guid":{"rendered":"https:\/\/dev6.buchanan-solutions.com\/draft\/?page_id=705"},"modified":"2019-06-17T15:11:43","modified_gmt":"2019-06-17T15:11:43","slug":"about-harry-clarke","status":"publish","type":"page","link":"https:\/\/diseart.ie\/ga\/about-harry-clarke\/","title":{"rendered":"Faoi Harry Clarke"},"content":{"rendered":"<p>An tseoid san \u00e1it is ea s\u00e9ip\u00e9al \u00e1lainn an chlochair. S\u00e9 J.J. McCarthy M.R.I.A., dalta de chuid Augustine W. Pugin, a dhearaigh an s\u00e9ip\u00e9al seo. T\u00e1 s\u00e9 gl\u00e9asta le stallanna gearrtha as dair Sp\u00e1inneach; t\u00e1 alt\u00f3ir d\u00e9anta as marmar Iod\u00e1lach ann. Ar an gcuid is deise de t\u00e1 dh\u00e1 fhuinneog d\u00e9ag cr\u00f3 sn\u00e1thaide, s\u00e9 ph\u00e9ire, de ghloine daite a thugann cuntas ar bheatha Chr\u00edost. S\u00e9 an t-eala\u00edont\u00f3ir Harry Clarke (1889 &#8211; 1931), an mh\u00f3rchl\u00fa, a dhein na sciamhfhuinneoga seo. S\u00ed an mh\u00e1thair Ab Ita Macken d&#8217;ord na Toirbhirte a d&#8217;ordaigh na fuinneoga sa bhliain 1922 ar chostas \u00a31000 agus go dt\u00ed le d\u00e9ana\u00ed n\u00ed raibh teacht go h\u00e9asca orthu.<\/p>\n<p>L\u00e9ir\u00edonn an s\u00e9 fhuinneog mhuilleanach beatha Chr\u00edost \u00f3 bhreith agus cuairt na saoithe anoir go dt\u00ed \u00cdosa \u00e1 thaispe\u00e1int f\u00e9in do Mh\u00e1ire Mhaigdil\u00e9ana tar \u00e9is a ais\u00e9ir\u00ed. Deineadh athch\u00f3iri\u00fa agus glanadh ar an fuinneoga le d\u00e9ana\u00ed. Is sampla iad d&#8217;oidhreacht eala\u00edonta d&#8217;\u00c9irinn na haoise seo caite.<\/p>\n<p><img decoding=\"async\" src=\"https:\/\/diseart.ie\/diseartImages\/clarke11.gif\" alt=\"harry clarke\" width=\"179\" height=\"215\" border=\"1\" \/><\/p>\n<h2>Faoi Harry Clarke<\/h2>\n<p><strong>Rugadh<\/strong>\u00a0Harry Clarke ar an 17\u00fa l\u00e1 de mh\u00ed na M\u00e1rta 1889 i mBaile \u00c1tha Cliath agus t\u00f3gadh \u00e9 in uimhir 33 Sr\u00e1id Frederick thuaidh. D&#8217;fhreastal se ar Mhodhscoil Sr. Maolbhr\u00edde agus ina dhiaidh sin Col\u00e1iste Belvedere. D&#8217;fh\u00e1g Harry an scoil i 1903 tar \u00e9is b\u00e1s a mh\u00e1thar, chun print\u00edseacht a thosn\u00fa lena athair sa chomhlacht gloine daite agus maisi\u00fach\u00e1n a bh\u00ed aige.<\/p>\n<p>D&#8217;fhreastal Harry ar ch\u00farsa\u00ed sa &#8220;Metropolitan School of Art&#8221; agus an Scoil Eala\u00edon Kensington Theas idir 1905 agus 1907 go dt\u00ed gur buaileadh breoite \u00e9 i 1908. Bh\u00ed taisp\u00e9antais ag Harry san R.D.S. ag an Taisp\u00e9antas Tionscail Eala\u00edona bl\u00edant\u00fail i 1910, agus ina dhiaidh seo bhuaigh s\u00e9 an bonn \u00f3ir do ghloine daite tr\u00ed bliana i ndiaidh a ch\u00e9ile \u00f3 1911 go 1913 ag com\u00f3rtas n\u00e1isi\u00fainta an Bhoird Oideachais a bh\u00ed bunaithe i Kensington Theas.<\/p>\n<p>Fuair na 11 fuinneoga i S\u00e9ip\u00e9al Honan i gCorcaigh f\u00e1ilte chro\u00ed\u00fail i 1917, bua m\u00f3r do Harry mar b\u00e9 seo an ch\u00e9ad choimisi\u00fan a ghlac s\u00e9 in \u00c9irinn. Cailleadh a athair i 1921, agus ansin th\u00f3g s\u00e9 bainist\u00edocht J. Clarke &amp; Sons lena dhearth\u00e1r Walter.<\/p>\n<p>Mhol W.B. Yeats Harry go hard &#8211; Now the acknowledged best glass is made by Harry Clarke &#8211; i 1924 tar \u00e9is d\u00f3 bhonn \u00f3ir agus tr\u00ed bonn airgid a bhuachaint ag Aonach Tailteann san R.D.S don fhuinneog &#8220;Eve of St. Agnes&#8221;. Cuireadh stop lena chuid oibre ansin ar feadh tamaill tar \u00e9is fabht\u00fa s\u00faile a fuair s\u00e9 in 1925 agus timpiste b\u00f3thair i 1926. N\u00edor ghlac an rialtas leis an &#8220;Geneva window&#8221; a rinne Harry i 1926 toisc \u00edomh\u00e1nna gn\u00e9is agus meisceoireachta. T\u00e1 an fuinneog anois ar taispe\u00e1int i Florida. Bh\u00ed ag teip ar a shl\u00e1inte agus ag aois 42 fuair Harry b\u00e1s ina chodladh i Coire san Eilv\u00e9is ar a bhealach abhaile go Baile \u00c1tha Cliath.<\/p>\n<h2>An t-Eala\u00edont\u00f3ir C\u00f3naitheach<\/h2>\n<p><strong>Bh\u00ed<\/strong>\u00a0Caoimhgh\u00edn \u00d3 Fraithile seal ina eala\u00edont\u00f3ir c\u00f3naitheach sa D\u00edseart. As Luimneach \u00f3 dh\u00fachas do \u00d3 Fraithile, agus c\u00e9im\u00ed MFA \u00f3 ollscoil Missouri, Columbia is ea \u00e9. Thainig s\u00e9 ar ais \u00f3 Mheirice\u00e1 chun a \u00e1\u00edt a th\u00f3gaint sa D\u00edseart. Bh\u00ed s\u00e9 ina eala\u00edont\u00f3ir c\u00f3naitheach seal sa tSeap\u00e1in agus sna St\u00e1it Aontaithe. T\u00e1 sti\u00fad\u00ed\u00f3 aige l\u00e1mh leis an D\u00edseart anois.<\/p>\n<p>Ag us\u00e1id \u00e1bhair ar n\u00f3s tu\u00ed, cloch, luaidhe agus salann, oibr\u00edonn Caoimhgh\u00edn ar \u00e1bhair agus insealbhaithe a ligeann don lucht f\u00e9achana ceangal a dh\u00e9anamh le pr\u00f3is\u00e9as na d\u00e9antas\u00edochta.<\/p>\n<p>Deir s\u00e9: &#8220;I&#8217;m looking forward to creating a new body of work based on rural traditions and the landscape of the Dingle Peninsula and working on a series of projects, which involves the community and brings people together to share skills.&#8221;<\/p>\n<p>&#8220;Is bre\u00e1 liom sean-n\u00f3sanna a thosn\u00fa ar\u00eds i measc an phobail&#8221; a deir \u00d3 Frathaile.<\/p>\n","protected":false},"excerpt":{"rendered":"<p>An tseoid san \u00e1it is ea s\u00e9ip\u00e9al \u00e1lainn an chlochair. S\u00e9 J.J. McCarthy M.R.I.A., dalta de chuid Augustine W. Pugin, a dhearaigh an s\u00e9ip\u00e9al seo. T\u00e1 s\u00e9 gl\u00e9asta le stallanna gearrtha as dair Sp\u00e1inneach; t\u00e1 alt\u00f3ir d\u00e9anta as marmar Iod\u00e1lach ann. Ar an gcuid is deise de t\u00e1 dh\u00e1 fhuinneog d\u00e9ag cr\u00f3 sn\u00e1thaide, s\u00e9 ph\u00e9ire, [&hellip;]<\/p>\n","protected":false},"author":2,"featured_media":0,"parent":0,"menu_order":0,"comment_status":"closed","ping_status":"closed","template":"","meta":{"om_disable_all_campaigns":false,"_monsterinsights_skip_tracking":false,"_monsterinsights_sitenote_active":false,"_monsterinsights_sitenote_note":"","_monsterinsights_sitenote_category":0,"_uf_show_specific_survey":0,"_uf_disable_surveys":false,"ocean_post_layout":"","ocean_both_sidebars_style":"","ocean_both_sidebars_content_width":0,"ocean_both_sidebars_sidebars_width":0,"ocean_sidebar":"0","ocean_second_sidebar":"0","ocean_disable_margins":"enable","ocean_add_body_class":"","ocean_shortcode_before_top_bar":"","ocean_shortcode_after_top_bar":"","ocean_shortcode_before_header":"","ocean_shortcode_after_header":"","ocean_has_shortcode":"","ocean_shortcode_after_title":"","ocean_shortcode_before_footer_widgets":"","ocean_shortcode_after_footer_widgets":"","ocean_shortcode_before_footer_bottom":"","ocean_shortcode_after_footer_bottom":"","ocean_display_top_bar":"default","ocean_display_header":"default","ocean_header_style":"","ocean_center_header_left_menu":"0","ocean_custom_header_template":"0","ocean_custom_logo":0,"ocean_custom_retina_logo":0,"ocean_custom_logo_max_width":0,"ocean_custom_logo_tablet_max_width":0,"ocean_custom_logo_mobile_max_width":0,"ocean_custom_logo_max_height":0,"ocean_custom_logo_tablet_max_height":0,"ocean_custom_logo_mobile_max_height":0,"ocean_header_custom_menu":"0","ocean_menu_typo_font_family":"0","ocean_menu_typo_font_subset":"","ocean_menu_typo_font_size":0,"ocean_menu_typo_font_size_tablet":0,"ocean_menu_typo_font_size_mobile":0,"ocean_menu_typo_font_size_unit":"px","ocean_menu_typo_font_weight":"","ocean_menu_typo_font_weight_tablet":"","ocean_menu_typo_font_weight_mobile":"","ocean_menu_typo_transform":"","ocean_menu_typo_transform_tablet":"","ocean_menu_typo_transform_mobile":"","ocean_menu_typo_line_height":0,"ocean_menu_typo_line_height_tablet":0,"ocean_menu_typo_line_height_mobile":0,"ocean_menu_typo_line_height_unit":"","ocean_menu_typo_spacing":0,"ocean_menu_typo_spacing_tablet":0,"ocean_menu_typo_spacing_mobile":0,"ocean_menu_typo_spacing_unit":"","ocean_menu_link_color":"","ocean_menu_link_color_hover":"","ocean_menu_link_color_active":"","ocean_menu_link_background":"","ocean_menu_link_hover_background":"","ocean_menu_link_active_background":"","ocean_menu_social_links_bg":"","ocean_menu_social_hover_links_bg":"","ocean_menu_social_links_color":"","ocean_menu_social_hover_links_color":"","ocean_disable_title":"default","ocean_disable_heading":"default","ocean_post_title":"","ocean_post_subheading":"","ocean_post_title_style":"","ocean_post_title_background_color":"","ocean_post_title_background":0,"ocean_post_title_bg_image_position":"","ocean_post_title_bg_image_attachment":"","ocean_post_title_bg_image_repeat":"","ocean_post_title_bg_image_size":"","ocean_post_title_height":0,"ocean_post_title_bg_overlay":0.5,"ocean_post_title_bg_overlay_color":"","ocean_disable_breadcrumbs":"default","ocean_breadcrumbs_color":"","ocean_breadcrumbs_separator_color":"","ocean_breadcrumbs_links_color":"","ocean_breadcrumbs_links_hover_color":"","ocean_display_footer_widgets":"default","ocean_display_footer_bottom":"default","ocean_custom_footer_template":"0","footnotes":""},"class_list":["post-705","page","type-page","status-publish","hentry","entry","owp-thumbs-layout-horizontal","owp-btn-normal","owp-tabs-layout-horizontal","has-no-thumbnails","has-product-nav"],"aioseo_notices":[],"yoast_head":"<!-- This site is optimized with the Yoast SEO plugin v26.4 - https:\/\/yoast.com\/wordpress\/plugins\/seo\/ -->\n<title>Faoi Harry Clarke - D\u00edseart Institute of Irish Spirituality and Culture in Dingle<\/title>\n<meta name=\"robots\" content=\"index, follow, max-snippet:-1, max-image-preview:large, max-video-preview:-1\" \/>\n<link rel=\"canonical\" href=\"https:\/\/diseart.ie\/ga\/about-harry-clarke\/\" \/>\n<meta property=\"og:locale\" content=\"ga_IE\" \/>\n<meta property=\"og:type\" content=\"article\" \/>\n<meta property=\"og:title\" content=\"Faoi Harry Clarke - D\u00edseart Institute of Irish Spirituality and Culture in Dingle\" \/>\n<meta property=\"og:description\" content=\"An tseoid san \u00e1it is ea s\u00e9ip\u00e9al \u00e1lainn an chlochair. S\u00e9 J.J. McCarthy M.R.I.A., dalta de chuid Augustine W. Pugin, a dhearaigh an s\u00e9ip\u00e9al seo. T\u00e1 s\u00e9 gl\u00e9asta le stallanna gearrtha as dair Sp\u00e1inneach; t\u00e1 alt\u00f3ir d\u00e9anta as marmar Iod\u00e1lach ann. Ar an gcuid is deise de t\u00e1 dh\u00e1 fhuinneog d\u00e9ag cr\u00f3 sn\u00e1thaide, s\u00e9 ph\u00e9ire, [&hellip;]\" \/>\n<meta property=\"og:url\" content=\"https:\/\/diseart.ie\/ga\/about-harry-clarke\/\" \/>\n<meta property=\"og:site_name\" content=\"D\u00edseart Institute of Irish Spirituality and Culture in Dingle\" \/>\n<meta property=\"article:publisher\" content=\"https:\/\/www.facebook.com\/An-D%c3%adseart-262189877130385\/?ref=br_rs\" \/>\n<meta property=\"article:modified_time\" content=\"2019-06-17T15:11:43+00:00\" \/>\n<meta property=\"og:image\" content=\"https:\/\/diseart.ie\/diseartImages\/clarke11.gif\" \/>\n<meta name=\"twitter:card\" content=\"summary_large_image\" \/>\n<meta name=\"twitter:label1\" content=\"Est. reading time\" \/>\n\t<meta name=\"twitter:data1\" content=\"3 minutes\" \/>\n<script type=\"application\/ld+json\" class=\"yoast-schema-graph\">{\"@context\":\"https:\/\/schema.org\",\"@graph\":[{\"@type\":\"WebPage\",\"@id\":\"https:\/\/diseart.ie\/ga\/about-harry-clarke\/\",\"url\":\"https:\/\/diseart.ie\/ga\/about-harry-clarke\/\",\"name\":\"Faoi Harry Clarke - D\u00edseart Institute of Irish Spirituality and Culture in Dingle\",\"isPartOf\":{\"@id\":\"https:\/\/diseart.ie\/#website\"},\"primaryImageOfPage\":{\"@id\":\"https:\/\/diseart.ie\/ga\/about-harry-clarke\/#primaryimage\"},\"image\":{\"@id\":\"https:\/\/diseart.ie\/ga\/about-harry-clarke\/#primaryimage\"},\"thumbnailUrl\":\"https:\/\/diseart.ie\/diseartImages\/clarke11.gif\",\"datePublished\":\"2018-06-29T06:54:40+00:00\",\"dateModified\":\"2019-06-17T15:11:43+00:00\",\"breadcrumb\":{\"@id\":\"https:\/\/diseart.ie\/ga\/about-harry-clarke\/#breadcrumb\"},\"inLanguage\":\"ga-IE\",\"potentialAction\":[{\"@type\":\"ReadAction\",\"target\":[\"https:\/\/diseart.ie\/ga\/about-harry-clarke\/\"]}]},{\"@type\":\"ImageObject\",\"inLanguage\":\"ga-IE\",\"@id\":\"https:\/\/diseart.ie\/ga\/about-harry-clarke\/#primaryimage\",\"url\":\"https:\/\/diseart.ie\/diseartImages\/clarke11.gif\",\"contentUrl\":\"https:\/\/diseart.ie\/diseartImages\/clarke11.gif\"},{\"@type\":\"BreadcrumbList\",\"@id\":\"https:\/\/diseart.ie\/ga\/about-harry-clarke\/#breadcrumb\",\"itemListElement\":[{\"@type\":\"ListItem\",\"position\":1,\"name\":\"Home\",\"item\":\"https:\/\/diseart.ie\/ga\/\"},{\"@type\":\"ListItem\",\"position\":2,\"name\":\"Faoi Harry Clarke\"}]},{\"@type\":\"WebSite\",\"@id\":\"https:\/\/diseart.ie\/#website\",\"url\":\"https:\/\/diseart.ie\/\",\"name\":\"D\u00edseart Institute of Irish Spirituality and Culture in Dingle\",\"description\":\"Dingle, Kerry, Ireland\",\"publisher\":{\"@id\":\"https:\/\/diseart.ie\/#organization\"},\"potentialAction\":[{\"@type\":\"SearchAction\",\"target\":{\"@type\":\"EntryPoint\",\"urlTemplate\":\"https:\/\/diseart.ie\/?s={search_term_string}\"},\"query-input\":{\"@type\":\"PropertyValueSpecification\",\"valueRequired\":true,\"valueName\":\"search_term_string\"}}],\"inLanguage\":\"ga-IE\"},{\"@type\":\"Organization\",\"@id\":\"https:\/\/diseart.ie\/#organization\",\"name\":\"D\u00edseart Centre of Irish Spirituality and Culture\",\"url\":\"https:\/\/diseart.ie\/\",\"logo\":{\"@type\":\"ImageObject\",\"inLanguage\":\"ga-IE\",\"@id\":\"https:\/\/diseart.ie\/#\/schema\/logo\/image\/\",\"url\":\"http:\/\/diseart.ie\/wp-content\/uploads\/2018\/06\/diseart-logo-v2.png\",\"contentUrl\":\"http:\/\/diseart.ie\/wp-content\/uploads\/2018\/06\/diseart-logo-v2.png\",\"width\":400,\"height\":150,\"caption\":\"D\u00edseart Centre of Irish Spirituality and Culture\"},\"image\":{\"@id\":\"https:\/\/diseart.ie\/#\/schema\/logo\/image\/\"},\"sameAs\":[\"https:\/\/www.facebook.com\/An-D\u00edseart-262189877130385\/?ref=br_rs\"]}]}<\/script>\n<!-- \/ Yoast SEO plugin. -->","yoast_head_json":{"title":"Faoi Harry Clarke - D\u00edseart Institute of Irish Spirituality and Culture in Dingle","robots":{"index":"index","follow":"follow","max-snippet":"max-snippet:-1","max-image-preview":"max-image-preview:large","max-video-preview":"max-video-preview:-1"},"canonical":"https:\/\/diseart.ie\/ga\/about-harry-clarke\/","og_locale":"ga_IE","og_type":"article","og_title":"Faoi Harry Clarke - D\u00edseart Institute of Irish Spirituality and Culture in Dingle","og_description":"An tseoid san \u00e1it is ea s\u00e9ip\u00e9al \u00e1lainn an chlochair. S\u00e9 J.J. McCarthy M.R.I.A., dalta de chuid Augustine W. Pugin, a dhearaigh an s\u00e9ip\u00e9al seo. T\u00e1 s\u00e9 gl\u00e9asta le stallanna gearrtha as dair Sp\u00e1inneach; t\u00e1 alt\u00f3ir d\u00e9anta as marmar Iod\u00e1lach ann. Ar an gcuid is deise de t\u00e1 dh\u00e1 fhuinneog d\u00e9ag cr\u00f3 sn\u00e1thaide, s\u00e9 ph\u00e9ire, [&hellip;]","og_url":"https:\/\/diseart.ie\/ga\/about-harry-clarke\/","og_site_name":"D\u00edseart Institute of Irish Spirituality and Culture in Dingle","article_publisher":"https:\/\/www.facebook.com\/An-D%c3%adseart-262189877130385\/?ref=br_rs","article_modified_time":"2019-06-17T15:11:43+00:00","og_image":[{"url":"https:\/\/diseart.ie\/diseartImages\/clarke11.gif","type":"","width":"","height":""}],"twitter_card":"summary_large_image","twitter_misc":{"Est. reading time":"3 minutes"},"schema":{"@context":"https:\/\/schema.org","@graph":[{"@type":"WebPage","@id":"https:\/\/diseart.ie\/ga\/about-harry-clarke\/","url":"https:\/\/diseart.ie\/ga\/about-harry-clarke\/","name":"Faoi Harry Clarke - D\u00edseart Institute of Irish Spirituality and Culture in Dingle","isPartOf":{"@id":"https:\/\/diseart.ie\/#website"},"primaryImageOfPage":{"@id":"https:\/\/diseart.ie\/ga\/about-harry-clarke\/#primaryimage"},"image":{"@id":"https:\/\/diseart.ie\/ga\/about-harry-clarke\/#primaryimage"},"thumbnailUrl":"https:\/\/diseart.ie\/diseartImages\/clarke11.gif","datePublished":"2018-06-29T06:54:40+00:00","dateModified":"2019-06-17T15:11:43+00:00","breadcrumb":{"@id":"https:\/\/diseart.ie\/ga\/about-harry-clarke\/#breadcrumb"},"inLanguage":"ga-IE","potentialAction":[{"@type":"ReadAction","target":["https:\/\/diseart.ie\/ga\/about-harry-clarke\/"]}]},{"@type":"ImageObject","inLanguage":"ga-IE","@id":"https:\/\/diseart.ie\/ga\/about-harry-clarke\/#primaryimage","url":"https:\/\/diseart.ie\/diseartImages\/clarke11.gif","contentUrl":"https:\/\/diseart.ie\/diseartImages\/clarke11.gif"},{"@type":"BreadcrumbList","@id":"https:\/\/diseart.ie\/ga\/about-harry-clarke\/#breadcrumb","itemListElement":[{"@type":"ListItem","position":1,"name":"Home","item":"https:\/\/diseart.ie\/ga\/"},{"@type":"ListItem","position":2,"name":"Faoi Harry Clarke"}]},{"@type":"WebSite","@id":"https:\/\/diseart.ie\/#website","url":"https:\/\/diseart.ie\/","name":"D\u00edseart Institute of Irish Spirituality and Culture in Dingle","description":"Dingle, Kerry, Ireland","publisher":{"@id":"https:\/\/diseart.ie\/#organization"},"potentialAction":[{"@type":"SearchAction","target":{"@type":"EntryPoint","urlTemplate":"https:\/\/diseart.ie\/?s={search_term_string}"},"query-input":{"@type":"PropertyValueSpecification","valueRequired":true,"valueName":"search_term_string"}}],"inLanguage":"ga-IE"},{"@type":"Organization","@id":"https:\/\/diseart.ie\/#organization","name":"D\u00edseart Centre of Irish Spirituality and Culture","url":"https:\/\/diseart.ie\/","logo":{"@type":"ImageObject","inLanguage":"ga-IE","@id":"https:\/\/diseart.ie\/#\/schema\/logo\/image\/","url":"http:\/\/diseart.ie\/wp-content\/uploads\/2018\/06\/diseart-logo-v2.png","contentUrl":"http:\/\/diseart.ie\/wp-content\/uploads\/2018\/06\/diseart-logo-v2.png","width":400,"height":150,"caption":"D\u00edseart Centre of Irish Spirituality and Culture"},"image":{"@id":"https:\/\/diseart.ie\/#\/schema\/logo\/image\/"},"sameAs":["https:\/\/www.facebook.com\/An-D\u00edseart-262189877130385\/?ref=br_rs"]}]}},"_links":{"self":[{"href":"https:\/\/diseart.ie\/ga\/wp-json\/wp\/v2\/pages\/705","targetHints":{"allow":["GET"]}}],"collection":[{"href":"https:\/\/diseart.ie\/ga\/wp-json\/wp\/v2\/pages"}],"about":[{"href":"https:\/\/diseart.ie\/ga\/wp-json\/wp\/v2\/types\/page"}],"author":[{"embeddable":true,"href":"https:\/\/diseart.ie\/ga\/wp-json\/wp\/v2\/users\/2"}],"replies":[{"embeddable":true,"href":"https:\/\/diseart.ie\/ga\/wp-json\/wp\/v2\/comments?post=705"}],"version-history":[{"count":3,"href":"https:\/\/diseart.ie\/ga\/wp-json\/wp\/v2\/pages\/705\/revisions"}],"predecessor-version":[{"id":1063,"href":"https:\/\/diseart.ie\/ga\/wp-json\/wp\/v2\/pages\/705\/revisions\/1063"}],"wp:attachment":[{"href":"https:\/\/diseart.ie\/ga\/wp-json\/wp\/v2\/media?parent=705"}],"curies":[{"name":"wp","href":"https:\/\/api.w.org\/{rel}","templated":true}]}}