{"id":697,"date":"2018-06-29T06:46:32","date_gmt":"2018-06-29T06:46:32","guid":{"rendered":"https:\/\/dev6.buchanan-solutions.com\/draft\/?page_id=697"},"modified":"2022-09-13T18:53:00","modified_gmt":"2022-09-13T18:53:00","slug":"the-dingle-stain-glass-windows","status":"publish","type":"page","link":"https:\/\/diseart.ie\/ga\/the-dingle-stain-glass-windows\/","title":{"rendered":"Fuinneoga Daite"},"content":{"rendered":"<table border=\"0\" width=\"455\">\n<tbody>\n<tr>\n<td width=\"125\"><img decoding=\"async\" src=\"https:\/\/diseart.ie\/diseartImages\/3.jpg\" width=\"125\" height=\"175\" \/><\/td>\n<td width=\"320\"><strong>1. Cuairt na Saoithe<\/strong><br \/>\nAgus ar dhul isteach sa teach d\u00f3ibh, chonaic siad an leanbh agus Muire a mh\u00e1thair, agus d&#8217;umhlaigh siad go talamh ag d\u00e9anamh \u00f3m\u00f3is d\u00f3. Agus d&#8217;oscail siad a gcist\u00ed agus d&#8217;ofr\u00e1il siad tabhartais d\u00f3, \u00f3r agus t\u00fais agus miorra. (Matha 2:11)<\/td>\n<\/tr>\n<tr>\n<td><\/td>\n<td><\/td>\n<\/tr>\n<tr>\n<td><img decoding=\"async\" src=\"https:\/\/diseart.ie\/diseartImages\/55.jpg\" width=\"125\" height=\"175\" \/><\/td>\n<td><strong>2. Baisteadh \u00cdosa<\/strong><br \/>\nL\u00e1 de na laethanta sin th\u00e1inig \u00cdosa \u00f3 Nazarat sa Ghail\u00edl agus fuair baisteadh sa Iord\u00e1in \u00f3 Eoin. Agus an t\u00faisce a th\u00e1inig s\u00e9 an\u00edos as an uisce, chonaic s\u00e9 na flaithis ag oscailt \u00f3 ch\u00e9ile agus an Spiorad mar a bheadh colm ag teacht anuas air. Agus th\u00e1inig gl\u00f3r \u00f3 na flaithis: &#8220;Is t\u00fa mo Mhac muirneach; is duit a thug m\u00e9 gnaoi.&#8221; (Marcas 1:9-11)<\/td>\n<\/tr>\n<tr>\n<td><\/td>\n<td><\/td>\n<\/tr>\n<tr>\n<td><img decoding=\"async\" src=\"https:\/\/diseart.ie\/diseartImages\/4.jpg\" width=\"125\" height=\"175\" \/><\/td>\n<td><strong>3. Ligig\u00ed do na leana\u00ed teacht chugam<\/strong><br \/>\nAgus bh\u00ed siad ag tabhairt na leana\u00ed chuige chun go s\u00ednfeadh s\u00e9 a l\u00e1mh orthu, ach bh\u00ed na deisceabail ag cur ceart\u00fa orthu. Ar a fheice\u00e1il sin d\u00f3, th\u00e1inig m\u00ed-ch\u00e9adfa air agus d\u00fairt leo: &#8220;Ligig\u00ed do na leana\u00ed teacht chugam, n\u00e1 coisig\u00ed iad, \u00f3ir is lena leith\u00e9id\u00ed seo r\u00edocht D\u00e9&#8221; (Marcas 10:13-14)<\/td>\n<\/tr>\n<tr>\n<td><\/td>\n<td><\/td>\n<\/tr>\n<tr>\n<td><img loading=\"lazy\" decoding=\"async\" src=\"https:\/\/diseart.ie\/diseartImages\/6.jpg\" width=\"125\" height=\"94\" \/><\/td>\n<td><strong>4. An tSeanm\u00f3ir ar an Sliabh: Na Bi\u00e1id\u00ed<\/strong><br \/>\nNuair a chonaic s\u00e9 na sluaite, chuaigh s\u00e9 an sliabh suas \u2026. Thosaigh s\u00e9 ag caint leo \u00e1 dteagasc agus d\u00fairt: &#8220;Is m\u00e9anar d\u00f3ibh seo at\u00e1 bocht \u00f3 spiorad, \u00f3ir is leo r\u00edocht na bhflaitheas. Is m\u00e9anar do lucht an dobr\u00f3in, \u00f3ir s\u00f3l\u00e1s\u00f3far iad. Is m\u00e9anar d\u00f3ibh seo at\u00e1 ceansa, \u00f3ir gheobhaidh siad an talamh mar oidhreacht ..&#8221; (Matha 5:1-5)<\/td>\n<\/tr>\n<tr>\n<td><\/td>\n<td><\/td>\n<\/tr>\n<tr>\n<td><img loading=\"lazy\" decoding=\"async\" src=\"https:\/\/diseart.ie\/diseartImages\/1.jpg\" width=\"125\" height=\"175\" \/><\/td>\n<td><strong>5. An tAllas Fola<\/strong><br \/>\n&#8220;A Athair&#8221; deireadh s\u00e9 &#8220;m\u00e1s toil leat \u00e9, t\u00f3g uaim an cupa seo; ach n\u00e1rab \u00ed mo thoilse a dh\u00e9anfar ach do thoilse. Agus chonacthas aingeal \u00f3 neamh d\u00f3 \u00e1 neart\u00fa. \u00d3 bh\u00ed s\u00e9 in anbhroid, ba dh\u00e9inide \u00e9 ag gu\u00ed; agus bh\u00ed a chuid fola mar a bheadh braonta ramhra fola ag sileadh go talamh. (L\u00fac\u00e1s 22:42-44)<\/td>\n<\/tr>\n<tr>\n<td><\/td>\n<td><\/td>\n<\/tr>\n<tr>\n<td><img loading=\"lazy\" decoding=\"async\" src=\"https:\/\/diseart.ie\/diseartImages\/2.jpg\" width=\"125\" height=\"175\" \/><\/td>\n<td><strong>6. Taispe\u00e1nann \u00cdosa \u00e1 f\u00e9in do Mh\u00e1ire Mhaigdil\u00e9ana<\/strong><br \/>\nD\u00fairt \u00cdosa l\u00e9i: &#8220;A bhean c\u00e9n f\u00e1th a bhfuil t\u00fa ag gol? C\u00e9 at\u00e1 uait?&#8221; Mheas s\u00ed gurbh \u00e9 an garra\u00edod\u00f3ir \u00e9 agus d\u00fairt leis: &#8220;A dhuine uasail, m\u00e1s tusa a th\u00f3g \u00e9, inis dom c\u00e1r chuir t\u00fa \u00e9 agus tabharfaidh m\u00e9 liom \u00e9.&#8221; &#8220;A Mh\u00e1ire,&#8221; arsa \u00cdosa l\u00e9i. D&#8217;iompaigh sise agus d\u00fairt as Eabhrais: &#8220;Rab\u00fana\u00ed&#8221;, is \u00e9 sin le r\u00e1: &#8220;A Mh\u00e1istir&#8221; (Eoin 20:15-16)<\/td>\n<\/tr>\n<\/tbody>\n<\/table>\n<p><strong>Eala\u00edont\u00f3ir\u00ed C\u00f3naithe<\/strong><\/p>\n<p>Chun taca\u00edocht a thabhairt d&#8217;eala\u00edont\u00f3ir\u00ed lena saothar.<\/p>\n<p><a href=\"https:\/\/cof-art.com\/\">Caoimh\u00edn \u00d3 Fraithile,\u00a0<\/a><\/p>\n<p><a href=\"https:\/\/domhnalobric.com\/\">D\u00f3mhnal \u00d3 Bric<\/a><\/p>\n<p><a href=\"https:\/\/ainenichiobhain.com\/\">\u00c1ine N\u00ed Chiobh\u00e1in<\/a><\/p>\n<p>Se\u00e1n \u00d3 Treasaigh<\/p>\n","protected":false},"excerpt":{"rendered":"<p>1. Cuairt na Saoithe Agus ar dhul isteach sa teach d\u00f3ibh, chonaic siad an leanbh agus Muire a mh\u00e1thair, agus d&#8217;umhlaigh siad go talamh ag d\u00e9anamh \u00f3m\u00f3is d\u00f3. Agus d&#8217;oscail siad a gcist\u00ed agus d&#8217;ofr\u00e1il siad tabhartais d\u00f3, \u00f3r agus t\u00fais agus miorra. (Matha 2:11) 2. Baisteadh \u00cdosa L\u00e1 de na laethanta sin th\u00e1inig \u00cdosa [&hellip;]<\/p>\n","protected":false},"author":2,"featured_media":0,"parent":0,"menu_order":0,"comment_status":"closed","ping_status":"closed","template":"","meta":{"om_disable_all_campaigns":false,"_monsterinsights_skip_tracking":false,"_monsterinsights_sitenote_active":false,"_monsterinsights_sitenote_note":"","_monsterinsights_sitenote_category":0,"_uf_show_specific_survey":0,"_uf_disable_surveys":false,"ocean_post_layout":"","ocean_both_sidebars_style":"","ocean_both_sidebars_content_width":0,"ocean_both_sidebars_sidebars_width":0,"ocean_sidebar":"0","ocean_second_sidebar":"0","ocean_disable_margins":"enable","ocean_add_body_class":"","ocean_shortcode_before_top_bar":"","ocean_shortcode_after_top_bar":"","ocean_shortcode_before_header":"","ocean_shortcode_after_header":"","ocean_has_shortcode":"","ocean_shortcode_after_title":"","ocean_shortcode_before_footer_widgets":"","ocean_shortcode_after_footer_widgets":"","ocean_shortcode_before_footer_bottom":"","ocean_shortcode_after_footer_bottom":"","ocean_display_top_bar":"default","ocean_display_header":"default","ocean_header_style":"","ocean_center_header_left_menu":"0","ocean_custom_header_template":"0","ocean_custom_logo":0,"ocean_custom_retina_logo":0,"ocean_custom_logo_max_width":0,"ocean_custom_logo_tablet_max_width":0,"ocean_custom_logo_mobile_max_width":0,"ocean_custom_logo_max_height":0,"ocean_custom_logo_tablet_max_height":0,"ocean_custom_logo_mobile_max_height":0,"ocean_header_custom_menu":"0","ocean_menu_typo_font_family":"0","ocean_menu_typo_font_subset":"","ocean_menu_typo_font_size":0,"ocean_menu_typo_font_size_tablet":0,"ocean_menu_typo_font_size_mobile":0,"ocean_menu_typo_font_size_unit":"px","ocean_menu_typo_font_weight":"","ocean_menu_typo_font_weight_tablet":"","ocean_menu_typo_font_weight_mobile":"","ocean_menu_typo_transform":"","ocean_menu_typo_transform_tablet":"","ocean_menu_typo_transform_mobile":"","ocean_menu_typo_line_height":0,"ocean_menu_typo_line_height_tablet":0,"ocean_menu_typo_line_height_mobile":0,"ocean_menu_typo_line_height_unit":"","ocean_menu_typo_spacing":0,"ocean_menu_typo_spacing_tablet":0,"ocean_menu_typo_spacing_mobile":0,"ocean_menu_typo_spacing_unit":"","ocean_menu_link_color":"","ocean_menu_link_color_hover":"","ocean_menu_link_color_active":"","ocean_menu_link_background":"","ocean_menu_link_hover_background":"","ocean_menu_link_active_background":"","ocean_menu_social_links_bg":"","ocean_menu_social_hover_links_bg":"","ocean_menu_social_links_color":"","ocean_menu_social_hover_links_color":"","ocean_disable_title":"default","ocean_disable_heading":"default","ocean_post_title":"","ocean_post_subheading":"","ocean_post_title_style":"","ocean_post_title_background_color":"","ocean_post_title_background":0,"ocean_post_title_bg_image_position":"","ocean_post_title_bg_image_attachment":"","ocean_post_title_bg_image_repeat":"","ocean_post_title_bg_image_size":"","ocean_post_title_height":0,"ocean_post_title_bg_overlay":0.5,"ocean_post_title_bg_overlay_color":"","ocean_disable_breadcrumbs":"default","ocean_breadcrumbs_color":"","ocean_breadcrumbs_separator_color":"","ocean_breadcrumbs_links_color":"","ocean_breadcrumbs_links_hover_color":"","ocean_display_footer_widgets":"default","ocean_display_footer_bottom":"default","ocean_custom_footer_template":"0","footnotes":""},"class_list":["post-697","page","type-page","status-publish","hentry","entry","owp-thumbs-layout-horizontal","owp-btn-normal","owp-tabs-layout-horizontal","has-no-thumbnails","has-product-nav"],"aioseo_notices":[],"yoast_head":"<!-- This site is optimized with the Yoast SEO plugin v26.4 - https:\/\/yoast.com\/wordpress\/plugins\/seo\/ -->\n<title>Fuinneoga Daite - D\u00edseart Institute of Irish Spirituality and Culture in Dingle<\/title>\n<meta name=\"robots\" content=\"index, follow, max-snippet:-1, max-image-preview:large, max-video-preview:-1\" \/>\n<link rel=\"canonical\" href=\"https:\/\/diseart.ie\/ga\/the-dingle-stain-glass-windows\/\" \/>\n<meta property=\"og:locale\" content=\"ga_IE\" \/>\n<meta property=\"og:type\" content=\"article\" \/>\n<meta property=\"og:title\" content=\"Fuinneoga Daite - D\u00edseart Institute of Irish Spirituality and Culture in Dingle\" \/>\n<meta property=\"og:description\" content=\"1. Cuairt na Saoithe Agus ar dhul isteach sa teach d\u00f3ibh, chonaic siad an leanbh agus Muire a mh\u00e1thair, agus d&#8217;umhlaigh siad go talamh ag d\u00e9anamh \u00f3m\u00f3is d\u00f3. Agus d&#8217;oscail siad a gcist\u00ed agus d&#8217;ofr\u00e1il siad tabhartais d\u00f3, \u00f3r agus t\u00fais agus miorra. (Matha 2:11) 2. Baisteadh \u00cdosa L\u00e1 de na laethanta sin th\u00e1inig \u00cdosa [&hellip;]\" \/>\n<meta property=\"og:url\" content=\"https:\/\/diseart.ie\/ga\/the-dingle-stain-glass-windows\/\" \/>\n<meta property=\"og:site_name\" content=\"D\u00edseart Institute of Irish Spirituality and Culture in Dingle\" \/>\n<meta property=\"article:publisher\" content=\"https:\/\/www.facebook.com\/An-D%c3%adseart-262189877130385\/?ref=br_rs\" \/>\n<meta property=\"article:modified_time\" content=\"2022-09-13T18:53:00+00:00\" \/>\n<meta property=\"og:image\" content=\"https:\/\/diseart.ie\/diseartImages\/3.jpg\" \/>\n<meta name=\"twitter:card\" content=\"summary_large_image\" \/>\n<meta name=\"twitter:label1\" content=\"Est. reading time\" \/>\n\t<meta name=\"twitter:data1\" content=\"3 minutes\" \/>\n<script type=\"application\/ld+json\" class=\"yoast-schema-graph\">{\"@context\":\"https:\/\/schema.org\",\"@graph\":[{\"@type\":\"WebPage\",\"@id\":\"https:\/\/diseart.ie\/ga\/the-dingle-stain-glass-windows\/\",\"url\":\"https:\/\/diseart.ie\/ga\/the-dingle-stain-glass-windows\/\",\"name\":\"Fuinneoga Daite - D\u00edseart Institute of Irish Spirituality and Culture in Dingle\",\"isPartOf\":{\"@id\":\"https:\/\/diseart.ie\/#website\"},\"primaryImageOfPage\":{\"@id\":\"https:\/\/diseart.ie\/ga\/the-dingle-stain-glass-windows\/#primaryimage\"},\"image\":{\"@id\":\"https:\/\/diseart.ie\/ga\/the-dingle-stain-glass-windows\/#primaryimage\"},\"thumbnailUrl\":\"https:\/\/diseart.ie\/diseartImages\/3.jpg\",\"datePublished\":\"2018-06-29T06:46:32+00:00\",\"dateModified\":\"2022-09-13T18:53:00+00:00\",\"breadcrumb\":{\"@id\":\"https:\/\/diseart.ie\/ga\/the-dingle-stain-glass-windows\/#breadcrumb\"},\"inLanguage\":\"ga-IE\",\"potentialAction\":[{\"@type\":\"ReadAction\",\"target\":[\"https:\/\/diseart.ie\/ga\/the-dingle-stain-glass-windows\/\"]}]},{\"@type\":\"ImageObject\",\"inLanguage\":\"ga-IE\",\"@id\":\"https:\/\/diseart.ie\/ga\/the-dingle-stain-glass-windows\/#primaryimage\",\"url\":\"https:\/\/diseart.ie\/diseartImages\/3.jpg\",\"contentUrl\":\"https:\/\/diseart.ie\/diseartImages\/3.jpg\"},{\"@type\":\"BreadcrumbList\",\"@id\":\"https:\/\/diseart.ie\/ga\/the-dingle-stain-glass-windows\/#breadcrumb\",\"itemListElement\":[{\"@type\":\"ListItem\",\"position\":1,\"name\":\"Home\",\"item\":\"https:\/\/diseart.ie\/ga\/\"},{\"@type\":\"ListItem\",\"position\":2,\"name\":\"Fuinneoga Daite\"}]},{\"@type\":\"WebSite\",\"@id\":\"https:\/\/diseart.ie\/#website\",\"url\":\"https:\/\/diseart.ie\/\",\"name\":\"D\u00edseart Institute of Irish Spirituality and Culture in Dingle\",\"description\":\"Dingle, Kerry, Ireland\",\"publisher\":{\"@id\":\"https:\/\/diseart.ie\/#organization\"},\"potentialAction\":[{\"@type\":\"SearchAction\",\"target\":{\"@type\":\"EntryPoint\",\"urlTemplate\":\"https:\/\/diseart.ie\/?s={search_term_string}\"},\"query-input\":{\"@type\":\"PropertyValueSpecification\",\"valueRequired\":true,\"valueName\":\"search_term_string\"}}],\"inLanguage\":\"ga-IE\"},{\"@type\":\"Organization\",\"@id\":\"https:\/\/diseart.ie\/#organization\",\"name\":\"D\u00edseart Centre of Irish Spirituality and Culture\",\"url\":\"https:\/\/diseart.ie\/\",\"logo\":{\"@type\":\"ImageObject\",\"inLanguage\":\"ga-IE\",\"@id\":\"https:\/\/diseart.ie\/#\/schema\/logo\/image\/\",\"url\":\"http:\/\/diseart.ie\/wp-content\/uploads\/2018\/06\/diseart-logo-v2.png\",\"contentUrl\":\"http:\/\/diseart.ie\/wp-content\/uploads\/2018\/06\/diseart-logo-v2.png\",\"width\":400,\"height\":150,\"caption\":\"D\u00edseart Centre of Irish Spirituality and Culture\"},\"image\":{\"@id\":\"https:\/\/diseart.ie\/#\/schema\/logo\/image\/\"},\"sameAs\":[\"https:\/\/www.facebook.com\/An-D\u00edseart-262189877130385\/?ref=br_rs\"]}]}<\/script>\n<!-- \/ Yoast SEO plugin. -->","yoast_head_json":{"title":"Fuinneoga Daite - D\u00edseart Institute of Irish Spirituality and Culture in Dingle","robots":{"index":"index","follow":"follow","max-snippet":"max-snippet:-1","max-image-preview":"max-image-preview:large","max-video-preview":"max-video-preview:-1"},"canonical":"https:\/\/diseart.ie\/ga\/the-dingle-stain-glass-windows\/","og_locale":"ga_IE","og_type":"article","og_title":"Fuinneoga Daite - D\u00edseart Institute of Irish Spirituality and Culture in Dingle","og_description":"1. Cuairt na Saoithe Agus ar dhul isteach sa teach d\u00f3ibh, chonaic siad an leanbh agus Muire a mh\u00e1thair, agus d&#8217;umhlaigh siad go talamh ag d\u00e9anamh \u00f3m\u00f3is d\u00f3. Agus d&#8217;oscail siad a gcist\u00ed agus d&#8217;ofr\u00e1il siad tabhartais d\u00f3, \u00f3r agus t\u00fais agus miorra. (Matha 2:11) 2. Baisteadh \u00cdosa L\u00e1 de na laethanta sin th\u00e1inig \u00cdosa [&hellip;]","og_url":"https:\/\/diseart.ie\/ga\/the-dingle-stain-glass-windows\/","og_site_name":"D\u00edseart Institute of Irish Spirituality and Culture in Dingle","article_publisher":"https:\/\/www.facebook.com\/An-D%c3%adseart-262189877130385\/?ref=br_rs","article_modified_time":"2022-09-13T18:53:00+00:00","og_image":[{"url":"https:\/\/diseart.ie\/diseartImages\/3.jpg","type":"","width":"","height":""}],"twitter_card":"summary_large_image","twitter_misc":{"Est. reading time":"3 minutes"},"schema":{"@context":"https:\/\/schema.org","@graph":[{"@type":"WebPage","@id":"https:\/\/diseart.ie\/ga\/the-dingle-stain-glass-windows\/","url":"https:\/\/diseart.ie\/ga\/the-dingle-stain-glass-windows\/","name":"Fuinneoga Daite - D\u00edseart Institute of Irish Spirituality and Culture in Dingle","isPartOf":{"@id":"https:\/\/diseart.ie\/#website"},"primaryImageOfPage":{"@id":"https:\/\/diseart.ie\/ga\/the-dingle-stain-glass-windows\/#primaryimage"},"image":{"@id":"https:\/\/diseart.ie\/ga\/the-dingle-stain-glass-windows\/#primaryimage"},"thumbnailUrl":"https:\/\/diseart.ie\/diseartImages\/3.jpg","datePublished":"2018-06-29T06:46:32+00:00","dateModified":"2022-09-13T18:53:00+00:00","breadcrumb":{"@id":"https:\/\/diseart.ie\/ga\/the-dingle-stain-glass-windows\/#breadcrumb"},"inLanguage":"ga-IE","potentialAction":[{"@type":"ReadAction","target":["https:\/\/diseart.ie\/ga\/the-dingle-stain-glass-windows\/"]}]},{"@type":"ImageObject","inLanguage":"ga-IE","@id":"https:\/\/diseart.ie\/ga\/the-dingle-stain-glass-windows\/#primaryimage","url":"https:\/\/diseart.ie\/diseartImages\/3.jpg","contentUrl":"https:\/\/diseart.ie\/diseartImages\/3.jpg"},{"@type":"BreadcrumbList","@id":"https:\/\/diseart.ie\/ga\/the-dingle-stain-glass-windows\/#breadcrumb","itemListElement":[{"@type":"ListItem","position":1,"name":"Home","item":"https:\/\/diseart.ie\/ga\/"},{"@type":"ListItem","position":2,"name":"Fuinneoga Daite"}]},{"@type":"WebSite","@id":"https:\/\/diseart.ie\/#website","url":"https:\/\/diseart.ie\/","name":"D\u00edseart Institute of Irish Spirituality and Culture in Dingle","description":"Dingle, Kerry, Ireland","publisher":{"@id":"https:\/\/diseart.ie\/#organization"},"potentialAction":[{"@type":"SearchAction","target":{"@type":"EntryPoint","urlTemplate":"https:\/\/diseart.ie\/?s={search_term_string}"},"query-input":{"@type":"PropertyValueSpecification","valueRequired":true,"valueName":"search_term_string"}}],"inLanguage":"ga-IE"},{"@type":"Organization","@id":"https:\/\/diseart.ie\/#organization","name":"D\u00edseart Centre of Irish Spirituality and Culture","url":"https:\/\/diseart.ie\/","logo":{"@type":"ImageObject","inLanguage":"ga-IE","@id":"https:\/\/diseart.ie\/#\/schema\/logo\/image\/","url":"http:\/\/diseart.ie\/wp-content\/uploads\/2018\/06\/diseart-logo-v2.png","contentUrl":"http:\/\/diseart.ie\/wp-content\/uploads\/2018\/06\/diseart-logo-v2.png","width":400,"height":150,"caption":"D\u00edseart Centre of Irish Spirituality and Culture"},"image":{"@id":"https:\/\/diseart.ie\/#\/schema\/logo\/image\/"},"sameAs":["https:\/\/www.facebook.com\/An-D\u00edseart-262189877130385\/?ref=br_rs"]}]}},"_links":{"self":[{"href":"https:\/\/diseart.ie\/ga\/wp-json\/wp\/v2\/pages\/697","targetHints":{"allow":["GET"]}}],"collection":[{"href":"https:\/\/diseart.ie\/ga\/wp-json\/wp\/v2\/pages"}],"about":[{"href":"https:\/\/diseart.ie\/ga\/wp-json\/wp\/v2\/types\/page"}],"author":[{"embeddable":true,"href":"https:\/\/diseart.ie\/ga\/wp-json\/wp\/v2\/users\/2"}],"replies":[{"embeddable":true,"href":"https:\/\/diseart.ie\/ga\/wp-json\/wp\/v2\/comments?post=697"}],"version-history":[{"count":5,"href":"https:\/\/diseart.ie\/ga\/wp-json\/wp\/v2\/pages\/697\/revisions"}],"predecessor-version":[{"id":2778,"href":"https:\/\/diseart.ie\/ga\/wp-json\/wp\/v2\/pages\/697\/revisions\/2778"}],"wp:attachment":[{"href":"https:\/\/diseart.ie\/ga\/wp-json\/wp\/v2\/media?parent=697"}],"curies":[{"name":"wp","href":"https:\/\/api.w.org\/{rel}","templated":true}]}}