{"id":1449,"date":"2021-06-02T16:38:40","date_gmt":"2021-06-02T16:38:40","guid":{"rendered":"https:\/\/dev6.buchanan-solutions.com\/draft\/?page_id=1449"},"modified":"2021-06-02T16:42:04","modified_gmt":"2021-06-02T16:42:04","slug":"stair","status":"publish","type":"page","link":"https:\/\/diseart.ie\/ga\/stair\/","title":{"rendered":"Stair"},"content":{"rendered":"\t\t<div data-elementor-type=\"wp-post\" data-elementor-id=\"1449\" class=\"elementor elementor-1449 elementor-10\" data-elementor-post-type=\"page\">\n\t\t\t\t\t\t<section class=\"elementor-section elementor-top-section elementor-element elementor-element-e95653d elementor-section-boxed elementor-section-height-default elementor-section-height-default\" data-id=\"e95653d\" data-element_type=\"section\">\n\t\t\t\t\t\t<div class=\"elementor-container elementor-column-gap-default\">\n\t\t\t\t\t<div class=\"elementor-column elementor-col-66 elementor-top-column elementor-element elementor-element-fff9752\" data-id=\"fff9752\" data-element_type=\"column\">\n\t\t\t<div class=\"elementor-widget-wrap elementor-element-populated\">\n\t\t\t\t\t\t<div class=\"elementor-element elementor-element-0b0a223 elementor-widget elementor-widget-text-editor\" data-id=\"0b0a223\" data-element_type=\"widget\" data-widget_type=\"text-editor.default\">\n\t\t\t\t<div class=\"elementor-widget-container\">\n\t\t\t\t\t\t\t\t\t<p>Do th\u00e1inig Si\u00faracha na Toirbhearta go dt\u00ed an nDaingean i\u00a0gContae Chiarra\u00ed go luath sa 19\u00fa haois (1829), agus \u00e9 i\u00a0gceist acu oideachas Caitliceach a chur ar f\u00e1il do chail\u00edn\u00ed \u00f3ga na d\u00fatha\u00ed. Cuireadh go m\u00f3r le r\u00f3l na Si\u00faracha, \u00e1fach, agus n\u00edorbh fhada go rabhadar go gn\u00f3thach ag d\u2019iarraidh bia agus \u00e9ada\u00ed a chur ar f\u00e1il don l\u00edon ard de theaghlaigh nach raibh go r\u00f3\u2011mhaith as, go h\u00e1irithe nuair a bh\u00edodh achrann agus corra\u00edl ann, go s\u00f3isialta agus go fisici\u00fail, mar a bh\u00edodh le linn an Droch\u2011Shaoil, n\u00f3 sna tr\u00e9imhs\u00ed nuair a bh\u00ed an calar n\u00f3 pl\u00e1igheanna eile sa treis.<\/p><p>S\u00e9 an t\u2011ailtire c\u00e1ili\u00fail i\u00a0st\u00edl an Ghotachas Nua, J.J. McCarthy, a dhein an dearth\u00f3ireacht ar an gClochar at\u00e1 anois ann, agus t\u00f3gadh go c\u00e9imni\u00fail \u00e9, i\u00a0dtr\u00e9imhs\u00ed idir 1870 agus 1900. Sa bhliain 1919, toghadh an Mh\u00e1thair \u00cdde ina ceannasa\u00ed ar an gClochar, agus dhein s\u00ed coimisi\u00fan\u00fa ar roinnt athraithe m\u00f3ra ar an S\u00e1ip\u00e9al go luath sna 1920\u00ed. Mar chuid den ath\u2011ch\u00f3iri\u00fa sin, cuireadh isteach dh\u00e1 cheann d\u00e9ag d\u2019fhuinneoga de ghloine dhaite, i\u00a0gcrot chr\u00f3 na sn\u00e1thaide, fuinneoga a fuaireadh \u00f3 sti\u00faideo Harry Clarke. L\u00e9irigh na fuinneoga sleachta as na Soisc\u00e9il le Matha, le Marcas, agus le L\u00fac\u00e1s.<\/p><p>Dob \u00e9 an clochar seo tigh Shi\u00faracha na Toirbhearta, a chuir oideachas ar f\u00e1il sa scoil i\u00a0n\u2011aice l\u00e1imhe go dt\u00ed le f\u00edor\u2011dh\u00e9ana\u00ed. T\u00e1 litir anseo \u00f3n Sr. Dorothy, a mh\u00edn\u00edonn an cinneadh a dheineadar an tigh a ligint ar c\u00edos leis an nD\u00edseart:<\/p>\t\t\t\t\t\t\t\t<\/div>\n\t\t\t\t<\/div>\n\t\t\t\t\t<\/div>\n\t\t<\/div>\n\t\t\t\t<div class=\"elementor-column elementor-col-33 elementor-top-column elementor-element elementor-element-f99d485\" data-id=\"f99d485\" data-element_type=\"column\">\n\t\t\t<div class=\"elementor-widget-wrap elementor-element-populated\">\n\t\t\t\t\t\t<div class=\"elementor-element elementor-element-e97919a elementor-widget elementor-widget-image\" data-id=\"e97919a\" data-element_type=\"widget\" data-widget_type=\"image.default\">\n\t\t\t\t<div class=\"elementor-widget-container\">\n\t\t\t\t\t\t\t\t\t\t\t\t<figure class=\"wp-caption\">\n\t\t\t\t\t\t\t\t\t\t<img fetchpriority=\"high\" decoding=\"async\" width=\"768\" height=\"1118\" src=\"https:\/\/diseart.ie\/wp-content\/uploads\/2019\/07\/Padraig-O-Fiannachta-768x1118.jpg\" class=\"attachment-medium_large size-medium_large wp-image-1196\" alt=\"\" srcset=\"https:\/\/diseart.ie\/wp-content\/uploads\/2019\/07\/Padraig-O-Fiannachta-768x1118.jpg 768w, https:\/\/diseart.ie\/wp-content\/uploads\/2019\/07\/Padraig-O-Fiannachta-206x300.jpg 206w, https:\/\/diseart.ie\/wp-content\/uploads\/2019\/07\/Padraig-O-Fiannachta-704x1024.jpg 704w, https:\/\/diseart.ie\/wp-content\/uploads\/2019\/07\/Padraig-O-Fiannachta-600x873.jpg 600w, https:\/\/diseart.ie\/wp-content\/uploads\/2019\/07\/Padraig-O-Fiannachta.jpg 1061w\" sizes=\"(max-width: 768px) 100vw, 768px\" \/>\t\t\t\t\t\t\t\t\t\t\t<figcaption class=\"widget-image-caption wp-caption-text\">Msgr. Padraig \u00d3 Fiannachta<\/figcaption>\n\t\t\t\t\t\t\t\t\t\t<\/figure>\n\t\t\t\t\t\t\t\t\t<\/div>\n\t\t\t\t<\/div>\n\t\t\t\t\t<\/div>\n\t\t<\/div>\n\t\t\t\t\t<\/div>\n\t\t<\/section>\n\t\t\t\t<section class=\"elementor-section elementor-top-section elementor-element elementor-element-e141d59 elementor-section-boxed elementor-section-height-default elementor-section-height-default\" data-id=\"e141d59\" data-element_type=\"section\">\n\t\t\t\t\t\t<div class=\"elementor-container elementor-column-gap-default\">\n\t\t\t\t\t<div class=\"elementor-column elementor-col-100 elementor-top-column elementor-element elementor-element-218d698\" data-id=\"218d698\" data-element_type=\"column\">\n\t\t\t<div class=\"elementor-widget-wrap elementor-element-populated\">\n\t\t\t\t\t\t<div class=\"elementor-element elementor-element-6bfd975 elementor-widget elementor-widget-text-editor\" data-id=\"6bfd975\" data-element_type=\"widget\" data-widget_type=\"text-editor.default\">\n\t\t\t\t<div class=\"elementor-widget-container\">\n\t\t\t\t\t\t\t\t\t<p><em>Is ball m\u00e9 de Shi\u00faracha na Toirbhearta a chaith blianta fada im ch\u00f3na\u00ed sa tigh seo, agus mar sin, t\u00e1 sp\u00e9is ar leith agam ina stair, agus gan amhras, ina thodhcha\u00ed.<\/em><\/p><p><em>Raghaidh m\u00e9 tamall fada siar go dt\u00ed 1829, nuair a th\u00e1inig na si\u00faracha anseo don ch\u00e9ad uair, agus nuair a coime\u00e1dadh c\u00fantais\u00ed d\u00e1r gcuid Ann\u00e1la don ch\u00e9ad uair. Is m\u00f3r an difr\u00edocht idir an Daingean mar a bh\u00ed s\u00e9 an uair sin agus an Daingean mar at\u00e1 s\u00e9 inniu.<\/em><\/p><p><em>I\u00a0sc\u00e9al bheatha Nano Nagle, an bhean a bhunaigh an t\u2011ord seo againn\u2011ne, t\u00e1 c\u00fantas ar an ainnise ina raibh cuid mhaith de mhuintir Chathair Chorca\u00ed ag maireachtaint san ocht\u00fa haois d\u00e9ag. Bh\u00ed cuid de mhuintir an Daingin gach aon phioc chomh bocht leo nuair a th\u00e1inig na si\u00faracha anseo. Bh\u00ed g\u00e9argh\u00e1 leis an oideachas, de gach s\u00f3rt, ar mhaithe le forbairt agus leas na ngn\u00e1th\u2011dhaoine.<\/em><\/p><p><em>T\u00e1 c\u00fantas sna hAnn\u00e1la againn ar stair an bhaile le linn an Ghorta Mh\u00f3ir, an d\u00e1 Chogadh Domhanda, b\u00e1s Dh\u00f3naill U\u00ed Chonaill, aimsir na nD\u00fachr\u00f3nach \u2013 sc\u00e9alta faoin mbochtaineacht agus faoin streachailt, ach chomh maith leis sin, sc\u00e9alta faoin ndearg\u2011mhaitheas a bh\u00ed agus at\u00e1 f\u00f3s ar f\u00e1il i\u00a0measc mhuintir an Daingin.<\/em><\/p><p><em>Ag teacht aniar go dt\u00edn\u00e1r linn f\u00e9in \u2013 a mhalairt de sc\u00e9al at\u00e1 ann anois. Do r\u00e9ir a ch\u00e9ile, th\u00e1inig laghd\u00fa ar l\u00edon na Si\u00faracha. D\u2019imigh cuid acu ar shl\u00ed na f\u00edrinne, beannacht D\u00e9 lena n-anam. Theastaigh \u00f3na thuilleadh acu maireachtaint go simpl\u00ed, istigh i\u00a0dtithe seachas i\u00a0gclochar m\u00f3r.<\/em><\/p><p><em>Sa l\u00e1 at\u00e1 inniu ann, t\u00e1 an t-oideachas foirme\u00e1lta i l\u00e1mha an-chumasacha daoine iontacha eile, agus bh\u00ed s\u00e9 de phribhl\u00e9id agam f\u00e9in bheith ag obair le roinnt mhaith acu. Mar sin, bhraitheamar\u2011na saor, mar ord, chun f\u00e9achaint lasmuigh den cheantar seo chun a bheith p\u00e1irteach i\u00a0ministreachta\u00ed i\u00a0n\u2011\u00e1iteanna eile. Chuaigh beirt shi\u00far \u00f3n\u00e1r gcomhluadar f\u00e9in go dt\u00ed An tSl\u00f3vaic nuair a bh\u00ed na Cumannaigh f\u00f3s i\u00a0r\u00e9im ann, ag obair leis na daoine ar an imeall. Chuaigh a thuilleadh againn go Zambia, go Zimbabwe, agus go t\u00edortha eile nach iad. Chuaigh cuid againn trasna na teorann go Corcaigh f\u00e9in! Bh\u00edomar ag obair le daoine \u00f3ga leochaileacha nach raibh c\u00f3ras an oideachais ag frioth\u00e1il go r\u00f3\u2011mhaith orthu. Agus bh\u00edos f\u00e9in tamall ar deora\u00edocht i\u00a0mBaile \u00c1tha Cliath!<\/em><\/p><p><em>Bh\u00ed fhios go maith againn nach mbeadh an tigh seo ag teast\u00e1il go deo uainn. Thuigeamar go maith an saibhreas a bh\u00ed againn \u2013 saibhreas gur m\u00f3 i\u00a0bhfad \u00e9 n\u00e1 an strucht\u00far fisici\u00fail agus na gaird\u00edn\u00ed \u00e1lainne.<\/em><\/p><p><em>Chuireamar an cheist orainn f\u00e9in: \u2018Cad is f\u00e9idir linn a dh\u00e9anamh anois chun go bhfanfadh doirse an t\u00ed ar oscailt i\u00a0gc\u00f3na\u00ed, chun f\u00e1ilte a chur roimh gach \u00e9inne?\u2019 An raibh aon chuimhneamh againn ar an \u00e1it a dh\u00edol? Aon chuimhneamh i\u00a0n\u2011aon chor. Cad faoi ndeara an cinneadh l\u00e1idir sin?<\/em><\/p><p><em>Caithfear gurb \u00e9 an s\u00e1ip\u00e9al f\u00edor\u2011\u00e1lainn \u00e9, a dhear J.J. McCarthy, seod den scoth lena chuid fuinneoga \u00f3 thigh Mhayler, agus gan amhras, an d\u00e1 fhuinneog d\u00e9ag a dhein Harry Clarke le barra maisitheachta. T\u00e1 an l\u00e1thair naofa seo beannaithe ag na paidreacha go l\u00e9ir a d\u00fairt Si\u00faracha na Toirbhearta ann, agus a\u00a0gcuid dalta\u00ed, agus m\u00f3r\u00e1n cuairteoir\u00ed \u00f3 \u00e1iteanna ar fud an domhain.<\/em><\/p><p><em>Th\u00e1inig inspior\u00e1id go luath chugainn \u00f3 bheirt shagart aitheanta, a raibh cur amach acu ar an nDaingean \u2013 an tAth. Pat Moore, tr\u00f3caire air, agus an tAth. Tom\u00e1s \u00d3 Caoimh. I\u00a0measc na smaoint\u00ed a bh\u00ed acu sin don dtigh, bh\u00ed an moladh go n\u2011\u00fas\u00e1idf\u00ed an foirgneamh do dhaoine a bheadh ag tabhairt cuairteanna ar \u00e1iteanna beannaithe, faoi mar a bh\u00edodh fad\u00f3 nuair a d\u2019fhaigheadh taistealaithe agus oilithrigh f\u00e1ilte agus l\u00f3ist\u00edn \u00f3 na manaigh. Thuigeadar go bhf\u00e9adfadh eala\u00edont\u00f3ir\u00ed teacht le ch\u00e9ile ann chun a\u00a0bheith ag obair go s\u00edoch\u00e1nta ann. Bh\u00ed idir f\u00eds agus dealramh ag baint lena gcuid smaoint\u00ed, ach mar sin f\u00e9in, n\u00edorbh \u00e9 an tr\u00e1th f\u00f3s \u00e9 chun iad a chur i\u00a0gcr\u00edch.<\/em><\/p><p><em>Bh\u00ed d\u00e1r\u00e9ag si\u00far f\u00f3s ina gc\u00f3na\u00ed sa tigh an uair sin. Le himeacht ama, d\u2019fh\u00e9achamar ar ana\u2011chuid f\u00e9idearthachta\u00ed eile, i\u00a0n\u2011\u00e9ineacht le muintir na h\u00e1ite \u2013 mar shampla, go bhf\u00e9adfa\u00ed an foirgneamh a \u00fas\u00e1id mar ionad do dhaoine \u00f3ga a\u00a0bh\u00ed ar th\u00f3ir bhr\u00ed na beatha, \u00f3 gach t\u00edr, de gach creideamh n\u00f3 gan aon chreideamh acu, mar a tharla\u00edonn i\u00a0dTaiz\u00e9 na Fraince.<\/em><\/p><p><em>Chuimhn\u00edomar go bhf\u00e9adfadh comhluadar buan paidreoireachta a bhun\u00fa anseo, agus chuige sin, d\u2019fhiafra\u00edomar de mhanaigh Ghleann Stail an mbeadh sp\u00e9is acu ann. Th\u00e1inig cairt l\u00e1n de Bheinidict\u00ednigh dh\u00edograiseacha ar cuairt chugainn, agus tuigeadh d\u00fainn go raibh gach c\u00e1s r\u00e9itithe cheana. Ach n\u00ed mar a\u00a0sh\u00edltear a\u00a0b\u00edtear! Nuair a d\u2019fhilleadar ar Ghleann Stail, tuigeadh don ord go raibh an togra r\u00f3\u2011mh\u00f3r d\u00f3ibh, \u00f3 thaobh chostais\u00ed agus phearsanra de.<\/em><\/p><p><em>Is ag an bpointe sin a th\u00e1inig an tAth. P\u00e1draig \u00d3 Fiannachta isteach sa sc\u00e9al, go m\u00e9ada\u00ed Dia ar a\u00a0ghl\u00f3ire sna Flaithis. Tar \u00e9is d\u00fainn dul faoina bhr\u00e1id, bearta\u00edodh go gcaithf\u00ed dul i\u00a0gcomhairle an Easpaig. Mar a tharla, tharraing\u00edomar an foirgneamh d\u00f3, d\u2019\u00fas\u00e1id na deoise. Tuigeadh d\u00f3, \u00e1fach, go raibh a\u00a0dh\u00f3thain ionaid spiorad\u00e1lta ag an ndeoise cheana.<\/em><\/p><p><em>\u00d3 tharla go raibh teipthe ar gach r\u00e9iteach \u00f3n dtaobh amuigh, th\u00e1namar thar n-ais go dt\u00ed an smaoineamh a bh\u00ed againn ar dt\u00fas, an t\u2011ionad mar acmhainn \u00e1iti\u00fail. Tion\u00f3ladh cruinni\u00fa poibl\u00ed de dhaoine go raibh sp\u00e9is acu ann, agus bh\u00ed fuadar is fuinneamh le braith ar an slua. Cuireadh Bord Bainist\u00edochta ar bun, agus is mar sin a th\u00e1inig an D\u00edseart ar an saol.<\/em><\/p><p><em>N\u00ed fol\u00e1ir n\u00f3 t\u00e1 si\u00faracha na bliana 1829 ag f\u00e9achaint ar an nD\u00edseart inniu agus ag tabhairt bualadh m\u00f3r bas daoibh\u2011se anseo anocht! \u2018F\u00faibh\u2011se at\u00e1 s\u00e9 anois,\u2019 adeirid. \u2018T\u00e1 \u00e1r dtais\u00ed f\u00e9in ina lu\u00ed faoi chrann rua na beithe, ach t\u00e1 \u00e1r bhf\u00edseanna, \u00e1r nd\u00f3chas, agus \u00e1r bpaidreacha do bhur sti\u00faradh i\u00a0dtreo tr\u00e9imhse nua eile don D\u00edseart.\u2019<\/em><\/p>\t\t\t\t\t\t\t\t<\/div>\n\t\t\t\t<\/div>\n\t\t\t\t\t<\/div>\n\t\t<\/div>\n\t\t\t\t\t<\/div>\n\t\t<\/section>\n\t\t\t\t<\/div>\n\t\t","protected":false},"excerpt":{"rendered":"<p>Do th\u00e1inig Si\u00faracha na Toirbhearta go dt\u00ed an nDaingean i\u00a0gContae Chiarra\u00ed go luath sa 19\u00fa haois (1829), agus \u00e9 i\u00a0gceist acu oideachas Caitliceach a chur ar f\u00e1il do chail\u00edn\u00ed \u00f3ga na d\u00fatha\u00ed. Cuireadh go m\u00f3r le r\u00f3l na Si\u00faracha, \u00e1fach, agus n\u00edorbh fhada go rabhadar go gn\u00f3thach ag d\u2019iarraidh bia agus \u00e9ada\u00ed a chur ar [&hellip;]<\/p>\n","protected":false},"author":1,"featured_media":0,"parent":0,"menu_order":0,"comment_status":"closed","ping_status":"closed","template":"","meta":{"om_disable_all_campaigns":false,"_monsterinsights_skip_tracking":false,"_monsterinsights_sitenote_active":false,"_monsterinsights_sitenote_note":"","_monsterinsights_sitenote_category":0,"_uf_show_specific_survey":0,"_uf_disable_surveys":false,"ocean_post_layout":"","ocean_both_sidebars_style":"","ocean_both_sidebars_content_width":0,"ocean_both_sidebars_sidebars_width":0,"ocean_sidebar":"0","ocean_second_sidebar":"0","ocean_disable_margins":"enable","ocean_add_body_class":"","ocean_shortcode_before_top_bar":"","ocean_shortcode_after_top_bar":"","ocean_shortcode_before_header":"","ocean_shortcode_after_header":"","ocean_has_shortcode":"","ocean_shortcode_after_title":"","ocean_shortcode_before_footer_widgets":"","ocean_shortcode_after_footer_widgets":"","ocean_shortcode_before_footer_bottom":"","ocean_shortcode_after_footer_bottom":"","ocean_display_top_bar":"default","ocean_display_header":"default","ocean_header_style":"","ocean_center_header_left_menu":"0","ocean_custom_header_template":"0","ocean_custom_logo":0,"ocean_custom_retina_logo":0,"ocean_custom_logo_max_width":0,"ocean_custom_logo_tablet_max_width":0,"ocean_custom_logo_mobile_max_width":0,"ocean_custom_logo_max_height":0,"ocean_custom_logo_tablet_max_height":0,"ocean_custom_logo_mobile_max_height":0,"ocean_header_custom_menu":"0","ocean_menu_typo_font_family":"0","ocean_menu_typo_font_subset":"","ocean_menu_typo_font_size":0,"ocean_menu_typo_font_size_tablet":0,"ocean_menu_typo_font_size_mobile":0,"ocean_menu_typo_font_size_unit":"px","ocean_menu_typo_font_weight":"","ocean_menu_typo_font_weight_tablet":"","ocean_menu_typo_font_weight_mobile":"","ocean_menu_typo_transform":"","ocean_menu_typo_transform_tablet":"","ocean_menu_typo_transform_mobile":"","ocean_menu_typo_line_height":0,"ocean_menu_typo_line_height_tablet":0,"ocean_menu_typo_line_height_mobile":0,"ocean_menu_typo_line_height_unit":"","ocean_menu_typo_spacing":0,"ocean_menu_typo_spacing_tablet":0,"ocean_menu_typo_spacing_mobile":0,"ocean_menu_typo_spacing_unit":"","ocean_menu_link_color":"","ocean_menu_link_color_hover":"","ocean_menu_link_color_active":"","ocean_menu_link_background":"","ocean_menu_link_hover_background":"","ocean_menu_link_active_background":"","ocean_menu_social_links_bg":"","ocean_menu_social_hover_links_bg":"","ocean_menu_social_links_color":"","ocean_menu_social_hover_links_color":"","ocean_disable_title":"default","ocean_disable_heading":"default","ocean_post_title":"","ocean_post_subheading":"","ocean_post_title_style":"","ocean_post_title_background_color":"","ocean_post_title_background":0,"ocean_post_title_bg_image_position":"","ocean_post_title_bg_image_attachment":"","ocean_post_title_bg_image_repeat":"","ocean_post_title_bg_image_size":"","ocean_post_title_height":0,"ocean_post_title_bg_overlay":0.5,"ocean_post_title_bg_overlay_color":"","ocean_disable_breadcrumbs":"default","ocean_breadcrumbs_color":"","ocean_breadcrumbs_separator_color":"","ocean_breadcrumbs_links_color":"","ocean_breadcrumbs_links_hover_color":"","ocean_display_footer_widgets":"default","ocean_display_footer_bottom":"default","ocean_custom_footer_template":"0","footnotes":""},"class_list":["post-1449","page","type-page","status-publish","hentry","entry","owp-thumbs-layout-horizontal","owp-btn-normal","owp-tabs-layout-horizontal","has-no-thumbnails","has-product-nav"],"aioseo_notices":[],"yoast_head":"<!-- This site is optimized with the Yoast SEO plugin v26.4 - https:\/\/yoast.com\/wordpress\/plugins\/seo\/ -->\n<title>Stair - D\u00edseart Institute of Irish Spirituality and Culture in Dingle<\/title>\n<meta name=\"robots\" content=\"index, follow, max-snippet:-1, max-image-preview:large, max-video-preview:-1\" \/>\n<link rel=\"canonical\" href=\"https:\/\/diseart.ie\/ga\/stair\/\" \/>\n<meta property=\"og:locale\" content=\"ga_IE\" \/>\n<meta property=\"og:type\" content=\"article\" \/>\n<meta property=\"og:title\" content=\"Stair - D\u00edseart Institute of Irish Spirituality and Culture in Dingle\" \/>\n<meta property=\"og:description\" content=\"Do th\u00e1inig Si\u00faracha na Toirbhearta go dt\u00ed an nDaingean i\u00a0gContae Chiarra\u00ed go luath sa 19\u00fa haois (1829), agus \u00e9 i\u00a0gceist acu oideachas Caitliceach a chur ar f\u00e1il do chail\u00edn\u00ed \u00f3ga na d\u00fatha\u00ed. Cuireadh go m\u00f3r le r\u00f3l na Si\u00faracha, \u00e1fach, agus n\u00edorbh fhada go rabhadar go gn\u00f3thach ag d\u2019iarraidh bia agus \u00e9ada\u00ed a chur ar [&hellip;]\" \/>\n<meta property=\"og:url\" content=\"https:\/\/diseart.ie\/ga\/stair\/\" \/>\n<meta property=\"og:site_name\" content=\"D\u00edseart Institute of Irish Spirituality and Culture in Dingle\" \/>\n<meta property=\"article:publisher\" content=\"https:\/\/www.facebook.com\/An-D%c3%adseart-262189877130385\/?ref=br_rs\" \/>\n<meta property=\"article:modified_time\" content=\"2021-06-02T16:42:04+00:00\" \/>\n<meta property=\"og:image\" content=\"https:\/\/diseart.ie\/wp-content\/uploads\/2019\/07\/Padraig-O-Fiannachta-768x1118.jpg\" \/>\n<meta name=\"twitter:card\" content=\"summary_large_image\" \/>\n<meta name=\"twitter:label1\" content=\"Est. reading time\" \/>\n\t<meta name=\"twitter:data1\" content=\"6 minutes\" \/>\n<script type=\"application\/ld+json\" class=\"yoast-schema-graph\">{\"@context\":\"https:\/\/schema.org\",\"@graph\":[{\"@type\":\"WebPage\",\"@id\":\"https:\/\/diseart.ie\/ga\/stair\/\",\"url\":\"https:\/\/diseart.ie\/ga\/stair\/\",\"name\":\"Stair - D\u00edseart Institute of Irish Spirituality and Culture in Dingle\",\"isPartOf\":{\"@id\":\"https:\/\/diseart.ie\/#website\"},\"primaryImageOfPage\":{\"@id\":\"https:\/\/diseart.ie\/ga\/stair\/#primaryimage\"},\"image\":{\"@id\":\"https:\/\/diseart.ie\/ga\/stair\/#primaryimage\"},\"thumbnailUrl\":\"https:\/\/diseart.ie\/wp-content\/uploads\/2019\/07\/Padraig-O-Fiannachta-768x1118.jpg\",\"datePublished\":\"2021-06-02T16:38:40+00:00\",\"dateModified\":\"2021-06-02T16:42:04+00:00\",\"breadcrumb\":{\"@id\":\"https:\/\/diseart.ie\/ga\/stair\/#breadcrumb\"},\"inLanguage\":\"ga-IE\",\"potentialAction\":[{\"@type\":\"ReadAction\",\"target\":[\"https:\/\/diseart.ie\/ga\/stair\/\"]}]},{\"@type\":\"ImageObject\",\"inLanguage\":\"ga-IE\",\"@id\":\"https:\/\/diseart.ie\/ga\/stair\/#primaryimage\",\"url\":\"https:\/\/diseart.ie\/wp-content\/uploads\/2019\/07\/Padraig-O-Fiannachta-768x1118.jpg\",\"contentUrl\":\"https:\/\/diseart.ie\/wp-content\/uploads\/2019\/07\/Padraig-O-Fiannachta-768x1118.jpg\"},{\"@type\":\"BreadcrumbList\",\"@id\":\"https:\/\/diseart.ie\/ga\/stair\/#breadcrumb\",\"itemListElement\":[{\"@type\":\"ListItem\",\"position\":1,\"name\":\"Home\",\"item\":\"https:\/\/diseart.ie\/ga\/\"},{\"@type\":\"ListItem\",\"position\":2,\"name\":\"Stair\"}]},{\"@type\":\"WebSite\",\"@id\":\"https:\/\/diseart.ie\/#website\",\"url\":\"https:\/\/diseart.ie\/\",\"name\":\"D\u00edseart Institute of Irish Spirituality and Culture in Dingle\",\"description\":\"Dingle, Kerry, Ireland\",\"publisher\":{\"@id\":\"https:\/\/diseart.ie\/#organization\"},\"potentialAction\":[{\"@type\":\"SearchAction\",\"target\":{\"@type\":\"EntryPoint\",\"urlTemplate\":\"https:\/\/diseart.ie\/?s={search_term_string}\"},\"query-input\":{\"@type\":\"PropertyValueSpecification\",\"valueRequired\":true,\"valueName\":\"search_term_string\"}}],\"inLanguage\":\"ga-IE\"},{\"@type\":\"Organization\",\"@id\":\"https:\/\/diseart.ie\/#organization\",\"name\":\"D\u00edseart Centre of Irish Spirituality and Culture\",\"url\":\"https:\/\/diseart.ie\/\",\"logo\":{\"@type\":\"ImageObject\",\"inLanguage\":\"ga-IE\",\"@id\":\"https:\/\/diseart.ie\/#\/schema\/logo\/image\/\",\"url\":\"http:\/\/diseart.ie\/wp-content\/uploads\/2018\/06\/diseart-logo-v2.png\",\"contentUrl\":\"http:\/\/diseart.ie\/wp-content\/uploads\/2018\/06\/diseart-logo-v2.png\",\"width\":400,\"height\":150,\"caption\":\"D\u00edseart Centre of Irish Spirituality and Culture\"},\"image\":{\"@id\":\"https:\/\/diseart.ie\/#\/schema\/logo\/image\/\"},\"sameAs\":[\"https:\/\/www.facebook.com\/An-D\u00edseart-262189877130385\/?ref=br_rs\"]}]}<\/script>\n<!-- \/ Yoast SEO plugin. -->","yoast_head_json":{"title":"Stair - D\u00edseart Institute of Irish Spirituality and Culture in Dingle","robots":{"index":"index","follow":"follow","max-snippet":"max-snippet:-1","max-image-preview":"max-image-preview:large","max-video-preview":"max-video-preview:-1"},"canonical":"https:\/\/diseart.ie\/ga\/stair\/","og_locale":"ga_IE","og_type":"article","og_title":"Stair - D\u00edseart Institute of Irish Spirituality and Culture in Dingle","og_description":"Do th\u00e1inig Si\u00faracha na Toirbhearta go dt\u00ed an nDaingean i\u00a0gContae Chiarra\u00ed go luath sa 19\u00fa haois (1829), agus \u00e9 i\u00a0gceist acu oideachas Caitliceach a chur ar f\u00e1il do chail\u00edn\u00ed \u00f3ga na d\u00fatha\u00ed. Cuireadh go m\u00f3r le r\u00f3l na Si\u00faracha, \u00e1fach, agus n\u00edorbh fhada go rabhadar go gn\u00f3thach ag d\u2019iarraidh bia agus \u00e9ada\u00ed a chur ar [&hellip;]","og_url":"https:\/\/diseart.ie\/ga\/stair\/","og_site_name":"D\u00edseart Institute of Irish Spirituality and Culture in Dingle","article_publisher":"https:\/\/www.facebook.com\/An-D%c3%adseart-262189877130385\/?ref=br_rs","article_modified_time":"2021-06-02T16:42:04+00:00","og_image":[{"url":"https:\/\/diseart.ie\/wp-content\/uploads\/2019\/07\/Padraig-O-Fiannachta-768x1118.jpg","type":"","width":"","height":""}],"twitter_card":"summary_large_image","twitter_misc":{"Est. reading time":"6 minutes"},"schema":{"@context":"https:\/\/schema.org","@graph":[{"@type":"WebPage","@id":"https:\/\/diseart.ie\/ga\/stair\/","url":"https:\/\/diseart.ie\/ga\/stair\/","name":"Stair - D\u00edseart Institute of Irish Spirituality and Culture in Dingle","isPartOf":{"@id":"https:\/\/diseart.ie\/#website"},"primaryImageOfPage":{"@id":"https:\/\/diseart.ie\/ga\/stair\/#primaryimage"},"image":{"@id":"https:\/\/diseart.ie\/ga\/stair\/#primaryimage"},"thumbnailUrl":"https:\/\/diseart.ie\/wp-content\/uploads\/2019\/07\/Padraig-O-Fiannachta-768x1118.jpg","datePublished":"2021-06-02T16:38:40+00:00","dateModified":"2021-06-02T16:42:04+00:00","breadcrumb":{"@id":"https:\/\/diseart.ie\/ga\/stair\/#breadcrumb"},"inLanguage":"ga-IE","potentialAction":[{"@type":"ReadAction","target":["https:\/\/diseart.ie\/ga\/stair\/"]}]},{"@type":"ImageObject","inLanguage":"ga-IE","@id":"https:\/\/diseart.ie\/ga\/stair\/#primaryimage","url":"https:\/\/diseart.ie\/wp-content\/uploads\/2019\/07\/Padraig-O-Fiannachta-768x1118.jpg","contentUrl":"https:\/\/diseart.ie\/wp-content\/uploads\/2019\/07\/Padraig-O-Fiannachta-768x1118.jpg"},{"@type":"BreadcrumbList","@id":"https:\/\/diseart.ie\/ga\/stair\/#breadcrumb","itemListElement":[{"@type":"ListItem","position":1,"name":"Home","item":"https:\/\/diseart.ie\/ga\/"},{"@type":"ListItem","position":2,"name":"Stair"}]},{"@type":"WebSite","@id":"https:\/\/diseart.ie\/#website","url":"https:\/\/diseart.ie\/","name":"D\u00edseart Institute of Irish Spirituality and Culture in Dingle","description":"Dingle, Kerry, Ireland","publisher":{"@id":"https:\/\/diseart.ie\/#organization"},"potentialAction":[{"@type":"SearchAction","target":{"@type":"EntryPoint","urlTemplate":"https:\/\/diseart.ie\/?s={search_term_string}"},"query-input":{"@type":"PropertyValueSpecification","valueRequired":true,"valueName":"search_term_string"}}],"inLanguage":"ga-IE"},{"@type":"Organization","@id":"https:\/\/diseart.ie\/#organization","name":"D\u00edseart Centre of Irish Spirituality and Culture","url":"https:\/\/diseart.ie\/","logo":{"@type":"ImageObject","inLanguage":"ga-IE","@id":"https:\/\/diseart.ie\/#\/schema\/logo\/image\/","url":"http:\/\/diseart.ie\/wp-content\/uploads\/2018\/06\/diseart-logo-v2.png","contentUrl":"http:\/\/diseart.ie\/wp-content\/uploads\/2018\/06\/diseart-logo-v2.png","width":400,"height":150,"caption":"D\u00edseart Centre of Irish Spirituality and Culture"},"image":{"@id":"https:\/\/diseart.ie\/#\/schema\/logo\/image\/"},"sameAs":["https:\/\/www.facebook.com\/An-D\u00edseart-262189877130385\/?ref=br_rs"]}]}},"_links":{"self":[{"href":"https:\/\/diseart.ie\/ga\/wp-json\/wp\/v2\/pages\/1449","targetHints":{"allow":["GET"]}}],"collection":[{"href":"https:\/\/diseart.ie\/ga\/wp-json\/wp\/v2\/pages"}],"about":[{"href":"https:\/\/diseart.ie\/ga\/wp-json\/wp\/v2\/types\/page"}],"author":[{"embeddable":true,"href":"https:\/\/diseart.ie\/ga\/wp-json\/wp\/v2\/users\/1"}],"replies":[{"embeddable":true,"href":"https:\/\/diseart.ie\/ga\/wp-json\/wp\/v2\/comments?post=1449"}],"version-history":[{"count":4,"href":"https:\/\/diseart.ie\/ga\/wp-json\/wp\/v2\/pages\/1449\/revisions"}],"predecessor-version":[{"id":1454,"href":"https:\/\/diseart.ie\/ga\/wp-json\/wp\/v2\/pages\/1449\/revisions\/1454"}],"wp:attachment":[{"href":"https:\/\/diseart.ie\/ga\/wp-json\/wp\/v2\/media?parent=1449"}],"curies":[{"name":"wp","href":"https:\/\/api.w.org\/{rel}","templated":true}]}}