{"id":1443,"date":"2021-06-02T16:31:38","date_gmt":"2021-06-02T16:31:38","guid":{"rendered":"https:\/\/dev6.buchanan-solutions.com\/draft\/?page_id=1443"},"modified":"2023-01-26T15:22:51","modified_gmt":"2023-01-26T15:22:51","slug":"aiseanna","status":"publish","type":"page","link":"https:\/\/diseart.ie\/ga\/aiseanna\/","title":{"rendered":"\u00c1iseanna"},"content":{"rendered":"\t\t<div data-elementor-type=\"wp-page\" data-elementor-id=\"1443\" class=\"elementor elementor-1443 elementor-15\" data-elementor-post-type=\"page\">\n\t\t\t\t\t\t<section class=\"elementor-section elementor-top-section elementor-element elementor-element-64ce7e8a elementor-section-boxed elementor-section-height-default elementor-section-height-default\" data-id=\"64ce7e8a\" data-element_type=\"section\">\n\t\t\t\t\t\t<div class=\"elementor-container elementor-column-gap-default\">\n\t\t\t\t\t<div class=\"elementor-column elementor-col-100 elementor-top-column elementor-element elementor-element-4ddd9f8b\" data-id=\"4ddd9f8b\" data-element_type=\"column\">\n\t\t\t<div class=\"elementor-widget-wrap elementor-element-populated\">\n\t\t\t\t\t\t<div class=\"elementor-element elementor-element-579dcce0 elementor-widget elementor-widget-text-editor\" data-id=\"579dcce0\" data-element_type=\"widget\" data-widget_type=\"text-editor.default\">\n\t\t\t\t<div class=\"elementor-widget-container\">\n\t\t\t\t\t\t\t\t\t\n<h2>Leabharlanna<\/h2>\n\n\n\n<p>T\u00e1 cnuasach m\u00f3r de leabhartha faoin spiorad\u00e1ltacht agus faoin nGaeilge curtha le ch\u00e9ile ag an nD\u00edseart.<\/p>\n\n\n\n<p>T\u00e1 leabharlann cuimsitheach an sti\u00farth\u00f3ir acad\u00fail, an tOllamh P\u00e1draig \u00d3 Fiannachta, a bh\u00ed tr\u00e1th ina Dh\u00e9an ar an L\u00e9ann Ceilteach i&nbsp;nOllscoil na h\u00c9ireann, Mh\u00e1 Nuad, ar f\u00e1il istigh i&nbsp;Leabharlann an Daingin taobh leis an nD\u00edseart. Is cnuasach cuimsitheach \u00e9 seo go bhfuil nach m\u00f3r gach aon saothar acad\u00fail de chuid na h\u00c9ireann ann, agus t\u00e1 macasamhla de na leabhartha m\u00f3ra agus de na l\u00e1mhscr\u00edbhinn\u00ed m\u00f3ra ann chomh maith.<\/p>\n\n\n\n<h2><strong>Seomra\u00ed L\u00e9acht\u00f3ireachta<\/strong><\/h2>\n\n\n\n<p>T\u00e1 roinnt seomra\u00ed sa D\u00edseart ar f\u00e1il do bhaill an phobail chun imeacha\u00ed n\u00f3 ranganna a reacht\u00e1il.<\/p>\n\n\n\n<p>T\u00e1 \u00e1iseanna ar f\u00e1il chomh maith a fh\u00e9adfadh comhluchta\u00ed n\u00f3 eagra\u00edochta\u00ed a th\u00f3gaint ar c\u00edos, ach teacht i\u00a0dteangmh\u00e1il leis an oifig ag <a href=\"mailto:info@diseart.ie\">info@diseart.ie<\/a> n\u00f3 ag <a href=\"tel:+35366915247\">+353 66 915 247<\/a>6 chun teacht ar a thuilleadh eolais.<\/p>\n\t\t\t\t\t\t\t\t<\/div>\n\t\t\t\t<\/div>\n\t\t\t\t\t<\/div>\n\t\t<\/div>\n\t\t\t\t\t<\/div>\n\t\t<\/section>\n\t\t\t\t<\/div>\n\t\t","protected":false},"excerpt":{"rendered":"<p>Leabharlanna T\u00e1 cnuasach m\u00f3r de leabhartha faoin spiorad\u00e1ltacht agus faoin nGaeilge curtha le ch\u00e9ile ag an nD\u00edseart. T\u00e1 leabharlann cuimsitheach an sti\u00farth\u00f3ir acad\u00fail, an tOllamh P\u00e1draig \u00d3 Fiannachta, a bh\u00ed tr\u00e1th ina Dh\u00e9an ar an L\u00e9ann Ceilteach i&nbsp;nOllscoil na h\u00c9ireann, Mh\u00e1 Nuad, ar f\u00e1il istigh i&nbsp;Leabharlann an Daingin taobh leis an nD\u00edseart. Is cnuasach cuimsitheach [&hellip;]<\/p>\n","protected":false},"author":1,"featured_media":0,"parent":0,"menu_order":0,"comment_status":"closed","ping_status":"closed","template":"","meta":{"om_disable_all_campaigns":false,"_monsterinsights_skip_tracking":false,"_monsterinsights_sitenote_active":false,"_monsterinsights_sitenote_note":"","_monsterinsights_sitenote_category":0,"_uf_show_specific_survey":0,"_uf_disable_surveys":false,"ocean_post_layout":"","ocean_both_sidebars_style":"","ocean_both_sidebars_content_width":0,"ocean_both_sidebars_sidebars_width":0,"ocean_sidebar":"0","ocean_second_sidebar":"0","ocean_disable_margins":"enable","ocean_add_body_class":"","ocean_shortcode_before_top_bar":"","ocean_shortcode_after_top_bar":"","ocean_shortcode_before_header":"","ocean_shortcode_after_header":"","ocean_has_shortcode":"","ocean_shortcode_after_title":"","ocean_shortcode_before_footer_widgets":"","ocean_shortcode_after_footer_widgets":"","ocean_shortcode_before_footer_bottom":"","ocean_shortcode_after_footer_bottom":"","ocean_display_top_bar":"default","ocean_display_header":"default","ocean_header_style":"","ocean_center_header_left_menu":"0","ocean_custom_header_template":"0","ocean_custom_logo":0,"ocean_custom_retina_logo":0,"ocean_custom_logo_max_width":0,"ocean_custom_logo_tablet_max_width":0,"ocean_custom_logo_mobile_max_width":0,"ocean_custom_logo_max_height":0,"ocean_custom_logo_tablet_max_height":0,"ocean_custom_logo_mobile_max_height":0,"ocean_header_custom_menu":"0","ocean_menu_typo_font_family":"0","ocean_menu_typo_font_subset":"","ocean_menu_typo_font_size":0,"ocean_menu_typo_font_size_tablet":0,"ocean_menu_typo_font_size_mobile":0,"ocean_menu_typo_font_size_unit":"px","ocean_menu_typo_font_weight":"","ocean_menu_typo_font_weight_tablet":"","ocean_menu_typo_font_weight_mobile":"","ocean_menu_typo_transform":"","ocean_menu_typo_transform_tablet":"","ocean_menu_typo_transform_mobile":"","ocean_menu_typo_line_height":0,"ocean_menu_typo_line_height_tablet":0,"ocean_menu_typo_line_height_mobile":0,"ocean_menu_typo_line_height_unit":"","ocean_menu_typo_spacing":0,"ocean_menu_typo_spacing_tablet":0,"ocean_menu_typo_spacing_mobile":0,"ocean_menu_typo_spacing_unit":"","ocean_menu_link_color":"","ocean_menu_link_color_hover":"","ocean_menu_link_color_active":"","ocean_menu_link_background":"","ocean_menu_link_hover_background":"","ocean_menu_link_active_background":"","ocean_menu_social_links_bg":"","ocean_menu_social_hover_links_bg":"","ocean_menu_social_links_color":"","ocean_menu_social_hover_links_color":"","ocean_disable_title":"default","ocean_disable_heading":"default","ocean_post_title":"","ocean_post_subheading":"","ocean_post_title_style":"","ocean_post_title_background_color":"","ocean_post_title_background":0,"ocean_post_title_bg_image_position":"","ocean_post_title_bg_image_attachment":"","ocean_post_title_bg_image_repeat":"","ocean_post_title_bg_image_size":"","ocean_post_title_height":0,"ocean_post_title_bg_overlay":0.5,"ocean_post_title_bg_overlay_color":"","ocean_disable_breadcrumbs":"default","ocean_breadcrumbs_color":"","ocean_breadcrumbs_separator_color":"","ocean_breadcrumbs_links_color":"","ocean_breadcrumbs_links_hover_color":"","ocean_display_footer_widgets":"default","ocean_display_footer_bottom":"default","ocean_custom_footer_template":"0","footnotes":""},"class_list":["post-1443","page","type-page","status-publish","hentry","entry","owp-thumbs-layout-horizontal","owp-btn-normal","owp-tabs-layout-horizontal","has-no-thumbnails","has-product-nav"],"aioseo_notices":[],"yoast_head":"<!-- This site is optimized with the Yoast SEO plugin v26.4 - https:\/\/yoast.com\/wordpress\/plugins\/seo\/ -->\n<title>\u00c1iseanna - D\u00edseart Institute of Irish Spirituality and Culture in Dingle<\/title>\n<meta name=\"robots\" content=\"index, follow, max-snippet:-1, max-image-preview:large, max-video-preview:-1\" \/>\n<link rel=\"canonical\" href=\"https:\/\/diseart.ie\/ga\/aiseanna\/\" \/>\n<meta property=\"og:locale\" content=\"ga_IE\" \/>\n<meta property=\"og:type\" content=\"article\" \/>\n<meta property=\"og:title\" content=\"\u00c1iseanna - D\u00edseart Institute of Irish Spirituality and Culture in Dingle\" \/>\n<meta property=\"og:description\" content=\"Leabharlanna T\u00e1 cnuasach m\u00f3r de leabhartha faoin spiorad\u00e1ltacht agus faoin nGaeilge curtha le ch\u00e9ile ag an nD\u00edseart. T\u00e1 leabharlann cuimsitheach an sti\u00farth\u00f3ir acad\u00fail, an tOllamh P\u00e1draig \u00d3 Fiannachta, a bh\u00ed tr\u00e1th ina Dh\u00e9an ar an L\u00e9ann Ceilteach i&nbsp;nOllscoil na h\u00c9ireann, Mh\u00e1 Nuad, ar f\u00e1il istigh i&nbsp;Leabharlann an Daingin taobh leis an nD\u00edseart. Is cnuasach cuimsitheach [&hellip;]\" \/>\n<meta property=\"og:url\" content=\"https:\/\/diseart.ie\/ga\/aiseanna\/\" \/>\n<meta property=\"og:site_name\" content=\"D\u00edseart Institute of Irish Spirituality and Culture in Dingle\" \/>\n<meta property=\"article:publisher\" content=\"https:\/\/www.facebook.com\/An-D%c3%adseart-262189877130385\/?ref=br_rs\" \/>\n<meta property=\"article:modified_time\" content=\"2023-01-26T15:22:51+00:00\" \/>\n<meta name=\"twitter:card\" content=\"summary_large_image\" \/>\n<meta name=\"twitter:label1\" content=\"Est. reading time\" \/>\n\t<meta name=\"twitter:data1\" content=\"1 minute\" \/>\n<script type=\"application\/ld+json\" class=\"yoast-schema-graph\">{\"@context\":\"https:\/\/schema.org\",\"@graph\":[{\"@type\":\"WebPage\",\"@id\":\"https:\/\/diseart.ie\/ga\/aiseanna\/\",\"url\":\"https:\/\/diseart.ie\/ga\/aiseanna\/\",\"name\":\"\u00c1iseanna - D\u00edseart Institute of Irish Spirituality and Culture in Dingle\",\"isPartOf\":{\"@id\":\"https:\/\/diseart.ie\/#website\"},\"datePublished\":\"2021-06-02T16:31:38+00:00\",\"dateModified\":\"2023-01-26T15:22:51+00:00\",\"breadcrumb\":{\"@id\":\"https:\/\/diseart.ie\/ga\/aiseanna\/#breadcrumb\"},\"inLanguage\":\"ga-IE\",\"potentialAction\":[{\"@type\":\"ReadAction\",\"target\":[\"https:\/\/diseart.ie\/ga\/aiseanna\/\"]}]},{\"@type\":\"BreadcrumbList\",\"@id\":\"https:\/\/diseart.ie\/ga\/aiseanna\/#breadcrumb\",\"itemListElement\":[{\"@type\":\"ListItem\",\"position\":1,\"name\":\"Home\",\"item\":\"https:\/\/diseart.ie\/ga\/\"},{\"@type\":\"ListItem\",\"position\":2,\"name\":\"\u00c1iseanna\"}]},{\"@type\":\"WebSite\",\"@id\":\"https:\/\/diseart.ie\/#website\",\"url\":\"https:\/\/diseart.ie\/\",\"name\":\"D\u00edseart Institute of Irish Spirituality and Culture in Dingle\",\"description\":\"Dingle, Kerry, Ireland\",\"publisher\":{\"@id\":\"https:\/\/diseart.ie\/#organization\"},\"potentialAction\":[{\"@type\":\"SearchAction\",\"target\":{\"@type\":\"EntryPoint\",\"urlTemplate\":\"https:\/\/diseart.ie\/?s={search_term_string}\"},\"query-input\":{\"@type\":\"PropertyValueSpecification\",\"valueRequired\":true,\"valueName\":\"search_term_string\"}}],\"inLanguage\":\"ga-IE\"},{\"@type\":\"Organization\",\"@id\":\"https:\/\/diseart.ie\/#organization\",\"name\":\"D\u00edseart Centre of Irish Spirituality and Culture\",\"url\":\"https:\/\/diseart.ie\/\",\"logo\":{\"@type\":\"ImageObject\",\"inLanguage\":\"ga-IE\",\"@id\":\"https:\/\/diseart.ie\/#\/schema\/logo\/image\/\",\"url\":\"http:\/\/diseart.ie\/wp-content\/uploads\/2018\/06\/diseart-logo-v2.png\",\"contentUrl\":\"http:\/\/diseart.ie\/wp-content\/uploads\/2018\/06\/diseart-logo-v2.png\",\"width\":400,\"height\":150,\"caption\":\"D\u00edseart Centre of Irish Spirituality and Culture\"},\"image\":{\"@id\":\"https:\/\/diseart.ie\/#\/schema\/logo\/image\/\"},\"sameAs\":[\"https:\/\/www.facebook.com\/An-D\u00edseart-262189877130385\/?ref=br_rs\"]}]}<\/script>\n<!-- \/ Yoast SEO plugin. -->","yoast_head_json":{"title":"\u00c1iseanna - D\u00edseart Institute of Irish Spirituality and Culture in Dingle","robots":{"index":"index","follow":"follow","max-snippet":"max-snippet:-1","max-image-preview":"max-image-preview:large","max-video-preview":"max-video-preview:-1"},"canonical":"https:\/\/diseart.ie\/ga\/aiseanna\/","og_locale":"ga_IE","og_type":"article","og_title":"\u00c1iseanna - D\u00edseart Institute of Irish Spirituality and Culture in Dingle","og_description":"Leabharlanna T\u00e1 cnuasach m\u00f3r de leabhartha faoin spiorad\u00e1ltacht agus faoin nGaeilge curtha le ch\u00e9ile ag an nD\u00edseart. T\u00e1 leabharlann cuimsitheach an sti\u00farth\u00f3ir acad\u00fail, an tOllamh P\u00e1draig \u00d3 Fiannachta, a bh\u00ed tr\u00e1th ina Dh\u00e9an ar an L\u00e9ann Ceilteach i&nbsp;nOllscoil na h\u00c9ireann, Mh\u00e1 Nuad, ar f\u00e1il istigh i&nbsp;Leabharlann an Daingin taobh leis an nD\u00edseart. Is cnuasach cuimsitheach [&hellip;]","og_url":"https:\/\/diseart.ie\/ga\/aiseanna\/","og_site_name":"D\u00edseart Institute of Irish Spirituality and Culture in Dingle","article_publisher":"https:\/\/www.facebook.com\/An-D%c3%adseart-262189877130385\/?ref=br_rs","article_modified_time":"2023-01-26T15:22:51+00:00","twitter_card":"summary_large_image","twitter_misc":{"Est. reading time":"1 minute"},"schema":{"@context":"https:\/\/schema.org","@graph":[{"@type":"WebPage","@id":"https:\/\/diseart.ie\/ga\/aiseanna\/","url":"https:\/\/diseart.ie\/ga\/aiseanna\/","name":"\u00c1iseanna - D\u00edseart Institute of Irish Spirituality and Culture in Dingle","isPartOf":{"@id":"https:\/\/diseart.ie\/#website"},"datePublished":"2021-06-02T16:31:38+00:00","dateModified":"2023-01-26T15:22:51+00:00","breadcrumb":{"@id":"https:\/\/diseart.ie\/ga\/aiseanna\/#breadcrumb"},"inLanguage":"ga-IE","potentialAction":[{"@type":"ReadAction","target":["https:\/\/diseart.ie\/ga\/aiseanna\/"]}]},{"@type":"BreadcrumbList","@id":"https:\/\/diseart.ie\/ga\/aiseanna\/#breadcrumb","itemListElement":[{"@type":"ListItem","position":1,"name":"Home","item":"https:\/\/diseart.ie\/ga\/"},{"@type":"ListItem","position":2,"name":"\u00c1iseanna"}]},{"@type":"WebSite","@id":"https:\/\/diseart.ie\/#website","url":"https:\/\/diseart.ie\/","name":"D\u00edseart Institute of Irish Spirituality and Culture in Dingle","description":"Dingle, Kerry, Ireland","publisher":{"@id":"https:\/\/diseart.ie\/#organization"},"potentialAction":[{"@type":"SearchAction","target":{"@type":"EntryPoint","urlTemplate":"https:\/\/diseart.ie\/?s={search_term_string}"},"query-input":{"@type":"PropertyValueSpecification","valueRequired":true,"valueName":"search_term_string"}}],"inLanguage":"ga-IE"},{"@type":"Organization","@id":"https:\/\/diseart.ie\/#organization","name":"D\u00edseart Centre of Irish Spirituality and Culture","url":"https:\/\/diseart.ie\/","logo":{"@type":"ImageObject","inLanguage":"ga-IE","@id":"https:\/\/diseart.ie\/#\/schema\/logo\/image\/","url":"http:\/\/diseart.ie\/wp-content\/uploads\/2018\/06\/diseart-logo-v2.png","contentUrl":"http:\/\/diseart.ie\/wp-content\/uploads\/2018\/06\/diseart-logo-v2.png","width":400,"height":150,"caption":"D\u00edseart Centre of Irish Spirituality and Culture"},"image":{"@id":"https:\/\/diseart.ie\/#\/schema\/logo\/image\/"},"sameAs":["https:\/\/www.facebook.com\/An-D\u00edseart-262189877130385\/?ref=br_rs"]}]}},"_links":{"self":[{"href":"https:\/\/diseart.ie\/ga\/wp-json\/wp\/v2\/pages\/1443","targetHints":{"allow":["GET"]}}],"collection":[{"href":"https:\/\/diseart.ie\/ga\/wp-json\/wp\/v2\/pages"}],"about":[{"href":"https:\/\/diseart.ie\/ga\/wp-json\/wp\/v2\/types\/page"}],"author":[{"embeddable":true,"href":"https:\/\/diseart.ie\/ga\/wp-json\/wp\/v2\/users\/1"}],"replies":[{"embeddable":true,"href":"https:\/\/diseart.ie\/ga\/wp-json\/wp\/v2\/comments?post=1443"}],"version-history":[{"count":6,"href":"https:\/\/diseart.ie\/ga\/wp-json\/wp\/v2\/pages\/1443\/revisions"}],"predecessor-version":[{"id":2897,"href":"https:\/\/diseart.ie\/ga\/wp-json\/wp\/v2\/pages\/1443\/revisions\/2897"}],"wp:attachment":[{"href":"https:\/\/diseart.ie\/ga\/wp-json\/wp\/v2\/media?parent=1443"}],"curies":[{"name":"wp","href":"https:\/\/api.w.org\/{rel}","templated":true}]}}