{"id":1328,"date":"2020-12-15T18:31:37","date_gmt":"2020-12-15T18:31:37","guid":{"rendered":"https:\/\/dev6.buchanan-solutions.com\/draft\/?page_id=1328"},"modified":"2021-06-02T16:54:37","modified_gmt":"2021-06-02T16:54:37","slug":"seipeal-an-chroi-ro-naofa-2","status":"publish","type":"page","link":"https:\/\/diseart.ie\/ga\/seipeal-an-chroi-ro-naofa-2\/","title":{"rendered":"S\u00e9ip\u00e9al an Chro\u00ed R\u00f3-Naofa"},"content":{"rendered":"\t\t<div data-elementor-type=\"wp-post\" data-elementor-id=\"1328\" class=\"elementor elementor-1328 elementor-62\" data-elementor-post-type=\"page\">\n\t\t\t\t\t\t<section class=\"elementor-section elementor-top-section elementor-element elementor-element-1233ce8 elementor-section-boxed elementor-section-height-default elementor-section-height-default\" data-id=\"1233ce8\" data-element_type=\"section\">\n\t\t\t\t\t\t<div class=\"elementor-container elementor-column-gap-default\">\n\t\t\t\t\t<div class=\"elementor-column elementor-col-100 elementor-top-column elementor-element elementor-element-88754b3\" data-id=\"88754b3\" data-element_type=\"column\">\n\t\t\t<div class=\"elementor-widget-wrap elementor-element-populated\">\n\t\t\t\t\t\t<div class=\"elementor-element elementor-element-ca95194 elementor-widget elementor-widget-image\" data-id=\"ca95194\" data-element_type=\"widget\" data-widget_type=\"image.default\">\n\t\t\t\t<div class=\"elementor-widget-container\">\n\t\t\t\t\t\t\t\t\t\t\t\t\t\t\t<img fetchpriority=\"high\" decoding=\"async\" width=\"207\" height=\"326\" src=\"https:\/\/diseart.ie\/wp-content\/uploads\/2018\/06\/seipeal_clip_image002.jpg\" class=\"attachment-large size-large wp-image-720\" alt=\"S\u00e9ip\u00e9al an Chro\u00ed R\u00f3-Naofa\" srcset=\"https:\/\/diseart.ie\/wp-content\/uploads\/2018\/06\/seipeal_clip_image002.jpg 207w, https:\/\/diseart.ie\/wp-content\/uploads\/2018\/06\/seipeal_clip_image002-190x300.jpg 190w\" sizes=\"(max-width: 207px) 100vw, 207px\" \/>\t\t\t\t\t\t\t\t\t\t\t\t\t\t\t<\/div>\n\t\t\t\t<\/div>\n\t\t\t\t<div class=\"elementor-element elementor-element-278f365 elementor-widget elementor-widget-text-editor\" data-id=\"278f365\" data-element_type=\"widget\" data-widget_type=\"text-editor.default\">\n\t\t\t\t<div class=\"elementor-widget-container\">\n\t\t\t\t\t\t\t\t\t<p>Seod Nua-Ghotach is ea s\u00e9ip\u00e9al an Chro\u00ed R\u00f3-Naofa. Bhain an t-ailtire J.J. McCarthy (1817-\u201982) feidhm as st\u00edl mhe\u00e1naoiseach a bh\u00ed ag bl\u00e1th\u00fa ar\u00eds ag an am agus mhaisigh s\u00e9 \u00ed sin le tr\u00e9ithe d\u00fachais.<\/p>\n<div>\n<p align=\"center\"><em>S\u00e9ip\u00e9al an Chro\u00ed R\u00f3-Naofa<\/em> <em>The Chapel of the Sacred Heart<\/em><\/p>\n<\/div>\t\t\t\t\t\t\t\t<\/div>\n\t\t\t\t<\/div>\n\t\t\t\t\t<\/div>\n\t\t<\/div>\n\t\t\t\t\t<\/div>\n\t\t<\/section>\n\t\t\t\t<section class=\"elementor-section elementor-top-section elementor-element elementor-element-3a08af5 elementor-section-boxed elementor-section-height-default elementor-section-height-default\" data-id=\"3a08af5\" data-element_type=\"section\">\n\t\t\t\t\t\t<div class=\"elementor-container elementor-column-gap-default\">\n\t\t\t\t\t<div class=\"elementor-column elementor-col-100 elementor-top-column elementor-element elementor-element-a52d3fe\" data-id=\"a52d3fe\" data-element_type=\"column\">\n\t\t\t<div class=\"elementor-widget-wrap elementor-element-populated\">\n\t\t\t\t\t\t<div class=\"elementor-element elementor-element-28bbd8a elementor-widget elementor-widget-text-editor\" data-id=\"28bbd8a\" data-element_type=\"widget\" data-widget_type=\"text-editor.default\">\n\t\t\t\t<div class=\"elementor-widget-container\">\n\t\t\t\t\t\t\t\t\t<p>Is l\u00e1thair shacr\u00e1lta \u00e9 an s\u00e9ip\u00e9al a lonra\u00edonn le heala\u00edn agus le solas a fhuinneoga \u00e1ille gloine daite. Athch\u00f3ir\u00edodh an s\u00e9ip\u00e9al sna 1920aid\u00ed faoi threoir fhlaithi\u00fail na M\u00e1thar \u00cdde N\u00ed Mhaic\u00edn.\u00a0 Chuir lonn\u00fa c\u00e1ir\u00e9iseach fuinneoga Harry\u00a0\u00a0\u00a0 Clarke, fuinneoga a choimisi\u00fain an Mh\u00e1thair \u00cdde ar \u00a31,000 i 1922, an\u00a0 an clabhs\u00far ar an athchoiri\u00fa. L\u00e9ir\u00edonn na fuinneoga seo beatha Chr\u00edost \u00f3na bhreith go dt\u00ed a bh\u00e1s agus a ais\u00e9ir\u00ed le barr eala\u00edne agus \u00e1ille. T\u00e1 an s\u00e9ip\u00e9al t\u00edolactha don Chro\u00ed R\u00f3-Naofa mar at\u00e1 \u00e1 chur in i\u00fal go soil\u00e9ir ag an gCro\u00ed R\u00f3-Naofa, siombal ghr\u00e1 Chr\u00edost d\u00fainn, at\u00e1 snoite go maisi\u00fail ar thosach na halt\u00f3ra agus go glioscarnach ar dhoras an taibearnacail. San fhuinneog d\u00edreach ar ch\u00fal na halt\u00f3ra l\u00e9ir\u00edtear Taibhsi\u00fa an Chro\u00ed R\u00f3-Naofa do Naomh M\u00e1ir\u00e9ad Muire Alacoque. B\u2019\u00e9 R. M. Buitl\u00e9ir a dhear an alt\u00f3ir agus b\u2019\u00e9 George Smith a dhealbhaigh. Duine d\u2019ailtir\u00ed m\u00f3rchl\u00fa eaglaise a linne ab ea Rudolf Maximilian Butler mar ba l\u00e1nainm d\u00f3, agus is \u00e9 leis a dhear foirgneamh Chol\u00e1iste an hOllscoile, \u00c1th Cliath,\u00a0 Halla Ceolchoirme N\u00e1isi\u00fanta an lae inniu. Ceapadh \u00e9 ina ollamh i gceannas ar Roinn na hAiltireachta i gCol\u00e1iste na hOllscoile, \u00c1th Cliath i 1924, post a bh\u00ed aige go b\u00e1s, i 1943. Is \u00e9 an Buitl\u00e9ireach leis a dhear an sanct\u00f3ir. Mhaisigh s\u00e9 uachtar na bhfalla\u00ed le t\u00edleanna de mharmar daite \u00f3n Iod\u00e1il, agus a n-\u00edochtar le ceithre phain\u00e9al fichead le siombail ar leith. Ina measc sin t\u00e1 an crann daire, siombal Ord f\u00e9in na Toibhirte. T\u00e1 ann an fh\u00edni\u00fain, an chail\u00eds, cros Cheilteach, uirlis\u00ed na P\u00e1ise\u2014an chor\u00f3in sp\u00edne, na tairn\u00ed, an tsle\u00e1 agus an sp\u00fainse agus a l\u00e1n siombal eile a chuireann gn\u00e9ithe de ph\u00e1is, de bh\u00e1s agus d\u2019ais\u00e9ir\u00ed sl\u00e1naitheach \u00e1r dTiarna in i\u00fal d\u00fainne inniu, agus a dhein do na mn\u00e1 rialta le linn an Aifrinn agus\u00a0 cheili\u00faradh na dtr\u00e1th. Is geall le \u2018gura maith agaibh a cheardaithe\u2019 an pain\u00e9al deiridh ar chl\u00e9, cas\u00far agus riail. Cuireadh isteach na fuinneoga gloine daite sa sanct\u00f3ir in 1899. Is \u00e9 Comhlacht <em>Franz Mayer Stained Glass of Munich<\/em>, an Ghearm\u00e1in a dhein. B\u2019\u00e9 an comhlacht seo a chuir gloine dhaite i naoi n-ard-eaglais n\u00f3 breis in \u00c9irinn: Doire, Durlas, Leitir Ceanainn, Bealach a\u2019 Doir\u00edn, Port L\u00e1irge, B\u00e9al an \u00c1tha, Inis C\u00f3rthaigh, Ceatharlach agus C\u00f3bh. T\u00e1 a saothar le feiscint i thar ch\u00e9ad ard-eaglais ar fud an domhain agus Baisleac Naomh Peadar sa R\u00f3imh ina measc.<\/p>\t\t\t\t\t\t\t\t<\/div>\n\t\t\t\t<\/div>\n\t\t\t\t\t<\/div>\n\t\t<\/div>\n\t\t\t\t\t<\/div>\n\t\t<\/section>\n\t\t\t\t<section class=\"elementor-section elementor-top-section elementor-element elementor-element-d7b041b elementor-section-boxed elementor-section-height-default elementor-section-height-default\" data-id=\"d7b041b\" data-element_type=\"section\">\n\t\t\t\t\t\t<div class=\"elementor-container elementor-column-gap-default\">\n\t\t\t\t\t<div class=\"elementor-column elementor-col-50 elementor-top-column elementor-element elementor-element-5169ee2\" data-id=\"5169ee2\" data-element_type=\"column\">\n\t\t\t<div class=\"elementor-widget-wrap elementor-element-populated\">\n\t\t\t\t\t\t<div class=\"elementor-element elementor-element-ce39287 elementor-widget elementor-widget-image\" data-id=\"ce39287\" data-element_type=\"widget\" data-widget_type=\"image.default\">\n\t\t\t\t<div class=\"elementor-widget-container\">\n\t\t\t\t\t\t\t\t\t\t\t\t\t\t\t<img decoding=\"async\" width=\"319\" height=\"213\" src=\"https:\/\/diseart.ie\/wp-content\/uploads\/2018\/06\/seipeal_clip_image002_0000.jpg\" class=\"attachment-large size-large wp-image-721\" alt=\"S\u00e9ip\u00e9al an Chro\u00ed R\u00f3-Naofa\" srcset=\"https:\/\/diseart.ie\/wp-content\/uploads\/2018\/06\/seipeal_clip_image002_0000.jpg 319w, https:\/\/diseart.ie\/wp-content\/uploads\/2018\/06\/seipeal_clip_image002_0000-300x200.jpg 300w\" sizes=\"(max-width: 319px) 100vw, 319px\" \/>\t\t\t\t\t\t\t\t\t\t\t\t\t\t\t<\/div>\n\t\t\t\t<\/div>\n\t\t\t\t\t<\/div>\n\t\t<\/div>\n\t\t\t\t<div class=\"elementor-column elementor-col-50 elementor-top-column elementor-element elementor-element-43dd99a\" data-id=\"43dd99a\" data-element_type=\"column\">\n\t\t\t<div class=\"elementor-widget-wrap elementor-element-populated\">\n\t\t\t\t\t\t<div class=\"elementor-element elementor-element-0788850 elementor-widget elementor-widget-text-editor\" data-id=\"0788850\" data-element_type=\"widget\" data-widget_type=\"text-editor.default\">\n\t\t\t\t<div class=\"elementor-widget-container\">\n\t\t\t\t\t\t\t\t\t<p>\u00a0T\u00e1 an ch\u00e9ad fhuinneog ar chl\u00e9, Teachtaireacht an Aingil, t\u00edolactha don d\u00e9irceach Clarissa Hussey at\u00e1 curtha in Eaglais N. Muire taobh le s\u00e9ip\u00e9al na mban rialta tr\u00e1th, ach s\u00e9ip\u00e9al na Naomh-Shacraiminte inniu, mar at\u00e1 r\u00e1ite romhainn. Ar an bhfalla taobh leis an uaigh t\u00e1 plaic i gcuimhne Clara (mar at\u00e1 ar a c\u00f3nra) Hussey. Ar an bhfalla d\u00edreach sall uaidh sin t\u00e1 plaic don Chan\u00f3nach D\u00f3nall \u00d3 S\u00failleabh\u00e1in S.P. an Daingin 1856-1898. Ba mh\u00f3r an chabhair don chlochar an \u00a32,500 a d\u2019fh\u00e1g s\u00e9 le huacht acu. Is d\u00f3 at\u00e1 an fhuinneog ar dheis fhuinneog an Chro\u00ed R\u00f3-Naofa t\u00edolactha .i. \u00a0fuinneog an Teaghlaigh Naofa. Toirbhirt Mhuire sa Teampall a bhfuil baint chomh m\u00f3r sin aige le misean Ord na Toirbhirte at\u00e1 sa dara fuinneog ar chl\u00e9. \u2019S\u00e9 at\u00e1 sa phicti\u00far deirineach ar dheis n\u00e1 T\u00f3g\u00e1il na Maighdine Muire suas ar Neamh, agus na hAspail, de r\u00e9ir traidisi\u00fain, ag f\u00e9achaint isteach ina c\u00f3nra; t\u00e1 sin follamh seachas bl\u00e1thanna.<\/p>\t\t\t\t\t\t\t\t<\/div>\n\t\t\t\t<\/div>\n\t\t\t\t\t<\/div>\n\t\t<\/div>\n\t\t\t\t\t<\/div>\n\t\t<\/section>\n\t\t\t\t<\/div>\n\t\t","protected":false},"excerpt":{"rendered":"<p>Seod Nua-Ghotach is ea s\u00e9ip\u00e9al an Chro\u00ed R\u00f3-Naofa. Bhain an t-ailtire J.J. McCarthy (1817-\u201982) feidhm as st\u00edl mhe\u00e1naoiseach a bh\u00ed ag bl\u00e1th\u00fa ar\u00eds ag an am agus mhaisigh s\u00e9 \u00ed sin le tr\u00e9ithe d\u00fachais. S\u00e9ip\u00e9al an Chro\u00ed R\u00f3-Naofa The Chapel of the Sacred Heart Is l\u00e1thair shacr\u00e1lta \u00e9 an s\u00e9ip\u00e9al a lonra\u00edonn le heala\u00edn agus [&hellip;]<\/p>\n","protected":false},"author":4,"featured_media":0,"parent":0,"menu_order":0,"comment_status":"closed","ping_status":"closed","template":"","meta":{"om_disable_all_campaigns":false,"_monsterinsights_skip_tracking":false,"_monsterinsights_sitenote_active":false,"_monsterinsights_sitenote_note":"","_monsterinsights_sitenote_category":0,"_uf_show_specific_survey":0,"_uf_disable_surveys":false,"ocean_post_layout":"","ocean_both_sidebars_style":"","ocean_both_sidebars_content_width":0,"ocean_both_sidebars_sidebars_width":0,"ocean_sidebar":"0","ocean_second_sidebar":"0","ocean_disable_margins":"enable","ocean_add_body_class":"","ocean_shortcode_before_top_bar":"","ocean_shortcode_after_top_bar":"","ocean_shortcode_before_header":"","ocean_shortcode_after_header":"","ocean_has_shortcode":"","ocean_shortcode_after_title":"","ocean_shortcode_before_footer_widgets":"","ocean_shortcode_after_footer_widgets":"","ocean_shortcode_before_footer_bottom":"","ocean_shortcode_after_footer_bottom":"","ocean_display_top_bar":"default","ocean_display_header":"default","ocean_header_style":"","ocean_center_header_left_menu":"0","ocean_custom_header_template":"0","ocean_custom_logo":0,"ocean_custom_retina_logo":0,"ocean_custom_logo_max_width":0,"ocean_custom_logo_tablet_max_width":0,"ocean_custom_logo_mobile_max_width":0,"ocean_custom_logo_max_height":0,"ocean_custom_logo_tablet_max_height":0,"ocean_custom_logo_mobile_max_height":0,"ocean_header_custom_menu":"0","ocean_menu_typo_font_family":"0","ocean_menu_typo_font_subset":"","ocean_menu_typo_font_size":0,"ocean_menu_typo_font_size_tablet":0,"ocean_menu_typo_font_size_mobile":0,"ocean_menu_typo_font_size_unit":"px","ocean_menu_typo_font_weight":"","ocean_menu_typo_font_weight_tablet":"","ocean_menu_typo_font_weight_mobile":"","ocean_menu_typo_transform":"","ocean_menu_typo_transform_tablet":"","ocean_menu_typo_transform_mobile":"","ocean_menu_typo_line_height":0,"ocean_menu_typo_line_height_tablet":0,"ocean_menu_typo_line_height_mobile":0,"ocean_menu_typo_line_height_unit":"","ocean_menu_typo_spacing":0,"ocean_menu_typo_spacing_tablet":0,"ocean_menu_typo_spacing_mobile":0,"ocean_menu_typo_spacing_unit":"","ocean_menu_link_color":"","ocean_menu_link_color_hover":"","ocean_menu_link_color_active":"","ocean_menu_link_background":"","ocean_menu_link_hover_background":"","ocean_menu_link_active_background":"","ocean_menu_social_links_bg":"","ocean_menu_social_hover_links_bg":"","ocean_menu_social_links_color":"","ocean_menu_social_hover_links_color":"","ocean_disable_title":"default","ocean_disable_heading":"default","ocean_post_title":"","ocean_post_subheading":"","ocean_post_title_style":"","ocean_post_title_background_color":"","ocean_post_title_background":0,"ocean_post_title_bg_image_position":"","ocean_post_title_bg_image_attachment":"","ocean_post_title_bg_image_repeat":"","ocean_post_title_bg_image_size":"","ocean_post_title_height":0,"ocean_post_title_bg_overlay":0.5,"ocean_post_title_bg_overlay_color":"","ocean_disable_breadcrumbs":"default","ocean_breadcrumbs_color":"","ocean_breadcrumbs_separator_color":"","ocean_breadcrumbs_links_color":"","ocean_breadcrumbs_links_hover_color":"","ocean_display_footer_widgets":"default","ocean_display_footer_bottom":"default","ocean_custom_footer_template":"0","footnotes":""},"class_list":["post-1328","page","type-page","status-publish","hentry","entry","owp-thumbs-layout-horizontal","owp-btn-normal","owp-tabs-layout-horizontal","has-no-thumbnails","has-product-nav"],"aioseo_notices":[],"yoast_head":"<!-- This site is optimized with the Yoast SEO plugin v26.4 - https:\/\/yoast.com\/wordpress\/plugins\/seo\/ -->\n<title>S\u00e9ip\u00e9al an Chro\u00ed R\u00f3-Naofa - D\u00edseart Institute of Irish Spirituality and Culture in Dingle<\/title>\n<meta name=\"robots\" content=\"index, follow, max-snippet:-1, max-image-preview:large, max-video-preview:-1\" \/>\n<link rel=\"canonical\" href=\"https:\/\/diseart.ie\/ga\/seipeal-an-chroi-ro-naofa-2\/\" \/>\n<meta property=\"og:locale\" content=\"ga_IE\" \/>\n<meta property=\"og:type\" content=\"article\" \/>\n<meta property=\"og:title\" content=\"S\u00e9ip\u00e9al an Chro\u00ed R\u00f3-Naofa - D\u00edseart Institute of Irish Spirituality and Culture in Dingle\" \/>\n<meta property=\"og:description\" content=\"Seod Nua-Ghotach is ea s\u00e9ip\u00e9al an Chro\u00ed R\u00f3-Naofa. Bhain an t-ailtire J.J. McCarthy (1817-\u201982) feidhm as st\u00edl mhe\u00e1naoiseach a bh\u00ed ag bl\u00e1th\u00fa ar\u00eds ag an am agus mhaisigh s\u00e9 \u00ed sin le tr\u00e9ithe d\u00fachais. S\u00e9ip\u00e9al an Chro\u00ed R\u00f3-Naofa The Chapel of the Sacred Heart Is l\u00e1thair shacr\u00e1lta \u00e9 an s\u00e9ip\u00e9al a lonra\u00edonn le heala\u00edn agus [&hellip;]\" \/>\n<meta property=\"og:url\" content=\"https:\/\/diseart.ie\/ga\/seipeal-an-chroi-ro-naofa-2\/\" \/>\n<meta property=\"og:site_name\" content=\"D\u00edseart Institute of Irish Spirituality and Culture in Dingle\" \/>\n<meta property=\"article:publisher\" content=\"https:\/\/www.facebook.com\/An-D%c3%adseart-262189877130385\/?ref=br_rs\" \/>\n<meta property=\"article:modified_time\" content=\"2021-06-02T16:54:37+00:00\" \/>\n<meta property=\"og:image\" content=\"https:\/\/diseart.ie\/wp-content\/uploads\/2018\/06\/seipeal_clip_image002.jpg\" \/>\n<meta name=\"twitter:card\" content=\"summary_large_image\" \/>\n<meta name=\"twitter:label1\" content=\"Est. reading time\" \/>\n\t<meta name=\"twitter:data1\" content=\"3 minutes\" \/>\n<script type=\"application\/ld+json\" class=\"yoast-schema-graph\">{\"@context\":\"https:\/\/schema.org\",\"@graph\":[{\"@type\":\"WebPage\",\"@id\":\"https:\/\/diseart.ie\/ga\/seipeal-an-chroi-ro-naofa-2\/\",\"url\":\"https:\/\/diseart.ie\/ga\/seipeal-an-chroi-ro-naofa-2\/\",\"name\":\"S\u00e9ip\u00e9al an Chro\u00ed R\u00f3-Naofa - D\u00edseart Institute of Irish Spirituality and Culture in Dingle\",\"isPartOf\":{\"@id\":\"https:\/\/diseart.ie\/#website\"},\"primaryImageOfPage\":{\"@id\":\"https:\/\/diseart.ie\/ga\/seipeal-an-chroi-ro-naofa-2\/#primaryimage\"},\"image\":{\"@id\":\"https:\/\/diseart.ie\/ga\/seipeal-an-chroi-ro-naofa-2\/#primaryimage\"},\"thumbnailUrl\":\"https:\/\/diseart.ie\/wp-content\/uploads\/2018\/06\/seipeal_clip_image002.jpg\",\"datePublished\":\"2020-12-15T18:31:37+00:00\",\"dateModified\":\"2021-06-02T16:54:37+00:00\",\"breadcrumb\":{\"@id\":\"https:\/\/diseart.ie\/ga\/seipeal-an-chroi-ro-naofa-2\/#breadcrumb\"},\"inLanguage\":\"ga-IE\",\"potentialAction\":[{\"@type\":\"ReadAction\",\"target\":[\"https:\/\/diseart.ie\/ga\/seipeal-an-chroi-ro-naofa-2\/\"]}]},{\"@type\":\"ImageObject\",\"inLanguage\":\"ga-IE\",\"@id\":\"https:\/\/diseart.ie\/ga\/seipeal-an-chroi-ro-naofa-2\/#primaryimage\",\"url\":\"https:\/\/diseart.ie\/wp-content\/uploads\/2018\/06\/seipeal_clip_image002.jpg\",\"contentUrl\":\"https:\/\/diseart.ie\/wp-content\/uploads\/2018\/06\/seipeal_clip_image002.jpg\"},{\"@type\":\"BreadcrumbList\",\"@id\":\"https:\/\/diseart.ie\/ga\/seipeal-an-chroi-ro-naofa-2\/#breadcrumb\",\"itemListElement\":[{\"@type\":\"ListItem\",\"position\":1,\"name\":\"Home\",\"item\":\"https:\/\/diseart.ie\/ga\/\"},{\"@type\":\"ListItem\",\"position\":2,\"name\":\"S\u00e9ip\u00e9al an Chro\u00ed R\u00f3-Naofa\"}]},{\"@type\":\"WebSite\",\"@id\":\"https:\/\/diseart.ie\/#website\",\"url\":\"https:\/\/diseart.ie\/\",\"name\":\"D\u00edseart Institute of Irish Spirituality and Culture in Dingle\",\"description\":\"Dingle, Kerry, Ireland\",\"publisher\":{\"@id\":\"https:\/\/diseart.ie\/#organization\"},\"potentialAction\":[{\"@type\":\"SearchAction\",\"target\":{\"@type\":\"EntryPoint\",\"urlTemplate\":\"https:\/\/diseart.ie\/?s={search_term_string}\"},\"query-input\":{\"@type\":\"PropertyValueSpecification\",\"valueRequired\":true,\"valueName\":\"search_term_string\"}}],\"inLanguage\":\"ga-IE\"},{\"@type\":\"Organization\",\"@id\":\"https:\/\/diseart.ie\/#organization\",\"name\":\"D\u00edseart Centre of Irish Spirituality and Culture\",\"url\":\"https:\/\/diseart.ie\/\",\"logo\":{\"@type\":\"ImageObject\",\"inLanguage\":\"ga-IE\",\"@id\":\"https:\/\/diseart.ie\/#\/schema\/logo\/image\/\",\"url\":\"http:\/\/diseart.ie\/wp-content\/uploads\/2018\/06\/diseart-logo-v2.png\",\"contentUrl\":\"http:\/\/diseart.ie\/wp-content\/uploads\/2018\/06\/diseart-logo-v2.png\",\"width\":400,\"height\":150,\"caption\":\"D\u00edseart Centre of Irish Spirituality and Culture\"},\"image\":{\"@id\":\"https:\/\/diseart.ie\/#\/schema\/logo\/image\/\"},\"sameAs\":[\"https:\/\/www.facebook.com\/An-D\u00edseart-262189877130385\/?ref=br_rs\"]}]}<\/script>\n<!-- \/ Yoast SEO plugin. -->","yoast_head_json":{"title":"S\u00e9ip\u00e9al an Chro\u00ed R\u00f3-Naofa - D\u00edseart Institute of Irish Spirituality and Culture in Dingle","robots":{"index":"index","follow":"follow","max-snippet":"max-snippet:-1","max-image-preview":"max-image-preview:large","max-video-preview":"max-video-preview:-1"},"canonical":"https:\/\/diseart.ie\/ga\/seipeal-an-chroi-ro-naofa-2\/","og_locale":"ga_IE","og_type":"article","og_title":"S\u00e9ip\u00e9al an Chro\u00ed R\u00f3-Naofa - D\u00edseart Institute of Irish Spirituality and Culture in Dingle","og_description":"Seod Nua-Ghotach is ea s\u00e9ip\u00e9al an Chro\u00ed R\u00f3-Naofa. Bhain an t-ailtire J.J. McCarthy (1817-\u201982) feidhm as st\u00edl mhe\u00e1naoiseach a bh\u00ed ag bl\u00e1th\u00fa ar\u00eds ag an am agus mhaisigh s\u00e9 \u00ed sin le tr\u00e9ithe d\u00fachais. S\u00e9ip\u00e9al an Chro\u00ed R\u00f3-Naofa The Chapel of the Sacred Heart Is l\u00e1thair shacr\u00e1lta \u00e9 an s\u00e9ip\u00e9al a lonra\u00edonn le heala\u00edn agus [&hellip;]","og_url":"https:\/\/diseart.ie\/ga\/seipeal-an-chroi-ro-naofa-2\/","og_site_name":"D\u00edseart Institute of Irish Spirituality and Culture in Dingle","article_publisher":"https:\/\/www.facebook.com\/An-D%c3%adseart-262189877130385\/?ref=br_rs","article_modified_time":"2021-06-02T16:54:37+00:00","og_image":[{"url":"https:\/\/diseart.ie\/wp-content\/uploads\/2018\/06\/seipeal_clip_image002.jpg","type":"","width":"","height":""}],"twitter_card":"summary_large_image","twitter_misc":{"Est. reading time":"3 minutes"},"schema":{"@context":"https:\/\/schema.org","@graph":[{"@type":"WebPage","@id":"https:\/\/diseart.ie\/ga\/seipeal-an-chroi-ro-naofa-2\/","url":"https:\/\/diseart.ie\/ga\/seipeal-an-chroi-ro-naofa-2\/","name":"S\u00e9ip\u00e9al an Chro\u00ed R\u00f3-Naofa - D\u00edseart Institute of Irish Spirituality and Culture in Dingle","isPartOf":{"@id":"https:\/\/diseart.ie\/#website"},"primaryImageOfPage":{"@id":"https:\/\/diseart.ie\/ga\/seipeal-an-chroi-ro-naofa-2\/#primaryimage"},"image":{"@id":"https:\/\/diseart.ie\/ga\/seipeal-an-chroi-ro-naofa-2\/#primaryimage"},"thumbnailUrl":"https:\/\/diseart.ie\/wp-content\/uploads\/2018\/06\/seipeal_clip_image002.jpg","datePublished":"2020-12-15T18:31:37+00:00","dateModified":"2021-06-02T16:54:37+00:00","breadcrumb":{"@id":"https:\/\/diseart.ie\/ga\/seipeal-an-chroi-ro-naofa-2\/#breadcrumb"},"inLanguage":"ga-IE","potentialAction":[{"@type":"ReadAction","target":["https:\/\/diseart.ie\/ga\/seipeal-an-chroi-ro-naofa-2\/"]}]},{"@type":"ImageObject","inLanguage":"ga-IE","@id":"https:\/\/diseart.ie\/ga\/seipeal-an-chroi-ro-naofa-2\/#primaryimage","url":"https:\/\/diseart.ie\/wp-content\/uploads\/2018\/06\/seipeal_clip_image002.jpg","contentUrl":"https:\/\/diseart.ie\/wp-content\/uploads\/2018\/06\/seipeal_clip_image002.jpg"},{"@type":"BreadcrumbList","@id":"https:\/\/diseart.ie\/ga\/seipeal-an-chroi-ro-naofa-2\/#breadcrumb","itemListElement":[{"@type":"ListItem","position":1,"name":"Home","item":"https:\/\/diseart.ie\/ga\/"},{"@type":"ListItem","position":2,"name":"S\u00e9ip\u00e9al an Chro\u00ed R\u00f3-Naofa"}]},{"@type":"WebSite","@id":"https:\/\/diseart.ie\/#website","url":"https:\/\/diseart.ie\/","name":"D\u00edseart Institute of Irish Spirituality and Culture in Dingle","description":"Dingle, Kerry, Ireland","publisher":{"@id":"https:\/\/diseart.ie\/#organization"},"potentialAction":[{"@type":"SearchAction","target":{"@type":"EntryPoint","urlTemplate":"https:\/\/diseart.ie\/?s={search_term_string}"},"query-input":{"@type":"PropertyValueSpecification","valueRequired":true,"valueName":"search_term_string"}}],"inLanguage":"ga-IE"},{"@type":"Organization","@id":"https:\/\/diseart.ie\/#organization","name":"D\u00edseart Centre of Irish Spirituality and Culture","url":"https:\/\/diseart.ie\/","logo":{"@type":"ImageObject","inLanguage":"ga-IE","@id":"https:\/\/diseart.ie\/#\/schema\/logo\/image\/","url":"http:\/\/diseart.ie\/wp-content\/uploads\/2018\/06\/diseart-logo-v2.png","contentUrl":"http:\/\/diseart.ie\/wp-content\/uploads\/2018\/06\/diseart-logo-v2.png","width":400,"height":150,"caption":"D\u00edseart Centre of Irish Spirituality and Culture"},"image":{"@id":"https:\/\/diseart.ie\/#\/schema\/logo\/image\/"},"sameAs":["https:\/\/www.facebook.com\/An-D\u00edseart-262189877130385\/?ref=br_rs"]}]}},"_links":{"self":[{"href":"https:\/\/diseart.ie\/ga\/wp-json\/wp\/v2\/pages\/1328","targetHints":{"allow":["GET"]}}],"collection":[{"href":"https:\/\/diseart.ie\/ga\/wp-json\/wp\/v2\/pages"}],"about":[{"href":"https:\/\/diseart.ie\/ga\/wp-json\/wp\/v2\/types\/page"}],"author":[{"embeddable":true,"href":"https:\/\/diseart.ie\/ga\/wp-json\/wp\/v2\/users\/4"}],"replies":[{"embeddable":true,"href":"https:\/\/diseart.ie\/ga\/wp-json\/wp\/v2\/comments?post=1328"}],"version-history":[{"count":7,"href":"https:\/\/diseart.ie\/ga\/wp-json\/wp\/v2\/pages\/1328\/revisions"}],"predecessor-version":[{"id":1462,"href":"https:\/\/diseart.ie\/ga\/wp-json\/wp\/v2\/pages\/1328\/revisions\/1462"}],"wp:attachment":[{"href":"https:\/\/diseart.ie\/ga\/wp-json\/wp\/v2\/media?parent=1328"}],"curies":[{"name":"wp","href":"https:\/\/api.w.org\/{rel}","templated":true}]}}